{"id":5991,"date":"2021-04-01T09:05:06","date_gmt":"2021-04-01T09:05:06","guid":{"rendered":"https:\/\/unruffled-liskov.212-227-213-12.plesk.page\/produkt\/alpha-trophox112-hand-cream\/"},"modified":"2023-07-13T13:07:22","modified_gmt":"2023-07-13T11:07:22","slug":"alpha-trophox112-hand-cream","status":"publish","type":"product","link":"https:\/\/medical-spirit-of-beauty.de\/fr\/produkt\/alpha-trophox112-hand-cream\/","title":{"rendered":"Alpha-Trophox112<sup>\u00ae<\/sup><br> Hand Cream"},"content":{"rendered":"<p>Cr\u00e8me anti-\u00e2ge pour les mains ultra-concentr\u00e9e, protectrice et intens\u00e9ment nourrissante avec le complexe ALPHA AC3 Repair con\u00e7u par MSB<sup>\u00ae<\/sup> Cosmeceuticals.<\/p>\n<p>Groupe cible:<br \/>\nPour les peaux normales et s\u00e8ches<\/p>\n<p>L&#8217;utilisation du produit peut donner des r\u00e9sultats diff\u00e9rents selon le type de peau. Il peut donc y avoir des \u00e9carts par rapport au r\u00e9sultat ou les r\u00e9sultats peuvent varier d&#8217;une personne \u00e0 l&#8217;autre.<\/p>\n","protected":false},"excerpt":{"rendered":"<p>Cr\u00e8me anti-\u00e2ge pour les mains ultra-concentr\u00e9e, protectrice et intens\u00e9ment nourrissante avec le complexe ALPHA AC3 Repair con\u00e7u par MSB<sup>\u00ae<\/sup> Cosmeceuticals.<\/p>\n<ul>\n<li>Il affine l&#8217;aspect de la peau<\/li>\n<li>Emp\u00eache le vieillissement pr\u00e9matur\u00e9 de la peau<\/li>\n<li>Prot\u00e8ge intens\u00e9ment contre la perte d&#8217;hydratation<\/li>\n<li>Rend la peau plus lisse, douce et souple<\/li>\n<\/ul>\n","protected":false},"featured_media":12237,"comment_status":"open","ping_status":"closed","template":"","meta":{"site-sidebar-layout":"default","site-content-layout":"default","ast-site-content-layout":"","site-content-style":"default","site-sidebar-style":"default","ast-global-header-display":"","ast-banner-title-visibility":"","ast-main-header-display":"","ast-hfb-above-header-display":"","ast-hfb-below-header-display":"","ast-hfb-mobile-header-display":"","site-post-title":"","ast-breadcrumbs-content":"","ast-featured-img":"","footer-sml-layout":"","theme-transparent-header-meta":"default","adv-header-id-meta":"","stick-header-meta":"","header-above-stick-meta":"","header-main-stick-meta":"","header-below-stick-meta":"","astra-migrate-meta-layouts":"default","ast-page-background-enabled":"default","ast-page-background-meta":{"desktop":{"background-color":"","background-image":"","background-repeat":"repeat","background-position":"center center","background-size":"auto","background-attachment":"scroll","background-type":"","background-media":"","overlay-type":"","overlay-color":"","overlay-opacity":"","overlay-gradient":""},"tablet":{"background-color":"","background-image":"","background-repeat":"repeat","background-position":"center center","background-size":"auto","background-attachment":"scroll","background-type":"","background-media":"","overlay-type":"","overlay-color":"","overlay-opacity":"","overlay-gradient":""},"mobile":{"background-color":"","background-image":"","background-repeat":"repeat","background-position":"center center","background-size":"auto","background-attachment":"scroll","background-type":"","background-media":"","overlay-type":"","overlay-color":"","overlay-opacity":"","overlay-gradient":""}},"ast-content-background-meta":{"desktop":{"background-color":"var(--ast-global-color-5)","background-image":"","background-repeat":"repeat","background-position":"center center","background-size":"auto","background-attachment":"scroll","background-type":"","background-media":"","overlay-type":"","overlay-color":"","overlay-opacity":"","overlay-gradient":""},"tablet":{"background-color":"var(--ast-global-color-5)","background-image":"","background-repeat":"repeat","background-position":"center center","background-size":"auto","background-attachment":"scroll","background-type":"","background-media":"","overlay-type":"","overlay-color":"","overlay-opacity":"","overlay-gradient":""},"mobile":{"background-color":"var(--ast-global-color-5)","background-image":"","background-repeat":"repeat","background-position":"center center","background-size":"auto","background-attachment":"scroll","background-type":"","background-media":"","overlay-type":"","overlay-color":"","overlay-opacity":"","overlay-gradient":""}},"wds_primary_product_brand":0,"wds_primary_product_delivery_times":0,"wds_primary_product_sale_labels":0,"wds_primary_product_cat":0},"product_brand":[],"product_cat":[150,199],"product_tag":[],"class_list":{"0":"post-5991","1":"product","2":"type-product","3":"status-publish","4":"has-post-thumbnail","6":"product_cat-alpha-trophox112-fr","7":"product_cat-repair-care-fr","8":"pa_eigenschaften-anti-aging-fr","9":"pa_eigenschaften-anti-pigment-fr","10":"pa_eigenschaften-feuchtigkeitsspendend-fr","11":"pa_eigenschaften-glaettend-fr","12":"pa_hauttyp-haende-fr","13":"pa_hauttyp-fettige-haut-fr","14":"pa_hauttyp-unreine-haut-fr","15":"pa_hauttyp-reife-haut-fr","16":"pa_hauttyp-mischhaut-fr","17":"pa_hauttyp-normale-haut-fr","18":"pa_hauttyp-pigmentierte-haut-fr","19":"pa_hauttyp-trockene-haut-fr","20":"pa_hauttyp-empfindliche-haut-fr","21":"pa_zielgruppe-frau-fr","22":"pa_zielgruppe-mann-fr","23":"pa_zielgruppe-unisex-fr","24":"desktop-align-left","25":"tablet-align-left","26":"mobile-align-left","28":"first","29":"instock","30":"taxable","31":"shipping-taxable","32":"purchasable","33":"product-type-simple"},"wpr_featured_image":["https:\/\/medical-spirit-of-beauty.de\/wp-content\/uploads\/2021\/04\/01513_AlphaTrophoxHandCream_100ml_1221-150x150.png",150,150,true],"_links":{"self":[{"href":"https:\/\/medical-spirit-of-beauty.de\/fr\/wp-json\/wp\/v2\/product\/5991","targetHints":{"allow":["GET"]}}],"collection":[{"href":"https:\/\/medical-spirit-of-beauty.de\/fr\/wp-json\/wp\/v2\/product"}],"about":[{"href":"https:\/\/medical-spirit-of-beauty.de\/fr\/wp-json\/wp\/v2\/types\/product"}],"replies":[{"embeddable":true,"href":"https:\/\/medical-spirit-of-beauty.de\/fr\/wp-json\/wp\/v2\/comments?post=5991"}],"wp:featuredmedia":[{"embeddable":true,"href":"https:\/\/medical-spirit-of-beauty.de\/fr\/wp-json\/wp\/v2\/media\/12237"}],"wp:attachment":[{"href":"https:\/\/medical-spirit-of-beauty.de\/fr\/wp-json\/wp\/v2\/media?parent=5991"}],"wp:term":[{"taxonomy":"product_brand","embeddable":true,"href":"https:\/\/medical-spirit-of-beauty.de\/fr\/wp-json\/wp\/v2\/product_brand?post=5991"},{"taxonomy":"product_cat","embeddable":true,"href":"https:\/\/medical-spirit-of-beauty.de\/fr\/wp-json\/wp\/v2\/product_cat?post=5991"},{"taxonomy":"product_tag","embeddable":true,"href":"https:\/\/medical-spirit-of-beauty.de\/fr\/wp-json\/wp\/v2\/product_tag?post=5991"}],"curies":[{"name":"wp","href":"https:\/\/api.w.org\/{rel}","templated":true}]}}