{"id":5983,"date":"2021-04-01T08:52:55","date_gmt":"2021-04-01T08:52:55","guid":{"rendered":"https:\/\/unruffled-liskov.212-227-213-12.plesk.page\/produkt\/quick-clean-eye-make-up-remover\/"},"modified":"2022-01-24T16:57:31","modified_gmt":"2022-01-24T14:57:31","slug":"quick-clean-eye-make-up-remover","status":"publish","type":"product","link":"https:\/\/medical-spirit-of-beauty.de\/fr\/produkt\/quick-clean-eye-make-up-remover\/","title":{"rendered":"Quick &#038; Clean Eye Make-up Remover"},"content":{"rendered":"<p>M\u00eame le plus beau maquillage des yeux doit \u00eatre retir\u00e9 \u00e0 un moment ou \u00e0 un autre, or m\u00eame en prenant toutes les pr\u00e9cautions le soir, les yeux de panda sont g\u00e9n\u00e9ralement pr\u00e9programm\u00e9s. Restes de maquillage au coin de l&#8217;\u0153il, traces de kh\u00f4l , grumeaux de mascara dans les cils &#8211; avec la bonne technique et un bon produit, ces traces ind\u00e9licates font d\u00e9sormais partie du pass\u00e9.<\/p>\n<p>Particularit\u00e9<br \/>\nAdapt\u00e9 aux porteurs de lentilles de contact. Exempt de PEG, parab\u00e8nes, d&#8217;huile min\u00e9rale et de parfum.<\/p>\n<p>Agiter avant application!<\/p>\n","protected":false},"excerpt":{"rendered":"<p>Liquide biphas\u00e9 ultra doux pour un d\u00e9maquillage complet des yeux et du rouge \u00e0 l\u00e8vres.<\/p>\n<ul>\n<li>Nettoie en douceur et de mani\u00e8re fiable<\/li>\n<li>Nourrit et apaise la peau sensible de la r\u00e9gion des yeux<\/li>\n<li>A un effet hydratant et donne un \u00e9clat satin\u00e9 aux cils<\/li>\n<li>Pr\u00e9vient gonflement et rougeur par frottements<\/li>\n<\/ul>\n","protected":false},"featured_media":11082,"comment_status":"open","ping_status":"closed","template":"","meta":{"site-sidebar-layout":"default","site-content-layout":"default","ast-site-content-layout":"","site-content-style":"default","site-sidebar-style":"default","ast-global-header-display":"","ast-banner-title-visibility":"","ast-main-header-display":"","ast-hfb-above-header-display":"","ast-hfb-below-header-display":"","ast-hfb-mobile-header-display":"","site-post-title":"","ast-breadcrumbs-content":"","ast-featured-img":"","footer-sml-layout":"","theme-transparent-header-meta":"default","adv-header-id-meta":"","stick-header-meta":"","header-above-stick-meta":"","header-main-stick-meta":"","header-below-stick-meta":"","astra-migrate-meta-layouts":"default","ast-page-background-enabled":"default","ast-page-background-meta":{"desktop":{"background-color":"","background-image":"","background-repeat":"repeat","background-position":"center center","background-size":"auto","background-attachment":"scroll","background-type":"","background-media":"","overlay-type":"","overlay-color":"","overlay-opacity":"","overlay-gradient":""},"tablet":{"background-color":"","background-image":"","background-repeat":"repeat","background-position":"center center","background-size":"auto","background-attachment":"scroll","background-type":"","background-media":"","overlay-type":"","overlay-color":"","overlay-opacity":"","overlay-gradient":""},"mobile":{"background-color":"","background-image":"","background-repeat":"repeat","background-position":"center center","background-size":"auto","background-attachment":"scroll","background-type":"","background-media":"","overlay-type":"","overlay-color":"","overlay-opacity":"","overlay-gradient":""}},"ast-content-background-meta":{"desktop":{"background-color":"var(--ast-global-color-5)","background-image":"","background-repeat":"repeat","background-position":"center center","background-size":"auto","background-attachment":"scroll","background-type":"","background-media":"","overlay-type":"","overlay-color":"","overlay-opacity":"","overlay-gradient":""},"tablet":{"background-color":"var(--ast-global-color-5)","background-image":"","background-repeat":"repeat","background-position":"center center","background-size":"auto","background-attachment":"scroll","background-type":"","background-media":"","overlay-type":"","overlay-color":"","overlay-opacity":"","overlay-gradient":""},"mobile":{"background-color":"var(--ast-global-color-5)","background-image":"","background-repeat":"repeat","background-position":"center center","background-size":"auto","background-attachment":"scroll","background-type":"","background-media":"","overlay-type":"","overlay-color":"","overlay-opacity":"","overlay-gradient":""}},"wds_primary_product_brand":0,"wds_primary_product_delivery_times":0,"wds_primary_product_sale_labels":0,"wds_primary_product_cat":0},"product_brand":[],"product_cat":[252,262],"product_tag":[],"class_list":{"0":"post-5983","1":"product","2":"type-product","3":"status-publish","4":"has-post-thumbnail","6":"product_cat-basic-care-fr","7":"product_cat-basis-line-fr","8":"pa_eigenschaften-beruhigend-fr","9":"pa_eigenschaften-feuchtigkeitsspendend-fr","10":"pa_eigenschaften-reinigend-fr","11":"pa_hauttyp-fettige-haut-fr","12":"pa_hauttyp-unreine-haut-fr","13":"pa_hauttyp-reife-haut-fr","14":"pa_hauttyp-mischhaut-fr","15":"pa_hauttyp-normale-haut-fr","16":"pa_hauttyp-pigmentierte-haut-fr","17":"pa_hauttyp-trockene-haut-fr","18":"pa_hauttyp-empfindliche-haut-fr","19":"pa_zielgruppe-teenager-fr","20":"pa_zielgruppe-frau-fr","21":"pa_zielgruppe-unisex-fr","22":"desktop-align-left","23":"tablet-align-left","24":"mobile-align-left","26":"first","27":"instock","28":"taxable","29":"shipping-taxable","30":"purchasable","31":"product-type-simple"},"wpr_featured_image":["https:\/\/medical-spirit-of-beauty.de\/wp-content\/uploads\/2021\/04\/01247_QuickCleanEyeMakeupRemover_150ml_1221-150x150.png",150,150,true],"_links":{"self":[{"href":"https:\/\/medical-spirit-of-beauty.de\/fr\/wp-json\/wp\/v2\/product\/5983","targetHints":{"allow":["GET"]}}],"collection":[{"href":"https:\/\/medical-spirit-of-beauty.de\/fr\/wp-json\/wp\/v2\/product"}],"about":[{"href":"https:\/\/medical-spirit-of-beauty.de\/fr\/wp-json\/wp\/v2\/types\/product"}],"replies":[{"embeddable":true,"href":"https:\/\/medical-spirit-of-beauty.de\/fr\/wp-json\/wp\/v2\/comments?post=5983"}],"wp:featuredmedia":[{"embeddable":true,"href":"https:\/\/medical-spirit-of-beauty.de\/fr\/wp-json\/wp\/v2\/media\/11082"}],"wp:attachment":[{"href":"https:\/\/medical-spirit-of-beauty.de\/fr\/wp-json\/wp\/v2\/media?parent=5983"}],"wp:term":[{"taxonomy":"product_brand","embeddable":true,"href":"https:\/\/medical-spirit-of-beauty.de\/fr\/wp-json\/wp\/v2\/product_brand?post=5983"},{"taxonomy":"product_cat","embeddable":true,"href":"https:\/\/medical-spirit-of-beauty.de\/fr\/wp-json\/wp\/v2\/product_cat?post=5983"},{"taxonomy":"product_tag","embeddable":true,"href":"https:\/\/medical-spirit-of-beauty.de\/fr\/wp-json\/wp\/v2\/product_tag?post=5983"}],"curies":[{"name":"wp","href":"https:\/\/api.w.org\/{rel}","templated":true}]}}