{"id":5972,"date":"2021-04-01T08:52:55","date_gmt":"2021-04-01T08:52:55","guid":{"rendered":"https:\/\/unruffled-liskov.212-227-213-12.plesk.page\/produkt\/tonic-1\/"},"modified":"2023-07-19T16:53:16","modified_gmt":"2023-07-19T14:53:16","slug":"tonic-1","status":"publish","type":"product","link":"https:\/\/medical-spirit-of-beauty.de\/fr\/produkt\/tonic-1\/","title":{"rendered":"Tonic 1+"},"content":{"rendered":"<p>Qu&#8217;il s&#8217;agisse d&#8217;une peau s\u00e8che, grasse ou impure, pour un nettoyage en profondeur du visage, les lotions toniques font partie int\u00e9grante de la routine de soins. Ils garantissent une peau nette, combattent les boutons, calment les rougeurs et peuvent m\u00eame prot\u00e9ger contre le vieillissement de la peau. Un multitalent en mati\u00e8re de soins !<\/p>\n<p>Une lotion stimulante et rafra\u00eechissante qui r\u00e9gule et favorise le taux d\u2018hydratation de la peau.<\/p>\n<p>&nbsp;<\/p>\n<ul>\n<li>Neutralise les effets de l\u2018eau dure<\/li>\n<li>Pr\u00eate fra\u00eecheur et bien-\u00eatre \u00e0 la peau<\/li>\n<li>Revitalise la peau fatigu\u00e9e<\/li>\n<li>Peut \u00e9galement \u00eatre model\u00e9 sur le maquillage, donnant un \u00ab coup de fra\u00eecheur \u00bb id\u00e9allorsqu\u2019en route ou en voyage<\/li>\n<li>Agit comme anti-inflammatoire et antibact\u00e9rien<\/li>\n<\/ul>\n","protected":false},"excerpt":{"rendered":"<p>Une lotion stimulante et rafra\u00eechissante qui r\u00e9gule et favorise le taux d\u2018hydratation de la peau.<\/p>\n<p>&nbsp;<\/p>\n<ul>\n<li>Neutralise les effets de l\u2018eau dure<\/li>\n<li>Pr\u00eate fra\u00eecheur et bien-\u00eatre \u00e0 la peau<\/li>\n<li>Agit comme anti-inflammatoire et antibact\u00e9rien<\/li>\n<\/ul>\n","protected":false},"featured_media":11077,"comment_status":"open","ping_status":"closed","template":"","meta":{"site-sidebar-layout":"default","site-content-layout":"default","ast-site-content-layout":"default","site-content-style":"default","site-sidebar-style":"default","ast-global-header-display":"","ast-banner-title-visibility":"","ast-main-header-display":"","ast-hfb-above-header-display":"","ast-hfb-below-header-display":"","ast-hfb-mobile-header-display":"","site-post-title":"","ast-breadcrumbs-content":"","ast-featured-img":"","footer-sml-layout":"","theme-transparent-header-meta":"default","adv-header-id-meta":"","stick-header-meta":"","header-above-stick-meta":"","header-main-stick-meta":"","header-below-stick-meta":"","astra-migrate-meta-layouts":"default","ast-page-background-enabled":"default","ast-page-background-meta":{"desktop":{"background-color":"","background-image":"","background-repeat":"repeat","background-position":"center center","background-size":"auto","background-attachment":"scroll","background-type":"","background-media":"","overlay-type":"","overlay-color":"","overlay-opacity":"","overlay-gradient":""},"tablet":{"background-color":"","background-image":"","background-repeat":"repeat","background-position":"center center","background-size":"auto","background-attachment":"scroll","background-type":"","background-media":"","overlay-type":"","overlay-color":"","overlay-opacity":"","overlay-gradient":""},"mobile":{"background-color":"","background-image":"","background-repeat":"repeat","background-position":"center center","background-size":"auto","background-attachment":"scroll","background-type":"","background-media":"","overlay-type":"","overlay-color":"","overlay-opacity":"","overlay-gradient":""}},"ast-content-background-meta":{"desktop":{"background-color":"var(--ast-global-color-5)","background-image":"","background-repeat":"repeat","background-position":"center center","background-size":"auto","background-attachment":"scroll","background-type":"","background-media":"","overlay-type":"","overlay-color":"","overlay-opacity":"","overlay-gradient":""},"tablet":{"background-color":"var(--ast-global-color-5)","background-image":"","background-repeat":"repeat","background-position":"center center","background-size":"auto","background-attachment":"scroll","background-type":"","background-media":"","overlay-type":"","overlay-color":"","overlay-opacity":"","overlay-gradient":""},"mobile":{"background-color":"var(--ast-global-color-5)","background-image":"","background-repeat":"repeat","background-position":"center center","background-size":"auto","background-attachment":"scroll","background-type":"","background-media":"","overlay-type":"","overlay-color":"","overlay-opacity":"","overlay-gradient":""}},"wds_primary_product_brand":0,"wds_primary_product_delivery_times":0,"wds_primary_product_sale_labels":0,"wds_primary_product_cat":0},"product_brand":[],"product_cat":[252,262],"product_tag":[],"class_list":{"0":"post-5972","1":"product","2":"type-product","3":"status-publish","4":"has-post-thumbnail","6":"product_cat-basic-care-fr","7":"product_cat-basis-line-fr","8":"pa_eigenschaften-anti-hautunreinheiten-fr","9":"pa_eigenschaften-beruhigend-fr","10":"pa_eigenschaften-feuchtigkeitsspendend-fr","11":"pa_eigenschaften-reinigend-fr","12":"pa_eigenschaften-erfrischend-fr","13":"pa_hauttyp-fettige-haut-fr","14":"pa_hauttyp-unreine-haut-fr","15":"pa_hauttyp-reife-haut-fr","16":"pa_hauttyp-mischhaut-fr","17":"pa_hauttyp-normale-haut-fr","18":"pa_hauttyp-pigmentierte-haut-fr","19":"pa_hauttyp-trockene-haut-fr","20":"pa_hauttyp-empfindliche-haut-fr","21":"pa_zielgruppe-teenager-fr","22":"pa_zielgruppe-frau-fr","23":"pa_zielgruppe-mann-fr","24":"pa_zielgruppe-unisex-fr","25":"desktop-align-left","26":"tablet-align-left","27":"mobile-align-left","29":"first","30":"instock","31":"taxable","32":"shipping-taxable","33":"purchasable","34":"product-type-simple"},"wpr_featured_image":["https:\/\/medical-spirit-of-beauty.de\/wp-content\/uploads\/2021\/04\/01243_Tonic1_150ml_1221-150x150.png",150,150,true],"_links":{"self":[{"href":"https:\/\/medical-spirit-of-beauty.de\/fr\/wp-json\/wp\/v2\/product\/5972","targetHints":{"allow":["GET"]}}],"collection":[{"href":"https:\/\/medical-spirit-of-beauty.de\/fr\/wp-json\/wp\/v2\/product"}],"about":[{"href":"https:\/\/medical-spirit-of-beauty.de\/fr\/wp-json\/wp\/v2\/types\/product"}],"replies":[{"embeddable":true,"href":"https:\/\/medical-spirit-of-beauty.de\/fr\/wp-json\/wp\/v2\/comments?post=5972"}],"wp:featuredmedia":[{"embeddable":true,"href":"https:\/\/medical-spirit-of-beauty.de\/fr\/wp-json\/wp\/v2\/media\/11077"}],"wp:attachment":[{"href":"https:\/\/medical-spirit-of-beauty.de\/fr\/wp-json\/wp\/v2\/media?parent=5972"}],"wp:term":[{"taxonomy":"product_brand","embeddable":true,"href":"https:\/\/medical-spirit-of-beauty.de\/fr\/wp-json\/wp\/v2\/product_brand?post=5972"},{"taxonomy":"product_cat","embeddable":true,"href":"https:\/\/medical-spirit-of-beauty.de\/fr\/wp-json\/wp\/v2\/product_cat?post=5972"},{"taxonomy":"product_tag","embeddable":true,"href":"https:\/\/medical-spirit-of-beauty.de\/fr\/wp-json\/wp\/v2\/product_tag?post=5972"}],"curies":[{"name":"wp","href":"https:\/\/api.w.org\/{rel}","templated":true}]}}