{"id":5968,"date":"2021-04-01T08:52:55","date_gmt":"2021-04-01T08:52:55","guid":{"rendered":"https:\/\/unruffled-liskov.212-227-213-12.plesk.page\/produkt\/cleanser-2\/"},"modified":"2023-07-19T16:27:16","modified_gmt":"2023-07-19T14:27:16","slug":"cleanser-2","status":"publish","type":"product","link":"https:\/\/medical-spirit-of-beauty.de\/fr\/produkt\/cleanser-2\/","title":{"rendered":"Cleanser 2+"},"content":{"rendered":"<p>Un bon nettoyage du visage constitue la premi\u00e8re pierre d&#8217;une peau durablement belle et soign\u00e9e. Ce n&#8217;est pas pour rien que les produits de nettoyage de la peau comptent parmi les articles les plus importants en mati\u00e8re de soins de la peau et sont la condition pr\u00e9alable \u00e0 d&#8217;autres mesures de soins.<\/p>\n<p>Lors de l&#8217;utilisation du produit, les r\u00e9sultats peuvent varier en fonction du type de peau. Des \u00e9carts de r\u00e9sultat peuvent donc exister ou les r\u00e9sultats peuvent varier d&#8217;un utilisateur \u00e0 l&#8217;autre.<\/p>\n<p>Un produit nettoyant hydrosoluble et ultra-doux, qui d\u00e9barrasse la peau en douceur et profondeur de tout ce qui se d\u00e9pose dessus (s\u00e9cr\u00e9tions cutan\u00e9es, poussi\u00e8re, souillures, bact\u00e9ries, pollen, r\u00e9sidus de s\u00e9bum, couches artificielles, maquillage).<\/p>\n<p>&nbsp;<\/p>\n<ul>\n<li>Il a un effet calmant et relaxant<\/li>\n<li>\u00e9limine l\u2018exc\u00e8s de s\u00e9bum<\/li>\n<li>Pr\u00e9serve l\u2018hydratation naturelle de la peau<\/li>\n<li>Donne une sensation de fra\u00eecheur et de bien-\u00eatre sur la peau<\/li>\n<li>Maintient une valeur de pH optimale<\/li>\n<\/ul>\n","protected":false},"excerpt":{"rendered":"<p>Un produit nettoyant hydrosoluble et ultra-doux, qui d\u00e9barrasse la peau en douceur et profondeur de tout ce qui se d\u00e9pose dessus (s\u00e9cr\u00e9tions cutan\u00e9es, poussi\u00e8re, souillures, bact\u00e9ries, pollen, r\u00e9sidus de s\u00e9bum, couches artificielles, maquillage).<\/p>\n<p>&nbsp;<\/p>\n<ul>\n<li>Il a un effet calmant et relaxant<\/li>\n<li>\u00e9limine l\u2018exc\u00e8s de s\u00e9bum<\/li>\n<li>Pr\u00e9serve l\u2018hydratation naturelle de la peau<\/li>\n<li>Donne une sensation de fra\u00eecheur et de bien-\u00eatre sur la peau<\/li>\n<li>Maintient une valeur de pH optimale<\/li>\n<\/ul>\n","protected":false},"featured_media":11072,"comment_status":"open","ping_status":"closed","template":"","meta":{"site-sidebar-layout":"default","site-content-layout":"default","ast-site-content-layout":"default","site-content-style":"default","site-sidebar-style":"default","ast-global-header-display":"","ast-banner-title-visibility":"","ast-main-header-display":"","ast-hfb-above-header-display":"","ast-hfb-below-header-display":"","ast-hfb-mobile-header-display":"","site-post-title":"","ast-breadcrumbs-content":"","ast-featured-img":"","footer-sml-layout":"","theme-transparent-header-meta":"default","adv-header-id-meta":"","stick-header-meta":"","header-above-stick-meta":"","header-main-stick-meta":"","header-below-stick-meta":"","astra-migrate-meta-layouts":"default","ast-page-background-enabled":"default","ast-page-background-meta":{"desktop":{"background-color":"","background-image":"","background-repeat":"repeat","background-position":"center center","background-size":"auto","background-attachment":"scroll","background-type":"","background-media":"","overlay-type":"","overlay-color":"","overlay-opacity":"","overlay-gradient":""},"tablet":{"background-color":"","background-image":"","background-repeat":"repeat","background-position":"center center","background-size":"auto","background-attachment":"scroll","background-type":"","background-media":"","overlay-type":"","overlay-color":"","overlay-opacity":"","overlay-gradient":""},"mobile":{"background-color":"","background-image":"","background-repeat":"repeat","background-position":"center center","background-size":"auto","background-attachment":"scroll","background-type":"","background-media":"","overlay-type":"","overlay-color":"","overlay-opacity":"","overlay-gradient":""}},"ast-content-background-meta":{"desktop":{"background-color":"var(--ast-global-color-5)","background-image":"","background-repeat":"repeat","background-position":"center center","background-size":"auto","background-attachment":"scroll","background-type":"","background-media":"","overlay-type":"","overlay-color":"","overlay-opacity":"","overlay-gradient":""},"tablet":{"background-color":"var(--ast-global-color-5)","background-image":"","background-repeat":"repeat","background-position":"center center","background-size":"auto","background-attachment":"scroll","background-type":"","background-media":"","overlay-type":"","overlay-color":"","overlay-opacity":"","overlay-gradient":""},"mobile":{"background-color":"var(--ast-global-color-5)","background-image":"","background-repeat":"repeat","background-position":"center center","background-size":"auto","background-attachment":"scroll","background-type":"","background-media":"","overlay-type":"","overlay-color":"","overlay-opacity":"","overlay-gradient":""}},"wds_primary_product_brand":0,"wds_primary_product_delivery_times":0,"wds_primary_product_sale_labels":0,"wds_primary_product_cat":0},"product_brand":[],"product_cat":[252,262],"product_tag":[],"class_list":{"0":"post-5968","1":"product","2":"type-product","3":"status-publish","4":"has-post-thumbnail","6":"product_cat-basic-care-fr","7":"product_cat-basis-line-fr","8":"pa_eigenschaften-anti-hautunreinheiten-fr","9":"pa_eigenschaften-feuchtigkeitsspendend-fr","10":"pa_eigenschaften-reinigend-fr","11":"pa_eigenschaften-erfrischend-fr","12":"pa_hauttyp-fettige-haut-fr","13":"pa_hauttyp-unreine-haut-fr","14":"pa_hauttyp-reife-haut-fr","15":"pa_hauttyp-mischhaut-fr","16":"pa_hauttyp-normale-haut-fr","17":"pa_hauttyp-pigmentierte-haut-fr","18":"pa_hauttyp-trockene-haut-fr","19":"pa_hauttyp-empfindliche-haut-fr","20":"pa_zielgruppe-teenager-fr","21":"pa_zielgruppe-frau-fr","22":"pa_zielgruppe-mann-fr","23":"pa_zielgruppe-unisex-fr","24":"desktop-align-left","25":"tablet-align-left","26":"mobile-align-left","28":"first","29":"instock","30":"taxable","31":"shipping-taxable","32":"purchasable","33":"product-type-simple"},"wpr_featured_image":["https:\/\/medical-spirit-of-beauty.de\/wp-content\/uploads\/2021\/04\/01242_Cleanser2_150ml_1221-150x150.png",150,150,true],"_links":{"self":[{"href":"https:\/\/medical-spirit-of-beauty.de\/fr\/wp-json\/wp\/v2\/product\/5968","targetHints":{"allow":["GET"]}}],"collection":[{"href":"https:\/\/medical-spirit-of-beauty.de\/fr\/wp-json\/wp\/v2\/product"}],"about":[{"href":"https:\/\/medical-spirit-of-beauty.de\/fr\/wp-json\/wp\/v2\/types\/product"}],"replies":[{"embeddable":true,"href":"https:\/\/medical-spirit-of-beauty.de\/fr\/wp-json\/wp\/v2\/comments?post=5968"}],"wp:featuredmedia":[{"embeddable":true,"href":"https:\/\/medical-spirit-of-beauty.de\/fr\/wp-json\/wp\/v2\/media\/11072"}],"wp:attachment":[{"href":"https:\/\/medical-spirit-of-beauty.de\/fr\/wp-json\/wp\/v2\/media?parent=5968"}],"wp:term":[{"taxonomy":"product_brand","embeddable":true,"href":"https:\/\/medical-spirit-of-beauty.de\/fr\/wp-json\/wp\/v2\/product_brand?post=5968"},{"taxonomy":"product_cat","embeddable":true,"href":"https:\/\/medical-spirit-of-beauty.de\/fr\/wp-json\/wp\/v2\/product_cat?post=5968"},{"taxonomy":"product_tag","embeddable":true,"href":"https:\/\/medical-spirit-of-beauty.de\/fr\/wp-json\/wp\/v2\/product_tag?post=5968"}],"curies":[{"name":"wp","href":"https:\/\/api.w.org\/{rel}","templated":true}]}}