{"id":5964,"date":"2021-04-01T08:52:55","date_gmt":"2021-04-01T08:52:55","guid":{"rendered":"https:\/\/unruffled-liskov.212-227-213-12.plesk.page\/produkt\/micro-exfoliator-peeling\/"},"modified":"2022-01-24T16:34:10","modified_gmt":"2022-01-24T14:34:10","slug":"micro-exfoliator-peeling","status":"publish","type":"product","link":"https:\/\/medical-spirit-of-beauty.de\/fr\/produkt\/micro-exfoliator-peeling\/","title":{"rendered":"Micro Exfoliator Peeling"},"content":{"rendered":"<p>Le teint est terne, gris et fatigu\u00e9, mais le temps manque pour des rituels de beaut\u00e9 \u00e0 long terme &#8211; que faire ? Les peelings m\u00e9caniques sont les &#8220;sauveurs en cas d&#8217;urgence&#8221; et garantissent des r\u00e9sultats rapides.<\/p>\n<p>Remarque<br \/>\nAgiter avant application!<\/p>\n<p>&nbsp;<\/p>\n<p>Vous pouvez \u00e9galement appliquer le Micro Exfoliator Peeling au niveau du d\u00e9collet\u00e9 et du cou, ainsi que sur les coudes ou sur le corps entier! \u00c9galement recommand\u00e9 pour les hommes pour le soin preshave r\u00e9gulier, pour \u00e9liminer les poils de barbe incarn\u00e9s, att\u00e9nuer les irritations, fortifier la peau et pr\u00e9venir de nouvelles irritations!<\/p>\n","protected":false},"excerpt":{"rendered":"<p>D\u00e9couvrez un massage vivifiant et revigorant \u00e0 effet nettoyant a profondeur des pores et offrez-vous une peau rayonnante et propre, pr\u00eate \u00e0 \u00eatre soign\u00e9e.<\/p>\n<ul>\n<li>Nettoie la peau et \u00e9limine en douceur salet\u00e9s et exc\u00e8s de s\u00e9bum<\/li>\n<li>R\u00e9gule et favorise l\u2018hydratation de la peau<\/li>\n<li>A un effet rafra\u00eechissant et \u00e9quilibrant &#8211; apr\u00e8s traitement, la peau est merveilleusement douce et claire<\/li>\n<\/ul>\n","protected":false},"featured_media":11005,"comment_status":"open","ping_status":"closed","template":"","meta":{"site-sidebar-layout":"default","site-content-layout":"default","ast-site-content-layout":"","site-content-style":"default","site-sidebar-style":"default","ast-global-header-display":"","ast-banner-title-visibility":"","ast-main-header-display":"","ast-hfb-above-header-display":"","ast-hfb-below-header-display":"","ast-hfb-mobile-header-display":"","site-post-title":"","ast-breadcrumbs-content":"","ast-featured-img":"","footer-sml-layout":"","theme-transparent-header-meta":"default","adv-header-id-meta":"","stick-header-meta":"","header-above-stick-meta":"","header-main-stick-meta":"","header-below-stick-meta":"","astra-migrate-meta-layouts":"default","ast-page-background-enabled":"default","ast-page-background-meta":{"desktop":{"background-color":"","background-image":"","background-repeat":"repeat","background-position":"center center","background-size":"auto","background-attachment":"scroll","background-type":"","background-media":"","overlay-type":"","overlay-color":"","overlay-opacity":"","overlay-gradient":""},"tablet":{"background-color":"","background-image":"","background-repeat":"repeat","background-position":"center center","background-size":"auto","background-attachment":"scroll","background-type":"","background-media":"","overlay-type":"","overlay-color":"","overlay-opacity":"","overlay-gradient":""},"mobile":{"background-color":"","background-image":"","background-repeat":"repeat","background-position":"center center","background-size":"auto","background-attachment":"scroll","background-type":"","background-media":"","overlay-type":"","overlay-color":"","overlay-opacity":"","overlay-gradient":""}},"ast-content-background-meta":{"desktop":{"background-color":"var(--ast-global-color-5)","background-image":"","background-repeat":"repeat","background-position":"center center","background-size":"auto","background-attachment":"scroll","background-type":"","background-media":"","overlay-type":"","overlay-color":"","overlay-opacity":"","overlay-gradient":""},"tablet":{"background-color":"var(--ast-global-color-5)","background-image":"","background-repeat":"repeat","background-position":"center center","background-size":"auto","background-attachment":"scroll","background-type":"","background-media":"","overlay-type":"","overlay-color":"","overlay-opacity":"","overlay-gradient":""},"mobile":{"background-color":"var(--ast-global-color-5)","background-image":"","background-repeat":"repeat","background-position":"center center","background-size":"auto","background-attachment":"scroll","background-type":"","background-media":"","overlay-type":"","overlay-color":"","overlay-opacity":"","overlay-gradient":""}},"wds_primary_product_brand":0,"wds_primary_product_delivery_times":0,"wds_primary_product_sale_labels":0,"wds_primary_product_cat":0},"product_brand":[],"product_cat":[252,262],"product_tag":[],"class_list":{"0":"post-5964","1":"product","2":"type-product","3":"status-publish","4":"has-post-thumbnail","6":"product_cat-basic-care-fr","7":"product_cat-basis-line-fr","8":"pa_hauttyp-reife-haut-fr","9":"pa_hauttyp-mischhaut-fr","10":"pa_hauttyp-normale-haut-fr","11":"pa_zielgruppe-teenager-fr","12":"pa_zielgruppe-frau-fr","13":"pa_zielgruppe-mann-fr","14":"pa_zielgruppe-unisex-fr","15":"desktop-align-left","16":"tablet-align-left","17":"mobile-align-left","19":"first","20":"instock","21":"taxable","22":"shipping-taxable","23":"purchasable","24":"product-type-simple"},"wpr_featured_image":["https:\/\/medical-spirit-of-beauty.de\/wp-content\/uploads\/2021\/04\/01241_MicroExfoliatorPeeling_100ml_R_1221-150x150.png",150,150,true],"_links":{"self":[{"href":"https:\/\/medical-spirit-of-beauty.de\/fr\/wp-json\/wp\/v2\/product\/5964","targetHints":{"allow":["GET"]}}],"collection":[{"href":"https:\/\/medical-spirit-of-beauty.de\/fr\/wp-json\/wp\/v2\/product"}],"about":[{"href":"https:\/\/medical-spirit-of-beauty.de\/fr\/wp-json\/wp\/v2\/types\/product"}],"replies":[{"embeddable":true,"href":"https:\/\/medical-spirit-of-beauty.de\/fr\/wp-json\/wp\/v2\/comments?post=5964"}],"wp:featuredmedia":[{"embeddable":true,"href":"https:\/\/medical-spirit-of-beauty.de\/fr\/wp-json\/wp\/v2\/media\/11005"}],"wp:attachment":[{"href":"https:\/\/medical-spirit-of-beauty.de\/fr\/wp-json\/wp\/v2\/media?parent=5964"}],"wp:term":[{"taxonomy":"product_brand","embeddable":true,"href":"https:\/\/medical-spirit-of-beauty.de\/fr\/wp-json\/wp\/v2\/product_brand?post=5964"},{"taxonomy":"product_cat","embeddable":true,"href":"https:\/\/medical-spirit-of-beauty.de\/fr\/wp-json\/wp\/v2\/product_cat?post=5964"},{"taxonomy":"product_tag","embeddable":true,"href":"https:\/\/medical-spirit-of-beauty.de\/fr\/wp-json\/wp\/v2\/product_tag?post=5964"}],"curies":[{"name":"wp","href":"https:\/\/api.w.org\/{rel}","templated":true}]}}