{"id":5960,"date":"2021-04-01T08:52:55","date_gmt":"2021-04-01T08:52:55","guid":{"rendered":"https:\/\/unruffled-liskov.212-227-213-12.plesk.page\/produkt\/starter-set-3\/"},"modified":"2023-07-12T16:08:36","modified_gmt":"2023-07-12T14:08:36","slug":"starter-set-3","status":"publish","type":"product","link":"https:\/\/medical-spirit-of-beauty.de\/fr\/produkt\/starter-set-3\/","title":{"rendered":"Starter Set 3"},"content":{"rendered":"<p>Starter-Set 3 se compose de:<\/p>\n<ul>\n<li>10 ml Natural Peel med<\/li>\n<li>10 ml ALPHA-TROPHOX 112<sup>\u00ae<\/sup> Serum<\/li>\n<li>10 ml ALPHA-TROPHOX 112<sup>\u00ae<\/sup> Face Cream<\/li>\n<\/ul>\n<p>Natural Peel med<br \/>\nAffine la structure de la peau, les k\u00e9ratinisations sont rel\u00e2ch\u00e9es et \u00e9limin\u00e9es<br \/>\nAugmente l\u2018absorption de la mati\u00e8re active<br \/>\n\u00e9quilibre la peau et laisse-la briller<br \/>\nId\u00e9al pour la peau d\u2019hommes, r\u00e9duit au minimum les poils incarn\u00e9s sur votre visage<\/p>\n<p>Alpha-Trophox112<sup>\u00ae<\/sup> Serum<br \/>\nSoutient la construction tissulaire<br \/>\nStimule l&#8217;activit\u00e9 cellulaire, active les m\u00e9canismes de r\u00e9paration de la peau et favorise la formation des tissus<br \/>\nDiminue notablement la profondeur des rides<\/p>\n<p>Alpha-Trophox112<sup>\u00ae<\/sup> Face Cream<br \/>\nFavorise le renouvellement naturel de la peau<br \/>\n\u00e9duit les ridules et les rides<br \/>\nOffre un nouvel \u00e9clat au teint<\/p>\n","protected":false},"excerpt":{"rendered":"<p>Le kit anti-\u00e2ge pour une peau soign\u00e9e et lisse.<br \/>\nContient 3 x 10 ml<\/p>\n<p>Starter-Set 3 se compose de:<\/p>\n<ul>\n<li>10 ml Natural Peel med<\/li>\n<li>10 ml ALPHA-TROPHOX 112<sup>\u00ae<\/sup> Serum<\/li>\n<li>10 ml ALPHA-TROPHOX 112<sup>\u00ae<\/sup> Face Cream<\/li>\n<\/ul>\n","protected":false},"featured_media":8676,"comment_status":"open","ping_status":"closed","template":"","meta":{"site-sidebar-layout":"default","site-content-layout":"default","ast-site-content-layout":"default","site-content-style":"default","site-sidebar-style":"default","ast-global-header-display":"","ast-banner-title-visibility":"","ast-main-header-display":"","ast-hfb-above-header-display":"","ast-hfb-below-header-display":"","ast-hfb-mobile-header-display":"","site-post-title":"","ast-breadcrumbs-content":"","ast-featured-img":"","footer-sml-layout":"","theme-transparent-header-meta":"default","adv-header-id-meta":"","stick-header-meta":"","header-above-stick-meta":"","header-main-stick-meta":"","header-below-stick-meta":"","astra-migrate-meta-layouts":"default","ast-page-background-enabled":"default","ast-page-background-meta":{"desktop":{"background-color":"","background-image":"","background-repeat":"repeat","background-position":"center center","background-size":"auto","background-attachment":"scroll","background-type":"","background-media":"","overlay-type":"","overlay-color":"","overlay-opacity":"","overlay-gradient":""},"tablet":{"background-color":"","background-image":"","background-repeat":"repeat","background-position":"center center","background-size":"auto","background-attachment":"scroll","background-type":"","background-media":"","overlay-type":"","overlay-color":"","overlay-opacity":"","overlay-gradient":""},"mobile":{"background-color":"","background-image":"","background-repeat":"repeat","background-position":"center center","background-size":"auto","background-attachment":"scroll","background-type":"","background-media":"","overlay-type":"","overlay-color":"","overlay-opacity":"","overlay-gradient":""}},"ast-content-background-meta":{"desktop":{"background-color":"var(--ast-global-color-5)","background-image":"","background-repeat":"repeat","background-position":"center center","background-size":"auto","background-attachment":"scroll","background-type":"","background-media":"","overlay-type":"","overlay-color":"","overlay-opacity":"","overlay-gradient":""},"tablet":{"background-color":"var(--ast-global-color-5)","background-image":"","background-repeat":"repeat","background-position":"center center","background-size":"auto","background-attachment":"scroll","background-type":"","background-media":"","overlay-type":"","overlay-color":"","overlay-opacity":"","overlay-gradient":""},"mobile":{"background-color":"var(--ast-global-color-5)","background-image":"","background-repeat":"repeat","background-position":"center center","background-size":"auto","background-attachment":"scroll","background-type":"","background-media":"","overlay-type":"","overlay-color":"","overlay-opacity":"","overlay-gradient":""}},"wds_primary_product_brand":0,"wds_primary_product_delivery_times":0,"wds_primary_product_sale_labels":0,"wds_primary_product_cat":0},"product_brand":[],"product_cat":[150,149,310],"product_tag":[],"class_list":{"0":"post-5960","1":"product","2":"type-product","3":"status-publish","4":"has-post-thumbnail","6":"product_cat-alpha-trophox112-fr","7":"product_cat-repair-lift-fr","8":"product_cat-sets-fr-3","9":"pa_eigenschaften-feuchtigkeitsspendend-fr","10":"pa_hauttyp-reife-haut-fr","11":"pa_hauttyp-mischhaut-fr","12":"pa_hauttyp-normale-haut-fr","13":"pa_zielgruppe-teenager-fr","14":"pa_zielgruppe-frau-fr","15":"pa_zielgruppe-mann-fr","16":"pa_zielgruppe-unisex-fr","17":"desktop-align-left","18":"tablet-align-left","19":"mobile-align-left","21":"first","22":"instock","23":"taxable","24":"shipping-taxable","25":"purchasable","26":"product-type-simple"},"wpr_featured_image":["https:\/\/medical-spirit-of-beauty.de\/wp-content\/uploads\/2021\/04\/01205_StarterSet-Var-150x150.jpg",150,150,true],"_links":{"self":[{"href":"https:\/\/medical-spirit-of-beauty.de\/fr\/wp-json\/wp\/v2\/product\/5960","targetHints":{"allow":["GET"]}}],"collection":[{"href":"https:\/\/medical-spirit-of-beauty.de\/fr\/wp-json\/wp\/v2\/product"}],"about":[{"href":"https:\/\/medical-spirit-of-beauty.de\/fr\/wp-json\/wp\/v2\/types\/product"}],"replies":[{"embeddable":true,"href":"https:\/\/medical-spirit-of-beauty.de\/fr\/wp-json\/wp\/v2\/comments?post=5960"}],"wp:featuredmedia":[{"embeddable":true,"href":"https:\/\/medical-spirit-of-beauty.de\/fr\/wp-json\/wp\/v2\/media\/8676"}],"wp:attachment":[{"href":"https:\/\/medical-spirit-of-beauty.de\/fr\/wp-json\/wp\/v2\/media?parent=5960"}],"wp:term":[{"taxonomy":"product_brand","embeddable":true,"href":"https:\/\/medical-spirit-of-beauty.de\/fr\/wp-json\/wp\/v2\/product_brand?post=5960"},{"taxonomy":"product_cat","embeddable":true,"href":"https:\/\/medical-spirit-of-beauty.de\/fr\/wp-json\/wp\/v2\/product_cat?post=5960"},{"taxonomy":"product_tag","embeddable":true,"href":"https:\/\/medical-spirit-of-beauty.de\/fr\/wp-json\/wp\/v2\/product_tag?post=5960"}],"curies":[{"name":"wp","href":"https:\/\/api.w.org\/{rel}","templated":true}]}}