{"id":5956,"date":"2021-04-01T08:52:55","date_gmt":"2021-04-01T08:52:55","guid":{"rendered":"https:\/\/unruffled-liskov.212-227-213-12.plesk.page\/produkt\/starter-set-2\/"},"modified":"2022-01-21T17:34:24","modified_gmt":"2022-01-21T15:34:24","slug":"starter-set-2","status":"publish","type":"product","link":"https:\/\/medical-spirit-of-beauty.de\/fr\/produkt\/starter-set-2\/","title":{"rendered":"Starter Set 2"},"content":{"rendered":"<p>Le set de d\u00e9marrage est id\u00e9al pour faire connaissance ou comme set cadeau.<br \/>\n<br \/>\nStarter-Set 2 se compose de:<\/p>\n<p>\u2022 10 ml Glyco Peel med<br \/>\n\u2022 10 ml Collagen Extreme<br \/>\n\u2022 10 ml Face Cream<\/p>\n<p>\nGlyco Peel Med<br \/>\nL\u2018acide glycolique, efficace et compos\u00e9 des micro-mol\u00e9cules, est un gel d\u2018acide de fruit tr\u00e8s pur, a haute compatibilit\u00e9 cutan\u00e9e avec une partie d\u2019acidit\u00e9 d\u2018environ 10 %.<\/p>\n<p>Collagen Extreme<br \/>\nLa superstructure de qualit\u00e9 sup\u00e9rieure \u00e0 base de collag\u00e8ne natif pur pour les exigences les plus hautes.<\/p>\n<p>Face Cream<br \/>\nCr\u00e8me de soin velout\u00e9e pour peau normale, lui pr\u00eatant une apparence d\u00e9tendue et lisse.<\/p>\n","protected":false},"excerpt":{"rendered":"<p>La routine optimale de soins de la peau pour une peau fra\u00eeche, soign\u00e9e et pure ainsi qu&#8217;un teint \u00e9clatant. Contient 3x 10ml.<\/p>\n<ul>\n<li>Prot\u00e9gez votre peau contre les agressions de l&#8217;environnement et aidez-la \u00e0 retrouver son \u00e9clat.<\/li>\n<li>La teneur en eau de la peau est optimis\u00e9e.<\/li>\n<li>les rides et ridules sont att\u00e9nu\u00e9es<\/li>\n<li>la peau est plus soign\u00e9e, plus lisse et plus \u00e9clatante<\/li>\n<\/ul>\n","protected":false},"featured_media":8780,"comment_status":"open","ping_status":"closed","template":"","meta":{"site-sidebar-layout":"default","site-content-layout":"default","ast-site-content-layout":"","site-content-style":"default","site-sidebar-style":"default","ast-global-header-display":"","ast-banner-title-visibility":"","ast-main-header-display":"","ast-hfb-above-header-display":"","ast-hfb-below-header-display":"","ast-hfb-mobile-header-display":"","site-post-title":"","ast-breadcrumbs-content":"","ast-featured-img":"","footer-sml-layout":"","theme-transparent-header-meta":"default","adv-header-id-meta":"","stick-header-meta":"","header-above-stick-meta":"","header-main-stick-meta":"","header-below-stick-meta":"","astra-migrate-meta-layouts":"default","ast-page-background-enabled":"default","ast-page-background-meta":{"desktop":{"background-color":"","background-image":"","background-repeat":"repeat","background-position":"center center","background-size":"auto","background-attachment":"scroll","background-type":"","background-media":"","overlay-type":"","overlay-color":"","overlay-opacity":"","overlay-gradient":""},"tablet":{"background-color":"","background-image":"","background-repeat":"repeat","background-position":"center center","background-size":"auto","background-attachment":"scroll","background-type":"","background-media":"","overlay-type":"","overlay-color":"","overlay-opacity":"","overlay-gradient":""},"mobile":{"background-color":"","background-image":"","background-repeat":"repeat","background-position":"center center","background-size":"auto","background-attachment":"scroll","background-type":"","background-media":"","overlay-type":"","overlay-color":"","overlay-opacity":"","overlay-gradient":""}},"ast-content-background-meta":{"desktop":{"background-color":"var(--ast-global-color-5)","background-image":"","background-repeat":"repeat","background-position":"center center","background-size":"auto","background-attachment":"scroll","background-type":"","background-media":"","overlay-type":"","overlay-color":"","overlay-opacity":"","overlay-gradient":""},"tablet":{"background-color":"var(--ast-global-color-5)","background-image":"","background-repeat":"repeat","background-position":"center center","background-size":"auto","background-attachment":"scroll","background-type":"","background-media":"","overlay-type":"","overlay-color":"","overlay-opacity":"","overlay-gradient":""},"mobile":{"background-color":"var(--ast-global-color-5)","background-image":"","background-repeat":"repeat","background-position":"center center","background-size":"auto","background-attachment":"scroll","background-type":"","background-media":"","overlay-type":"","overlay-color":"","overlay-opacity":"","overlay-gradient":""}},"wds_primary_product_brand":0,"wds_primary_product_delivery_times":0,"wds_primary_product_sale_labels":0,"wds_primary_product_cat":0},"product_brand":[],"product_cat":[252,262,236,311,245],"product_tag":[],"class_list":{"0":"post-5956","1":"product","2":"type-product","3":"status-publish","4":"has-post-thumbnail","6":"product_cat-basic-care-fr","7":"product_cat-basis-line-fr","8":"product_cat-final-care-fr","9":"product_cat-sets-fr-4","10":"product_cat-special-care-fr","11":"pa_eigenschaften-feuchtigkeitsspendend-fr","12":"pa_hauttyp-reife-haut-fr","13":"pa_hauttyp-mischhaut-fr","14":"pa_hauttyp-normale-haut-fr","15":"pa_zielgruppe-teenager-fr","16":"pa_zielgruppe-frau-fr","17":"pa_zielgruppe-mann-fr","18":"pa_zielgruppe-unisex-fr","19":"desktop-align-left","20":"tablet-align-left","21":"mobile-align-left","23":"first","24":"instock","25":"taxable","26":"shipping-taxable","27":"purchasable","28":"product-type-simple"},"wpr_featured_image":["https:\/\/medical-spirit-of-beauty.de\/wp-content\/uploads\/2021\/04\/01204_StarterSet-Var-150x150.jpg",150,150,true],"_links":{"self":[{"href":"https:\/\/medical-spirit-of-beauty.de\/fr\/wp-json\/wp\/v2\/product\/5956","targetHints":{"allow":["GET"]}}],"collection":[{"href":"https:\/\/medical-spirit-of-beauty.de\/fr\/wp-json\/wp\/v2\/product"}],"about":[{"href":"https:\/\/medical-spirit-of-beauty.de\/fr\/wp-json\/wp\/v2\/types\/product"}],"replies":[{"embeddable":true,"href":"https:\/\/medical-spirit-of-beauty.de\/fr\/wp-json\/wp\/v2\/comments?post=5956"}],"wp:featuredmedia":[{"embeddable":true,"href":"https:\/\/medical-spirit-of-beauty.de\/fr\/wp-json\/wp\/v2\/media\/8780"}],"wp:attachment":[{"href":"https:\/\/medical-spirit-of-beauty.de\/fr\/wp-json\/wp\/v2\/media?parent=5956"}],"wp:term":[{"taxonomy":"product_brand","embeddable":true,"href":"https:\/\/medical-spirit-of-beauty.de\/fr\/wp-json\/wp\/v2\/product_brand?post=5956"},{"taxonomy":"product_cat","embeddable":true,"href":"https:\/\/medical-spirit-of-beauty.de\/fr\/wp-json\/wp\/v2\/product_cat?post=5956"},{"taxonomy":"product_tag","embeddable":true,"href":"https:\/\/medical-spirit-of-beauty.de\/fr\/wp-json\/wp\/v2\/product_tag?post=5956"}],"curies":[{"name":"wp","href":"https:\/\/api.w.org\/{rel}","templated":true}]}}