{"id":5944,"date":"2021-04-01T08:57:23","date_gmt":"2021-04-01T08:57:23","guid":{"rendered":"https:\/\/unruffled-liskov.212-227-213-12.plesk.page\/produkt\/alpha-trophox-serum\/"},"modified":"2023-07-19T15:05:07","modified_gmt":"2023-07-19T13:05:07","slug":"alpha-trophox-serum","status":"publish","type":"product","link":"https:\/\/medical-spirit-of-beauty.de\/fr\/produkt\/alpha-trophox-serum\/","title":{"rendered":"Alpha-Trophox <br>Serum"},"content":{"rendered":"<p>La plupart des gens souhaitent conserver une apparence jeune et attrayante le plus longtemps possible. Avec l&#8217;\u00e2ge, la peau perd de son \u00e9lasticit\u00e9 et de sa tonicit\u00e9, les rides et ridules deviennent visibles.<\/p>\n<p>Particularit\u00e9s<br \/>\nLe s\u00e9rum Alpha-Trophox112\u00ae maintient la peau soyeuse et souple pendant des heures. La tension superficielle de la peau est sensiblement r\u00e9g\u00e9n\u00e9r\u00e9e, la peau para\u00eet tout simplement plus d\u00e9tendue et plus lisse.<\/p>\n<p>Lors de l&#8217;utilisation du produit, les r\u00e9sultats peuvent varier en fonction du type de peau. Des \u00e9carts de r\u00e9sultats peuvent donc exister ou les r\u00e9sultats peuvent varier d&#8217;une personne \u00e0 l&#8217;autre.<\/p>\n<ul>\n<li>Lisse la peau, resserre les contours du visage<\/li>\n<li>Am\u00e9liore \u00e9lasticit\u00e9 et r\u00e9silience de la peau<\/li>\n<li>Stimule la production hyaluronique de la peau<\/li>\n<li>A un effet lissant et raffermissant imm\u00e9diat sur la peau<\/li>\n<\/ul>\n","protected":false},"excerpt":{"rendered":"<p>S\u00e9rum hautement actif pour la pr\u00e9vention de rides, favorisant la r\u00e9duction des rides d\u00e9j\u00e0 existantes, en particulier au niveau du front et autour des yeux.<\/p>\n<p>&nbsp;<\/p>\n<ul>\n<li>Lisse la peau, resserre les contours du visage<\/li>\n<li>Am\u00e9liore \u00e9lasticit\u00e9 et r\u00e9silience de la peau<\/li>\n<li>Stimule la production hyaluronique de la peau<\/li>\n<li>A un effet lissant et raffermissant imm\u00e9diat sur la peau<\/li>\n<\/ul>\n","protected":false},"featured_media":11062,"comment_status":"open","ping_status":"closed","template":"","meta":{"site-sidebar-layout":"default","site-content-layout":"default","ast-site-content-layout":"default","site-content-style":"default","site-sidebar-style":"default","ast-global-header-display":"","ast-banner-title-visibility":"","ast-main-header-display":"","ast-hfb-above-header-display":"","ast-hfb-below-header-display":"","ast-hfb-mobile-header-display":"","site-post-title":"","ast-breadcrumbs-content":"","ast-featured-img":"","footer-sml-layout":"","theme-transparent-header-meta":"default","adv-header-id-meta":"","stick-header-meta":"","header-above-stick-meta":"","header-main-stick-meta":"","header-below-stick-meta":"","astra-migrate-meta-layouts":"default","ast-page-background-enabled":"default","ast-page-background-meta":{"desktop":{"background-color":"","background-image":"","background-repeat":"repeat","background-position":"center center","background-size":"auto","background-attachment":"scroll","background-type":"","background-media":"","overlay-type":"","overlay-color":"","overlay-opacity":"","overlay-gradient":""},"tablet":{"background-color":"","background-image":"","background-repeat":"repeat","background-position":"center center","background-size":"auto","background-attachment":"scroll","background-type":"","background-media":"","overlay-type":"","overlay-color":"","overlay-opacity":"","overlay-gradient":""},"mobile":{"background-color":"","background-image":"","background-repeat":"repeat","background-position":"center center","background-size":"auto","background-attachment":"scroll","background-type":"","background-media":"","overlay-type":"","overlay-color":"","overlay-opacity":"","overlay-gradient":""}},"ast-content-background-meta":{"desktop":{"background-color":"var(--ast-global-color-5)","background-image":"","background-repeat":"repeat","background-position":"center center","background-size":"auto","background-attachment":"scroll","background-type":"","background-media":"","overlay-type":"","overlay-color":"","overlay-opacity":"","overlay-gradient":""},"tablet":{"background-color":"var(--ast-global-color-5)","background-image":"","background-repeat":"repeat","background-position":"center center","background-size":"auto","background-attachment":"scroll","background-type":"","background-media":"","overlay-type":"","overlay-color":"","overlay-opacity":"","overlay-gradient":""},"mobile":{"background-color":"var(--ast-global-color-5)","background-image":"","background-repeat":"repeat","background-position":"center center","background-size":"auto","background-attachment":"scroll","background-type":"","background-media":"","overlay-type":"","overlay-color":"","overlay-opacity":"","overlay-gradient":""}},"wds_primary_product_brand":0,"wds_primary_product_delivery_times":0,"wds_primary_product_sale_labels":0,"wds_primary_product_cat":0},"product_brand":[],"product_cat":[262,245],"product_tag":[],"class_list":{"0":"post-5944","1":"product","2":"type-product","3":"status-publish","4":"has-post-thumbnail","6":"product_cat-basis-line-fr","7":"product_cat-special-care-fr","8":"pa_eigenschaften-feuchtigkeitsspendend-fr","9":"pa_eigenschaften-glaettend-fr","10":"pa_eigenschaften-festigend-fr","11":"pa_hauttyp-fettige-haut-fr","12":"pa_hauttyp-unreine-haut-fr","13":"pa_hauttyp-reife-haut-fr","14":"pa_hauttyp-mischhaut-fr","15":"pa_hauttyp-normale-haut-fr","16":"pa_hauttyp-pigmentierte-haut-fr","17":"pa_hauttyp-trockene-haut-fr","18":"pa_hauttyp-empfindliche-haut-fr","19":"pa_iinhalt-30-ml-fr","20":"pa_iinhalt-50-ml-fr","21":"pa_zielgruppe-frau-fr","22":"pa_zielgruppe-mann-fr","23":"pa_zielgruppe-unisex-fr","24":"desktop-align-left","25":"tablet-align-left","26":"mobile-align-left","28":"first","29":"instock","30":"taxable","31":"shipping-taxable","32":"purchasable","33":"product-type-variable"},"wpr_featured_image":["https:\/\/medical-spirit-of-beauty.de\/wp-content\/uploads\/2021\/04\/01255_AlphaTrophoxSerum_30ml_1221-1-150x150.png",150,150,true],"_links":{"self":[{"href":"https:\/\/medical-spirit-of-beauty.de\/fr\/wp-json\/wp\/v2\/product\/5944","targetHints":{"allow":["GET"]}}],"collection":[{"href":"https:\/\/medical-spirit-of-beauty.de\/fr\/wp-json\/wp\/v2\/product"}],"about":[{"href":"https:\/\/medical-spirit-of-beauty.de\/fr\/wp-json\/wp\/v2\/types\/product"}],"replies":[{"embeddable":true,"href":"https:\/\/medical-spirit-of-beauty.de\/fr\/wp-json\/wp\/v2\/comments?post=5944"}],"wp:featuredmedia":[{"embeddable":true,"href":"https:\/\/medical-spirit-of-beauty.de\/fr\/wp-json\/wp\/v2\/media\/11062"}],"wp:attachment":[{"href":"https:\/\/medical-spirit-of-beauty.de\/fr\/wp-json\/wp\/v2\/media?parent=5944"}],"wp:term":[{"taxonomy":"product_brand","embeddable":true,"href":"https:\/\/medical-spirit-of-beauty.de\/fr\/wp-json\/wp\/v2\/product_brand?post=5944"},{"taxonomy":"product_cat","embeddable":true,"href":"https:\/\/medical-spirit-of-beauty.de\/fr\/wp-json\/wp\/v2\/product_cat?post=5944"},{"taxonomy":"product_tag","embeddable":true,"href":"https:\/\/medical-spirit-of-beauty.de\/fr\/wp-json\/wp\/v2\/product_tag?post=5944"}],"curies":[{"name":"wp","href":"https:\/\/api.w.org\/{rel}","templated":true}]}}