{"id":5934,"date":"2021-04-01T08:57:23","date_gmt":"2021-04-01T08:57:23","guid":{"rendered":"https:\/\/unruffled-liskov.212-227-213-12.plesk.page\/produkt\/sensitive-hydro-gel-serum\/"},"modified":"2023-07-14T16:52:16","modified_gmt":"2023-07-14T14:52:16","slug":"sensitive-hydro-gel-serum","status":"publish","type":"product","link":"https:\/\/medical-spirit-of-beauty.de\/fr\/produkt\/sensitive-hydro-gel-serum\/","title":{"rendered":"Sensitive Hydro Gel Serum"},"content":{"rendered":"<p>L&#8217;une des fonctions importantes de la peau est son r\u00f4le d&#8217;hydratation et de stockage de l&#8217;humidit\u00e9. Une peau bien hydrat\u00e9e a un aspect sain, lumineux et lisse. Elle ne se laisse pas facilement d\u00e9stabiliser et r\u00e9siste mieux aux facteurs environnementaux et autres influences nocives.<\/p>\n<ul>\n<li>R\u00e9tablit l\u2018\u00e9quilibre physiologique de la peau<\/li>\n<li>Donne imm\u00e9diatement une sensation de d\u00e9tente \u00e0 la peau<\/li>\n<li>Apporte une hydratation durable \u00e0 la peau<\/li>\n<li>Raffermit la peau et r\u00e9duit rides et ridules<\/li>\n<\/ul>\n<p>Conseil<br \/>\nL&#8217;application quotidienne suppl\u00e9mentaire (le matin et le soir) de Night &#038; Day Collagen ou de Collagen Extreme soutient et accro\u00eet significativement l&#8217;effet de soin de Sensitive Hydro Gel Serum.<\/p>\n","protected":false},"excerpt":{"rendered":"<p>Gel hydratant intensif \u00e0 la base d\u2018acide hyaluronique pour une hydratation optimale des peaux sensibles, particuli\u00e8rement s\u00e8ches et matures.<\/p>\n<p>&nbsp;<\/p>\n<ul>\n<li>R\u00e9tablit l\u2018\u00e9quilibre physiologique de la peau<\/li>\n<li>Donne imm\u00e9diatement une sensation de d\u00e9tente \u00e0 la peau<\/li>\n<li>Apporte une hydratation durable \u00e0 la peau<\/li>\n<li>Raffermit la peau et r\u00e9duit rides et ridules<\/li>\n<\/ul>\n","protected":false},"featured_media":11045,"comment_status":"open","ping_status":"closed","template":"","meta":{"site-sidebar-layout":"default","site-content-layout":"default","ast-site-content-layout":"default","site-content-style":"default","site-sidebar-style":"default","ast-global-header-display":"","ast-banner-title-visibility":"","ast-main-header-display":"","ast-hfb-above-header-display":"","ast-hfb-below-header-display":"","ast-hfb-mobile-header-display":"","site-post-title":"","ast-breadcrumbs-content":"","ast-featured-img":"","footer-sml-layout":"","theme-transparent-header-meta":"default","adv-header-id-meta":"","stick-header-meta":"","header-above-stick-meta":"","header-main-stick-meta":"","header-below-stick-meta":"","astra-migrate-meta-layouts":"default","ast-page-background-enabled":"default","ast-page-background-meta":{"desktop":{"background-color":"","background-image":"","background-repeat":"repeat","background-position":"center center","background-size":"auto","background-attachment":"scroll","background-type":"","background-media":"","overlay-type":"","overlay-color":"","overlay-opacity":"","overlay-gradient":""},"tablet":{"background-color":"","background-image":"","background-repeat":"repeat","background-position":"center center","background-size":"auto","background-attachment":"scroll","background-type":"","background-media":"","overlay-type":"","overlay-color":"","overlay-opacity":"","overlay-gradient":""},"mobile":{"background-color":"","background-image":"","background-repeat":"repeat","background-position":"center center","background-size":"auto","background-attachment":"scroll","background-type":"","background-media":"","overlay-type":"","overlay-color":"","overlay-opacity":"","overlay-gradient":""}},"ast-content-background-meta":{"desktop":{"background-color":"var(--ast-global-color-5)","background-image":"","background-repeat":"repeat","background-position":"center center","background-size":"auto","background-attachment":"scroll","background-type":"","background-media":"","overlay-type":"","overlay-color":"","overlay-opacity":"","overlay-gradient":""},"tablet":{"background-color":"var(--ast-global-color-5)","background-image":"","background-repeat":"repeat","background-position":"center center","background-size":"auto","background-attachment":"scroll","background-type":"","background-media":"","overlay-type":"","overlay-color":"","overlay-opacity":"","overlay-gradient":""},"mobile":{"background-color":"var(--ast-global-color-5)","background-image":"","background-repeat":"repeat","background-position":"center center","background-size":"auto","background-attachment":"scroll","background-type":"","background-media":"","overlay-type":"","overlay-color":"","overlay-opacity":"","overlay-gradient":""}},"wds_primary_product_brand":0,"wds_primary_product_delivery_times":0,"wds_primary_product_sale_labels":0,"wds_primary_product_cat":0},"product_brand":[],"product_cat":[262,245],"product_tag":[],"class_list":{"0":"post-5934","1":"product","2":"type-product","3":"status-publish","4":"has-post-thumbnail","6":"product_cat-basis-line-fr","7":"product_cat-special-care-fr","8":"pa_eigenschaften-beruhigend-fr","9":"pa_eigenschaften-feuchtigkeitsspendend-fr","10":"pa_hauttyp-trockene-haut-fr","11":"pa_hauttyp-empfindliche-haut-fr","12":"pa_iinhalt-30-ml-fr","13":"pa_iinhalt-50-ml-fr","14":"pa_zielgruppe-teenager-fr","15":"pa_zielgruppe-frau-fr","16":"pa_zielgruppe-mann-fr","17":"pa_zielgruppe-unisex-fr","18":"desktop-align-left","19":"tablet-align-left","20":"mobile-align-left","22":"first","23":"instock","24":"taxable","25":"shipping-taxable","26":"purchasable","27":"product-type-variable"},"wpr_featured_image":["https:\/\/medical-spirit-of-beauty.de\/wp-content\/uploads\/2021\/04\/01253_SensitiveHydroGelSerum_30ml_1221-150x150.png",150,150,true],"_links":{"self":[{"href":"https:\/\/medical-spirit-of-beauty.de\/fr\/wp-json\/wp\/v2\/product\/5934","targetHints":{"allow":["GET"]}}],"collection":[{"href":"https:\/\/medical-spirit-of-beauty.de\/fr\/wp-json\/wp\/v2\/product"}],"about":[{"href":"https:\/\/medical-spirit-of-beauty.de\/fr\/wp-json\/wp\/v2\/types\/product"}],"replies":[{"embeddable":true,"href":"https:\/\/medical-spirit-of-beauty.de\/fr\/wp-json\/wp\/v2\/comments?post=5934"}],"wp:featuredmedia":[{"embeddable":true,"href":"https:\/\/medical-spirit-of-beauty.de\/fr\/wp-json\/wp\/v2\/media\/11045"}],"wp:attachment":[{"href":"https:\/\/medical-spirit-of-beauty.de\/fr\/wp-json\/wp\/v2\/media?parent=5934"}],"wp:term":[{"taxonomy":"product_brand","embeddable":true,"href":"https:\/\/medical-spirit-of-beauty.de\/fr\/wp-json\/wp\/v2\/product_brand?post=5934"},{"taxonomy":"product_cat","embeddable":true,"href":"https:\/\/medical-spirit-of-beauty.de\/fr\/wp-json\/wp\/v2\/product_cat?post=5934"},{"taxonomy":"product_tag","embeddable":true,"href":"https:\/\/medical-spirit-of-beauty.de\/fr\/wp-json\/wp\/v2\/product_tag?post=5934"}],"curies":[{"name":"wp","href":"https:\/\/api.w.org\/{rel}","templated":true}]}}