{"id":5924,"date":"2021-04-01T08:57:23","date_gmt":"2021-04-01T08:57:23","guid":{"rendered":"https:\/\/unruffled-liskov.212-227-213-12.plesk.page\/produkt\/pigment-normalizing-gel-serum\/"},"modified":"2023-07-19T15:58:06","modified_gmt":"2023-07-19T13:58:06","slug":"pigment-normalizing-gel-serum","status":"publish","type":"product","link":"https:\/\/medical-spirit-of-beauty.de\/fr\/produkt\/pigment-normalizing-gel-serum\/","title":{"rendered":"Pigment Normalizing Gel Serum"},"content":{"rendered":"<p>Un teint uniforme est superbe et donne \u00e0 la peau un aspect jeune et frais. \u00c0 partir d&#8217;un certain \u00e2ge et en cas de variations hormonales, des taches pigmentaires et des changements de pigmentation peuvent appara\u00eetre, donnant \u00e0 la peau un aspect plus \u00e2g\u00e9 qu&#8217;elle ne l&#8217;est en r\u00e9alit\u00e9. C&#8217;est pourquoi de nombreuses personnes consid\u00e8rent les taches de pigmentation et autres comme inesth\u00e9tiques d&#8217;un point de vue cosm\u00e9tique et souhaitent s&#8217;en d\u00e9barrasser au plus vite.<\/p>\n<p>Pendant et apr\u00e8s l&#8217;application de Pigment Normalizing Gel Serum, il faut \u00e9viter l&#8217;exposition directe de la peau aux rayons UV (soleil, solarium). Apr\u00e8s application, il faut prot\u00e9ger la peau \u00e0 l&#8217;aide d&#8217;une cr\u00e8me solaire \u00e0 indice de protection \u00e9lev\u00e9 (30 ou 50).<\/p>\n<p>Concentr\u00e9 blanchissant efficace pour une am\u00e9lioration du teint \u00e0 long terme.<\/p>\n<p>&nbsp;<\/p>\n<ul>\n<li>Agit contre la pigmentation directement \u00e0 la source<\/li>\n<li>Rend la peau visiblement plus lisse, plus lumineuse et plus \u00e9clatante<\/li>\n<li>Prot\u00e8ge contre les irritations de la peau<\/li>\n<li>Agit contre les radicaux libres<\/li>\n<li>Hydrate la peau<\/li>\n<\/ul>\n","protected":false},"excerpt":{"rendered":"<p>Concentr\u00e9 blanchissant efficace pour une am\u00e9lioration du teint \u00e0 long terme.<\/p>\n<p>&nbsp;<\/p>\n<ul>\n<li>Agit contre la pigmentation directement \u00e0 la source<\/li>\n<li>Rend la peau visiblement plus lisse, plus lumineuse et plus \u00e9clatante<\/li>\n<li>Prot\u00e8ge contre les irritations de la peau<\/li>\n<li>Agit contre les radicaux libres<\/li>\n<li>Hydrate la peau<\/li>\n<\/ul>\n","protected":false},"featured_media":11036,"comment_status":"open","ping_status":"closed","template":"","meta":{"site-sidebar-layout":"default","site-content-layout":"default","ast-site-content-layout":"default","site-content-style":"default","site-sidebar-style":"default","ast-global-header-display":"","ast-banner-title-visibility":"","ast-main-header-display":"","ast-hfb-above-header-display":"","ast-hfb-below-header-display":"","ast-hfb-mobile-header-display":"","site-post-title":"","ast-breadcrumbs-content":"","ast-featured-img":"","footer-sml-layout":"","theme-transparent-header-meta":"default","adv-header-id-meta":"","stick-header-meta":"","header-above-stick-meta":"","header-main-stick-meta":"","header-below-stick-meta":"","astra-migrate-meta-layouts":"default","ast-page-background-enabled":"default","ast-page-background-meta":{"desktop":{"background-color":"","background-image":"","background-repeat":"repeat","background-position":"center center","background-size":"auto","background-attachment":"scroll","background-type":"","background-media":"","overlay-type":"","overlay-color":"","overlay-opacity":"","overlay-gradient":""},"tablet":{"background-color":"","background-image":"","background-repeat":"repeat","background-position":"center center","background-size":"auto","background-attachment":"scroll","background-type":"","background-media":"","overlay-type":"","overlay-color":"","overlay-opacity":"","overlay-gradient":""},"mobile":{"background-color":"","background-image":"","background-repeat":"repeat","background-position":"center center","background-size":"auto","background-attachment":"scroll","background-type":"","background-media":"","overlay-type":"","overlay-color":"","overlay-opacity":"","overlay-gradient":""}},"ast-content-background-meta":{"desktop":{"background-color":"var(--ast-global-color-5)","background-image":"","background-repeat":"repeat","background-position":"center center","background-size":"auto","background-attachment":"scroll","background-type":"","background-media":"","overlay-type":"","overlay-color":"","overlay-opacity":"","overlay-gradient":""},"tablet":{"background-color":"var(--ast-global-color-5)","background-image":"","background-repeat":"repeat","background-position":"center center","background-size":"auto","background-attachment":"scroll","background-type":"","background-media":"","overlay-type":"","overlay-color":"","overlay-opacity":"","overlay-gradient":""},"mobile":{"background-color":"var(--ast-global-color-5)","background-image":"","background-repeat":"repeat","background-position":"center center","background-size":"auto","background-attachment":"scroll","background-type":"","background-media":"","overlay-type":"","overlay-color":"","overlay-opacity":"","overlay-gradient":""}},"wds_primary_product_brand":0,"wds_primary_product_delivery_times":0,"wds_primary_product_sale_labels":0,"wds_primary_product_cat":0},"product_brand":[],"product_cat":[262,245],"product_tag":[],"class_list":{"0":"post-5924","1":"product","2":"type-product","3":"status-publish","4":"has-post-thumbnail","6":"product_cat-basis-line-fr","7":"product_cat-special-care-fr","8":"pa_eigenschaften-anti-pigment-fr","9":"pa_eigenschaften-aufhellend-fr","10":"pa_eigenschaften-feuchtigkeitsspendend-fr","11":"pa_hauttyp-fettige-haut-fr","12":"pa_hauttyp-unreine-haut-fr","13":"pa_hauttyp-reife-haut-fr","14":"pa_hauttyp-mischhaut-fr","15":"pa_hauttyp-normale-haut-fr","16":"pa_hauttyp-pigmentierte-haut-fr","17":"pa_hauttyp-trockene-haut-fr","18":"pa_hauttyp-empfindliche-haut-fr","19":"pa_iinhalt-30-ml-fr","20":"pa_iinhalt-50-ml-fr","21":"pa_zielgruppe-frau-fr","22":"pa_zielgruppe-mann-fr","23":"pa_zielgruppe-unisex-fr","24":"desktop-align-left","25":"tablet-align-left","26":"mobile-align-left","28":"first","29":"instock","30":"taxable","31":"shipping-taxable","32":"purchasable","33":"product-type-variable"},"wpr_featured_image":["https:\/\/medical-spirit-of-beauty.de\/wp-content\/uploads\/2021\/04\/01252_PigmentNormalizingGelSerum_30ml_1221-150x150.png",150,150,true],"_links":{"self":[{"href":"https:\/\/medical-spirit-of-beauty.de\/fr\/wp-json\/wp\/v2\/product\/5924","targetHints":{"allow":["GET"]}}],"collection":[{"href":"https:\/\/medical-spirit-of-beauty.de\/fr\/wp-json\/wp\/v2\/product"}],"about":[{"href":"https:\/\/medical-spirit-of-beauty.de\/fr\/wp-json\/wp\/v2\/types\/product"}],"replies":[{"embeddable":true,"href":"https:\/\/medical-spirit-of-beauty.de\/fr\/wp-json\/wp\/v2\/comments?post=5924"}],"wp:featuredmedia":[{"embeddable":true,"href":"https:\/\/medical-spirit-of-beauty.de\/fr\/wp-json\/wp\/v2\/media\/11036"}],"wp:attachment":[{"href":"https:\/\/medical-spirit-of-beauty.de\/fr\/wp-json\/wp\/v2\/media?parent=5924"}],"wp:term":[{"taxonomy":"product_brand","embeddable":true,"href":"https:\/\/medical-spirit-of-beauty.de\/fr\/wp-json\/wp\/v2\/product_brand?post=5924"},{"taxonomy":"product_cat","embeddable":true,"href":"https:\/\/medical-spirit-of-beauty.de\/fr\/wp-json\/wp\/v2\/product_cat?post=5924"},{"taxonomy":"product_tag","embeddable":true,"href":"https:\/\/medical-spirit-of-beauty.de\/fr\/wp-json\/wp\/v2\/product_tag?post=5924"}],"curies":[{"name":"wp","href":"https:\/\/api.w.org\/{rel}","templated":true}]}}