{"id":5915,"date":"2021-04-01T08:57:23","date_gmt":"2021-04-01T08:57:23","guid":{"rendered":"https:\/\/unruffled-liskov.212-227-213-12.plesk.page\/produkt\/glyco-peel-med\/"},"modified":"2023-07-19T16:12:36","modified_gmt":"2023-07-19T14:12:36","slug":"glyco-peel-med","status":"publish","type":"product","link":"https:\/\/medical-spirit-of-beauty.de\/fr\/produkt\/glyco-peel-med\/","title":{"rendered":"Glyco Peel med"},"content":{"rendered":"<p>La peau para\u00eet terne et sans \u00e9clat, les premiers signes de vieillissement sont visibles. Ce soin de la peau aux multiples talents a \u00e9t\u00e9 sp\u00e9cialement con\u00e7u pour r\u00e9pondre aux besoins des peaux matures.<\/p>\n<p>Remarque<br \/>\nApr\u00e8s l&#8217;application, la peau devrait \u00eatre prot\u00e9g\u00e9e \u00e0 l&#8217;aide d&#8217;un indice de protection solaire \u00e9lev\u00e9. \u00c9viter le contact avec les yeux ! Tant que l&#8217;acide de fruits se trouve dans la peau, celle-ci ne doit pas \u00eatre expos\u00e9e au soleil, au solarium ou aux bains de vapeur (sauna) ou autres.<\/p>\n<p>L\u2018acide glycolique, efficace et compos\u00e9 des micro-mol\u00e9cules, est un gel d\u2018acide de fruit tr\u00e8s pur, a haute compatibilit\u00e9 cutan\u00e9e avec une partie d\u2019acidit\u00e9 d\u2018environ 10 %.<\/p>\n<p>&nbsp;<\/p>\n<ul>\n<li>Nettoie la peau en profondeur<\/li>\n<li>\u00e9limine en douceur les cellules de peau mortes<\/li>\n<li>Favorise la r\u00e9g\u00e9n\u00e9ration naturelle de la peau<\/li>\n<li>Rend la peau visiblement plus uniforme, plus douce et plus lisse<\/li>\n<li>Rend la peau plus claire et plus \u00e9clatante<\/li>\n<\/ul>\n","protected":false},"excerpt":{"rendered":"<p>L\u2018acide glycolique, efficace et compos\u00e9 des micro-mol\u00e9cules, est un gel d\u2018acide de fruit tr\u00e8s pur, a haute compatibilit\u00e9 cutan\u00e9e avec une partie d\u2019acidit\u00e9 d\u2018environ 10 %.<\/p>\n<p>&nbsp;<\/p>\n<ul>\n<li>Nettoie la peau en profondeur<\/li>\n<li>\u00e9limine en douceur les cellules de peau mortes<\/li>\n<li>Favorise la r\u00e9g\u00e9n\u00e9ration naturelle de la peau<\/li>\n<li>Rend la peau visiblement plus uniforme, plus douce et plus lisse<\/li>\n<li>Rend la peau plus claire et plus \u00e9clatante<\/li>\n<\/ul>\n","protected":false},"featured_media":11018,"comment_status":"open","ping_status":"closed","template":"","meta":{"site-sidebar-layout":"default","site-content-layout":"default","ast-site-content-layout":"default","site-content-style":"default","site-sidebar-style":"default","ast-global-header-display":"","ast-banner-title-visibility":"","ast-main-header-display":"","ast-hfb-above-header-display":"","ast-hfb-below-header-display":"","ast-hfb-mobile-header-display":"","site-post-title":"","ast-breadcrumbs-content":"","ast-featured-img":"","footer-sml-layout":"","theme-transparent-header-meta":"default","adv-header-id-meta":"","stick-header-meta":"","header-above-stick-meta":"","header-main-stick-meta":"","header-below-stick-meta":"","astra-migrate-meta-layouts":"default","ast-page-background-enabled":"default","ast-page-background-meta":{"desktop":{"background-color":"","background-image":"","background-repeat":"repeat","background-position":"center center","background-size":"auto","background-attachment":"scroll","background-type":"","background-media":"","overlay-type":"","overlay-color":"","overlay-opacity":"","overlay-gradient":""},"tablet":{"background-color":"","background-image":"","background-repeat":"repeat","background-position":"center center","background-size":"auto","background-attachment":"scroll","background-type":"","background-media":"","overlay-type":"","overlay-color":"","overlay-opacity":"","overlay-gradient":""},"mobile":{"background-color":"","background-image":"","background-repeat":"repeat","background-position":"center center","background-size":"auto","background-attachment":"scroll","background-type":"","background-media":"","overlay-type":"","overlay-color":"","overlay-opacity":"","overlay-gradient":""}},"ast-content-background-meta":{"desktop":{"background-color":"var(--ast-global-color-5)","background-image":"","background-repeat":"repeat","background-position":"center center","background-size":"auto","background-attachment":"scroll","background-type":"","background-media":"","overlay-type":"","overlay-color":"","overlay-opacity":"","overlay-gradient":""},"tablet":{"background-color":"var(--ast-global-color-5)","background-image":"","background-repeat":"repeat","background-position":"center center","background-size":"auto","background-attachment":"scroll","background-type":"","background-media":"","overlay-type":"","overlay-color":"","overlay-opacity":"","overlay-gradient":""},"mobile":{"background-color":"var(--ast-global-color-5)","background-image":"","background-repeat":"repeat","background-position":"center center","background-size":"auto","background-attachment":"scroll","background-type":"","background-media":"","overlay-type":"","overlay-color":"","overlay-opacity":"","overlay-gradient":""}},"wds_primary_product_brand":0,"wds_primary_product_delivery_times":0,"wds_primary_product_sale_labels":0,"wds_primary_product_cat":0},"product_brand":[],"product_cat":[252,262],"product_tag":[],"class_list":{"0":"post-5915","1":"product","2":"type-product","3":"status-publish","4":"has-post-thumbnail","6":"product_cat-basic-care-fr","7":"product_cat-basis-line-fr","8":"pa_eigenschaften-anti-aging-fr","9":"pa_eigenschaften-anti-hautunreinheiten-fr","10":"pa_eigenschaften-anti-pigment-fr","11":"pa_eigenschaften-aufhellend-fr","12":"pa_eigenschaften-feuchtigkeitsspendend-fr","13":"pa_eigenschaften-reinigend-fr","14":"pa_hauttyp-reife-haut-fr","15":"pa_hauttyp-mischhaut-fr","16":"pa_hauttyp-normale-haut-fr","17":"pa_iinhalt-30-ml-fr","18":"pa_iinhalt-50-ml-fr","19":"pa_zielgruppe-frau-fr","20":"pa_zielgruppe-mann-fr","21":"pa_zielgruppe-unisex-fr","22":"desktop-align-left","23":"tablet-align-left","24":"mobile-align-left","26":"first","27":"instock","28":"taxable","29":"shipping-taxable","30":"purchasable","31":"product-type-variable"},"wpr_featured_image":["https:\/\/medical-spirit-of-beauty.de\/wp-content\/uploads\/2021\/04\/01251_GlycoPeelMed_30ml_1221-150x150.png",150,150,true],"_links":{"self":[{"href":"https:\/\/medical-spirit-of-beauty.de\/fr\/wp-json\/wp\/v2\/product\/5915","targetHints":{"allow":["GET"]}}],"collection":[{"href":"https:\/\/medical-spirit-of-beauty.de\/fr\/wp-json\/wp\/v2\/product"}],"about":[{"href":"https:\/\/medical-spirit-of-beauty.de\/fr\/wp-json\/wp\/v2\/types\/product"}],"replies":[{"embeddable":true,"href":"https:\/\/medical-spirit-of-beauty.de\/fr\/wp-json\/wp\/v2\/comments?post=5915"}],"wp:featuredmedia":[{"embeddable":true,"href":"https:\/\/medical-spirit-of-beauty.de\/fr\/wp-json\/wp\/v2\/media\/11018"}],"wp:attachment":[{"href":"https:\/\/medical-spirit-of-beauty.de\/fr\/wp-json\/wp\/v2\/media?parent=5915"}],"wp:term":[{"taxonomy":"product_brand","embeddable":true,"href":"https:\/\/medical-spirit-of-beauty.de\/fr\/wp-json\/wp\/v2\/product_brand?post=5915"},{"taxonomy":"product_cat","embeddable":true,"href":"https:\/\/medical-spirit-of-beauty.de\/fr\/wp-json\/wp\/v2\/product_cat?post=5915"},{"taxonomy":"product_tag","embeddable":true,"href":"https:\/\/medical-spirit-of-beauty.de\/fr\/wp-json\/wp\/v2\/product_tag?post=5915"}],"curies":[{"name":"wp","href":"https:\/\/api.w.org\/{rel}","templated":true}]}}