{"id":5905,"date":"2021-04-01T08:57:23","date_gmt":"2021-04-01T08:57:23","guid":{"rendered":"https:\/\/unruffled-liskov.212-227-213-12.plesk.page\/produkt\/natural-peel-med\/"},"modified":"2023-07-14T16:16:12","modified_gmt":"2023-07-14T14:16:12","slug":"natural-peel-med","status":"publish","type":"product","link":"https:\/\/medical-spirit-of-beauty.de\/fr\/produkt\/natural-peel-med\/","title":{"rendered":"Natural Peel med"},"content":{"rendered":"<p>La peau a un aspect terne et sans \u00e9clat, elle d\u00e9mange et tiraille. De petites ridules de d\u00e9shydratation apparaissent et les peaux mortes remontent \u00e0 la surface. La peau est alors particuli\u00e8rement vuln\u00e9rable aux facteurs ext\u00e9rieurs et des rougeurs, des irritations et des impuret\u00e9s apparaissent.<\/p>\n<ul>\n<li>Affine la structure de la peau, les k\u00e9ratinisations sont rel\u00e2ch\u00e9es et \u00e9limin\u00e9es<\/li>\n<li>Augmente l\u2018absorption de la mati\u00e8re active<\/li>\n<li>\u00e9quilibre la peau et laisse-la briller<\/li>\n<li>Id\u00e9al pour la peau d\u2019hommes, r\u00e9duit au minimum les poils incarn\u00e9s sur votre visage<\/li>\n<\/ul>\n<p>Remarque<br \/>\nApr\u00e8s l&#8217;application, la peau devrait \u00eatre prot\u00e9g\u00e9e \u00e0 l&#8217;aide d&#8217;un indice de protection solaire \u00e9lev\u00e9. \u00c9viter le contact avec les yeux ! Tant que l&#8217;acide de fruits se trouve dans la peau, celle-ci ne doit pas \u00eatre expos\u00e9e au soleil, au solarium ou aux bains de vapeur (sauna) ou autres.<\/p>\n<p>Conseil<br \/>\nId\u00e9al aussi pour la peau des hommes, car il minimise l&#8217;apparition de poils incarn\u00e9s.<\/p>\n","protected":false},"excerpt":{"rendered":"<p>Une combinaison naturelle d&#8217;acides de fruits pour l&#8217;incorporation sp\u00e9ciale de polym\u00e8res \u00e0 base v\u00e9g\u00e9tale avec une teneur en acides d&#8217;env. 10 %.<\/p>\n<p>&nbsp;<\/p>\n<ul>\n<li>Affine la structure de la peau, les k\u00e9ratinisations sont rel\u00e2ch\u00e9es et \u00e9limin\u00e9es<\/li>\n<li>Augmente l\u2018absorption de la mati\u00e8re active<\/li>\n<li>\u00e9quilibre la peau et laisse-la briller<\/li>\n<li>Id\u00e9al pour la peau d\u2019hommes, r\u00e9duit au minimum les poils incarn\u00e9s sur votre visage<\/li>\n<\/ul>\n","protected":false},"featured_media":11009,"comment_status":"open","ping_status":"closed","template":"","meta":{"site-sidebar-layout":"default","site-content-layout":"default","ast-site-content-layout":"default","site-content-style":"default","site-sidebar-style":"default","ast-global-header-display":"","ast-banner-title-visibility":"","ast-main-header-display":"","ast-hfb-above-header-display":"","ast-hfb-below-header-display":"","ast-hfb-mobile-header-display":"","site-post-title":"","ast-breadcrumbs-content":"","ast-featured-img":"","footer-sml-layout":"","theme-transparent-header-meta":"default","adv-header-id-meta":"","stick-header-meta":"","header-above-stick-meta":"","header-main-stick-meta":"","header-below-stick-meta":"","astra-migrate-meta-layouts":"default","ast-page-background-enabled":"default","ast-page-background-meta":{"desktop":{"background-color":"","background-image":"","background-repeat":"repeat","background-position":"center center","background-size":"auto","background-attachment":"scroll","background-type":"","background-media":"","overlay-type":"","overlay-color":"","overlay-opacity":"","overlay-gradient":""},"tablet":{"background-color":"","background-image":"","background-repeat":"repeat","background-position":"center center","background-size":"auto","background-attachment":"scroll","background-type":"","background-media":"","overlay-type":"","overlay-color":"","overlay-opacity":"","overlay-gradient":""},"mobile":{"background-color":"","background-image":"","background-repeat":"repeat","background-position":"center center","background-size":"auto","background-attachment":"scroll","background-type":"","background-media":"","overlay-type":"","overlay-color":"","overlay-opacity":"","overlay-gradient":""}},"ast-content-background-meta":{"desktop":{"background-color":"var(--ast-global-color-5)","background-image":"","background-repeat":"repeat","background-position":"center center","background-size":"auto","background-attachment":"scroll","background-type":"","background-media":"","overlay-type":"","overlay-color":"","overlay-opacity":"","overlay-gradient":""},"tablet":{"background-color":"var(--ast-global-color-5)","background-image":"","background-repeat":"repeat","background-position":"center center","background-size":"auto","background-attachment":"scroll","background-type":"","background-media":"","overlay-type":"","overlay-color":"","overlay-opacity":"","overlay-gradient":""},"mobile":{"background-color":"var(--ast-global-color-5)","background-image":"","background-repeat":"repeat","background-position":"center center","background-size":"auto","background-attachment":"scroll","background-type":"","background-media":"","overlay-type":"","overlay-color":"","overlay-opacity":"","overlay-gradient":""}},"wds_primary_product_brand":0,"wds_primary_product_delivery_times":0,"wds_primary_product_sale_labels":0,"wds_primary_product_cat":0},"product_brand":[],"product_cat":[252,262],"product_tag":[],"class_list":{"0":"post-5905","1":"product","2":"type-product","3":"status-publish","4":"has-post-thumbnail","6":"product_cat-basic-care-fr","7":"product_cat-basis-line-fr","8":"pa_eigenschaften-anti-aging-fr","9":"pa_eigenschaften-anti-hautunreinheiten-fr","10":"pa_eigenschaften-anti-pigment-fr","11":"pa_eigenschaften-aufhellend-fr","12":"pa_eigenschaften-feuchtigkeitsspendend-fr","13":"pa_eigenschaften-reinigend-fr","14":"pa_hauttyp-mischhaut-fr","15":"pa_hauttyp-normale-haut-fr","16":"pa_hauttyp-trockene-haut-fr","17":"pa_iinhalt-30-ml-fr","18":"pa_iinhalt-50-ml-fr","19":"pa_zielgruppe-frau-fr","20":"pa_zielgruppe-mann-fr","21":"pa_zielgruppe-unisex-fr","22":"desktop-align-left","23":"tablet-align-left","24":"mobile-align-left","26":"first","27":"instock","28":"taxable","29":"shipping-taxable","30":"purchasable","31":"product-type-variable"},"wpr_featured_image":["https:\/\/medical-spirit-of-beauty.de\/wp-content\/uploads\/2021\/04\/01250_NaturalPeelMed_30ml_1221-150x150.png",150,150,true],"_links":{"self":[{"href":"https:\/\/medical-spirit-of-beauty.de\/fr\/wp-json\/wp\/v2\/product\/5905","targetHints":{"allow":["GET"]}}],"collection":[{"href":"https:\/\/medical-spirit-of-beauty.de\/fr\/wp-json\/wp\/v2\/product"}],"about":[{"href":"https:\/\/medical-spirit-of-beauty.de\/fr\/wp-json\/wp\/v2\/types\/product"}],"replies":[{"embeddable":true,"href":"https:\/\/medical-spirit-of-beauty.de\/fr\/wp-json\/wp\/v2\/comments?post=5905"}],"wp:featuredmedia":[{"embeddable":true,"href":"https:\/\/medical-spirit-of-beauty.de\/fr\/wp-json\/wp\/v2\/media\/11009"}],"wp:attachment":[{"href":"https:\/\/medical-spirit-of-beauty.de\/fr\/wp-json\/wp\/v2\/media?parent=5905"}],"wp:term":[{"taxonomy":"product_brand","embeddable":true,"href":"https:\/\/medical-spirit-of-beauty.de\/fr\/wp-json\/wp\/v2\/product_brand?post=5905"},{"taxonomy":"product_cat","embeddable":true,"href":"https:\/\/medical-spirit-of-beauty.de\/fr\/wp-json\/wp\/v2\/product_cat?post=5905"},{"taxonomy":"product_tag","embeddable":true,"href":"https:\/\/medical-spirit-of-beauty.de\/fr\/wp-json\/wp\/v2\/product_tag?post=5905"}],"curies":[{"name":"wp","href":"https:\/\/api.w.org\/{rel}","templated":true}]}}