{"id":5898,"date":"2021-04-01T08:57:28","date_gmt":"2021-04-01T08:57:28","guid":{"rendered":"https:\/\/unruffled-liskov.212-227-213-12.plesk.page\/produkt\/lip-booster\/"},"modified":"2023-07-14T13:14:26","modified_gmt":"2023-07-14T11:14:26","slug":"lip-booster","status":"publish","type":"product","link":"https:\/\/medical-spirit-of-beauty.de\/fr\/produkt\/lip-booster\/","title":{"rendered":"Lip Booster"},"content":{"rendered":"<p>Baume l\u00e8vres gainant et lissant qui, gr\u00e2ce \u00e0 sa texture particuli\u00e8rement fine compar\u00e9 aux crayons gras, offre l&#8217;avantage de p\u00e9n\u00e9trer dans la peau aussi profond\u00e9ment qu&#8217;une cr\u00e8me. La diff\u00e9rence se sent imm\u00e9diatement.<\/p>\n<p><\/p>\n<p>&nbsp;<\/p>\n<ul>\n<li>Lisse les ridules des l\u00e8vres et les lignes autour de la bouche<\/li>\n<li>Resserre visiblement le contour des l\u00e8vres<\/li>\n<li>Pr\u00e9serve la peau des l\u00e8vres de la d\u00e9shydratation<\/li>\n<li>Rend les l\u00e8vres plus expressives<\/li>\n<\/ul>\n","protected":false},"excerpt":{"rendered":"<p>Baume l\u00e8vres gainant et lissant qui, gr\u00e2ce \u00e0 sa texture particuli\u00e8rement fine compar\u00e9 aux crayons gras, offre l&#8217;avantage de p\u00e9n\u00e9trer dans la peau aussi profond\u00e9ment qu&#8217;une cr\u00e8me. La diff\u00e9rence se sent imm\u00e9diatement.<\/p>\n<p>&nbsp;<\/p>\n<ul>\n<li>Lisse les ridules des l\u00e8vres et les lignes autour de la bouche<\/li>\n<li>Resserre visiblement le contour des l\u00e8vres<\/li>\n<li>Pr\u00e9serve la peau des l\u00e8vres de la d\u00e9shydratation<\/li>\n<li>Rend les l\u00e8vres plus expressives<\/li>\n<\/ul>\n","protected":false},"featured_media":10748,"comment_status":"open","ping_status":"closed","template":"","meta":{"site-sidebar-layout":"default","site-content-layout":"default","ast-site-content-layout":"default","site-content-style":"default","site-sidebar-style":"default","ast-global-header-display":"","ast-banner-title-visibility":"","ast-main-header-display":"","ast-hfb-above-header-display":"","ast-hfb-below-header-display":"","ast-hfb-mobile-header-display":"","site-post-title":"","ast-breadcrumbs-content":"","ast-featured-img":"","footer-sml-layout":"","theme-transparent-header-meta":"default","adv-header-id-meta":"","stick-header-meta":"","header-above-stick-meta":"","header-main-stick-meta":"","header-below-stick-meta":"","astra-migrate-meta-layouts":"default","ast-page-background-enabled":"default","ast-page-background-meta":{"desktop":{"background-color":"","background-image":"","background-repeat":"repeat","background-position":"center center","background-size":"auto","background-attachment":"scroll","background-type":"","background-media":"","overlay-type":"","overlay-color":"","overlay-opacity":"","overlay-gradient":""},"tablet":{"background-color":"","background-image":"","background-repeat":"repeat","background-position":"center center","background-size":"auto","background-attachment":"scroll","background-type":"","background-media":"","overlay-type":"","overlay-color":"","overlay-opacity":"","overlay-gradient":""},"mobile":{"background-color":"","background-image":"","background-repeat":"repeat","background-position":"center center","background-size":"auto","background-attachment":"scroll","background-type":"","background-media":"","overlay-type":"","overlay-color":"","overlay-opacity":"","overlay-gradient":""}},"ast-content-background-meta":{"desktop":{"background-color":"var(--ast-global-color-5)","background-image":"","background-repeat":"repeat","background-position":"center center","background-size":"auto","background-attachment":"scroll","background-type":"","background-media":"","overlay-type":"","overlay-color":"","overlay-opacity":"","overlay-gradient":""},"tablet":{"background-color":"var(--ast-global-color-5)","background-image":"","background-repeat":"repeat","background-position":"center center","background-size":"auto","background-attachment":"scroll","background-type":"","background-media":"","overlay-type":"","overlay-color":"","overlay-opacity":"","overlay-gradient":""},"mobile":{"background-color":"var(--ast-global-color-5)","background-image":"","background-repeat":"repeat","background-position":"center center","background-size":"auto","background-attachment":"scroll","background-type":"","background-media":"","overlay-type":"","overlay-color":"","overlay-opacity":"","overlay-gradient":""}},"wds_primary_product_brand":0,"wds_primary_product_delivery_times":0,"wds_primary_product_sale_labels":0,"wds_primary_product_cat":0},"product_brand":[],"product_cat":[262,236],"product_tag":[],"class_list":{"0":"post-5898","1":"product","2":"type-product","3":"status-publish","4":"has-post-thumbnail","6":"product_cat-basis-line-fr","7":"product_cat-final-care-fr","8":"pa_eigenschaften-feuchtigkeitsspendend-fr","9":"pa_hauttyp-fettige-haut-fr","10":"pa_hauttyp-unreine-haut-fr","11":"pa_hauttyp-reife-haut-fr","12":"pa_hauttyp-mischhaut-fr","13":"pa_hauttyp-normale-haut-fr","14":"pa_hauttyp-pigmentierte-haut-fr","15":"pa_hauttyp-trockene-haut-fr","16":"pa_hauttyp-empfindliche-haut-fr","17":"pa_zielgruppe-frau-fr","18":"pa_zielgruppe-mann-fr","19":"pa_zielgruppe-unisex-fr","20":"desktop-align-left","21":"tablet-align-left","22":"mobile-align-left","24":"first","25":"instock","26":"taxable","27":"shipping-taxable","28":"purchasable","29":"product-type-simple"},"wpr_featured_image":["https:\/\/medical-spirit-of-beauty.de\/wp-content\/uploads\/2021\/04\/01277_LipBooster_75ml_Frame_1221-150x150.png",150,150,true],"_links":{"self":[{"href":"https:\/\/medical-spirit-of-beauty.de\/fr\/wp-json\/wp\/v2\/product\/5898","targetHints":{"allow":["GET"]}}],"collection":[{"href":"https:\/\/medical-spirit-of-beauty.de\/fr\/wp-json\/wp\/v2\/product"}],"about":[{"href":"https:\/\/medical-spirit-of-beauty.de\/fr\/wp-json\/wp\/v2\/types\/product"}],"replies":[{"embeddable":true,"href":"https:\/\/medical-spirit-of-beauty.de\/fr\/wp-json\/wp\/v2\/comments?post=5898"}],"wp:featuredmedia":[{"embeddable":true,"href":"https:\/\/medical-spirit-of-beauty.de\/fr\/wp-json\/wp\/v2\/media\/10748"}],"wp:attachment":[{"href":"https:\/\/medical-spirit-of-beauty.de\/fr\/wp-json\/wp\/v2\/media?parent=5898"}],"wp:term":[{"taxonomy":"product_brand","embeddable":true,"href":"https:\/\/medical-spirit-of-beauty.de\/fr\/wp-json\/wp\/v2\/product_brand?post=5898"},{"taxonomy":"product_cat","embeddable":true,"href":"https:\/\/medical-spirit-of-beauty.de\/fr\/wp-json\/wp\/v2\/product_cat?post=5898"},{"taxonomy":"product_tag","embeddable":true,"href":"https:\/\/medical-spirit-of-beauty.de\/fr\/wp-json\/wp\/v2\/product_tag?post=5898"}],"curies":[{"name":"wp","href":"https:\/\/api.w.org\/{rel}","templated":true}]}}