{"id":5890,"date":"2021-04-01T08:57:28","date_gmt":"2021-04-01T08:57:28","guid":{"rendered":"https:\/\/unruffled-liskov.212-227-213-12.plesk.page\/produkt\/normalizing-serum\/"},"modified":"2023-07-14T13:53:12","modified_gmt":"2023-07-14T11:53:12","slug":"normalizing-serum","status":"publish","type":"product","link":"https:\/\/medical-spirit-of-beauty.de\/fr\/produkt\/normalizing-serum\/","title":{"rendered":"Normalizing Serum"},"content":{"rendered":"<p>La peau impure n&#8217;est plus depuis longtemps un simple probl\u00e8me d&#8217;adolescence. Elle appara\u00eet \u00e0 des degr\u00e9s divers \u00e0 presque tous les \u00e2ges. Les femmes comme les hommes sont concern\u00e9s, m\u00eame si les hommes sont souvent plus touch\u00e9s.<\/p>\n<p>Produit \u00e0 base de principes actifs r\u00e9gulateurs ayant un effet \u00e0 long terme, pour affiner les pores et r\u00e9duire la brillance de la peau. Pour peau mixte et grasse et \u00e0 tendance \u00e0 l\u2018acn\u00e9.<br \/>\n<\/p>\n<ul>\n<li>R\u00e9gule la teneur en s\u00e9bum de peaux s\u00e8ches et grasses et garde l\u2019\u00e9quilibre<\/li>\n<li>Normalise l\u2018activit\u00e9 des glandes s\u00e9bac\u00e9es<\/li>\n<li>Hydrate intens\u00e9ment la peau<\/li>\n<li>Prot\u00e8ge contre la perte d\u2018humidit\u00e9<\/li>\n<li>Agit comme antibact\u00e9rien et anti-inflammatoire<\/li>\n<\/ul>\n<p><\/p>\n<p>Conseil<br \/>\nL&#8217;application quotidienne suppl\u00e9mentaire (le matin et le soir) de Night &amp; Day Collagen soutient et accro\u00eet significativement l&#8217;effet de soin de Normalizing Serum.<\/p>\n","protected":false},"excerpt":{"rendered":"<p>Produit \u00e0 base de principes actifs r\u00e9gulateurs ayant un effet \u00e0 long terme, pour affiner les pores et r\u00e9duire la brillance de la peau. Pour peau mixte et grasse et \u00e0 tendance \u00e0 l\u2018acn\u00e9.<\/p>\n<p>&nbsp;<\/p>\n<ul>\n<li>R\u00e9gule la teneur en s\u00e9bum de peaux s\u00e8ches et grasses et garde l\u2019\u00e9quilibre<\/li>\n<li>Normalise l\u2018activit\u00e9 des glandes s\u00e9bac\u00e9es<\/li>\n<li>Hydrate intens\u00e9ment la peau<\/li>\n<li>Prot\u00e8ge contre la perte d\u2018humidit\u00e9<\/li>\n<li>Agit comme antibact\u00e9rien et anti-inflammatoire<\/li>\n<\/ul>\n","protected":false},"featured_media":11027,"comment_status":"open","ping_status":"closed","template":"","meta":{"site-sidebar-layout":"default","site-content-layout":"default","ast-site-content-layout":"default","site-content-style":"default","site-sidebar-style":"default","ast-global-header-display":"","ast-banner-title-visibility":"","ast-main-header-display":"","ast-hfb-above-header-display":"","ast-hfb-below-header-display":"","ast-hfb-mobile-header-display":"","site-post-title":"","ast-breadcrumbs-content":"","ast-featured-img":"","footer-sml-layout":"","theme-transparent-header-meta":"default","adv-header-id-meta":"","stick-header-meta":"","header-above-stick-meta":"","header-main-stick-meta":"","header-below-stick-meta":"","astra-migrate-meta-layouts":"default","ast-page-background-enabled":"default","ast-page-background-meta":{"desktop":{"background-color":"","background-image":"","background-repeat":"repeat","background-position":"center center","background-size":"auto","background-attachment":"scroll","background-type":"","background-media":"","overlay-type":"","overlay-color":"","overlay-opacity":"","overlay-gradient":""},"tablet":{"background-color":"","background-image":"","background-repeat":"repeat","background-position":"center center","background-size":"auto","background-attachment":"scroll","background-type":"","background-media":"","overlay-type":"","overlay-color":"","overlay-opacity":"","overlay-gradient":""},"mobile":{"background-color":"","background-image":"","background-repeat":"repeat","background-position":"center center","background-size":"auto","background-attachment":"scroll","background-type":"","background-media":"","overlay-type":"","overlay-color":"","overlay-opacity":"","overlay-gradient":""}},"ast-content-background-meta":{"desktop":{"background-color":"var(--ast-global-color-5)","background-image":"","background-repeat":"repeat","background-position":"center center","background-size":"auto","background-attachment":"scroll","background-type":"","background-media":"","overlay-type":"","overlay-color":"","overlay-opacity":"","overlay-gradient":""},"tablet":{"background-color":"var(--ast-global-color-5)","background-image":"","background-repeat":"repeat","background-position":"center center","background-size":"auto","background-attachment":"scroll","background-type":"","background-media":"","overlay-type":"","overlay-color":"","overlay-opacity":"","overlay-gradient":""},"mobile":{"background-color":"var(--ast-global-color-5)","background-image":"","background-repeat":"repeat","background-position":"center center","background-size":"auto","background-attachment":"scroll","background-type":"","background-media":"","overlay-type":"","overlay-color":"","overlay-opacity":"","overlay-gradient":""}},"wds_primary_product_brand":0,"wds_primary_product_delivery_times":0,"wds_primary_product_sale_labels":0,"wds_primary_product_cat":0},"product_brand":[],"product_cat":[262,245],"product_tag":[],"class_list":{"0":"post-5890","1":"product","2":"type-product","3":"status-publish","4":"has-post-thumbnail","6":"product_cat-basis-line-fr","7":"product_cat-special-care-fr","8":"pa_eigenschaften-anti-hautunreinheiten-fr","9":"pa_eigenschaften-feuchtigkeitsspendend-fr","10":"pa_eigenschaften-regenerierend-fr","11":"pa_hauttyp-fettige-haut-fr","12":"pa_hauttyp-unreine-haut-fr","13":"pa_hauttyp-reife-haut-fr","14":"pa_hauttyp-mischhaut-fr","15":"pa_hauttyp-normale-haut-fr","16":"pa_iinhalt-30-ml-fr","17":"pa_iinhalt-50-ml-fr","18":"pa_zielgruppe-frau-fr","19":"pa_zielgruppe-mann-fr","20":"pa_zielgruppe-unisex-fr","21":"desktop-align-left","22":"tablet-align-left","23":"mobile-align-left","25":"first","26":"instock","27":"taxable","28":"shipping-taxable","29":"purchasable","30":"product-type-variable"},"wpr_featured_image":["https:\/\/medical-spirit-of-beauty.de\/wp-content\/uploads\/2021\/04\/01266_NormalizingSerum_30ml_1221-150x150.png",150,150,true],"_links":{"self":[{"href":"https:\/\/medical-spirit-of-beauty.de\/fr\/wp-json\/wp\/v2\/product\/5890","targetHints":{"allow":["GET"]}}],"collection":[{"href":"https:\/\/medical-spirit-of-beauty.de\/fr\/wp-json\/wp\/v2\/product"}],"about":[{"href":"https:\/\/medical-spirit-of-beauty.de\/fr\/wp-json\/wp\/v2\/types\/product"}],"replies":[{"embeddable":true,"href":"https:\/\/medical-spirit-of-beauty.de\/fr\/wp-json\/wp\/v2\/comments?post=5890"}],"wp:featuredmedia":[{"embeddable":true,"href":"https:\/\/medical-spirit-of-beauty.de\/fr\/wp-json\/wp\/v2\/media\/11027"}],"wp:attachment":[{"href":"https:\/\/medical-spirit-of-beauty.de\/fr\/wp-json\/wp\/v2\/media?parent=5890"}],"wp:term":[{"taxonomy":"product_brand","embeddable":true,"href":"https:\/\/medical-spirit-of-beauty.de\/fr\/wp-json\/wp\/v2\/product_brand?post=5890"},{"taxonomy":"product_cat","embeddable":true,"href":"https:\/\/medical-spirit-of-beauty.de\/fr\/wp-json\/wp\/v2\/product_cat?post=5890"},{"taxonomy":"product_tag","embeddable":true,"href":"https:\/\/medical-spirit-of-beauty.de\/fr\/wp-json\/wp\/v2\/product_tag?post=5890"}],"curies":[{"name":"wp","href":"https:\/\/api.w.org\/{rel}","templated":true}]}}