{"id":5880,"date":"2021-04-01T08:57:28","date_gmt":"2021-04-01T08:57:28","guid":{"rendered":"https:\/\/unruffled-liskov.212-227-213-12.plesk.page\/produkt\/sensitive-active-serum\/"},"modified":"2023-07-14T16:10:45","modified_gmt":"2023-07-14T14:10:45","slug":"sensitive-active-serum","status":"publish","type":"product","link":"https:\/\/medical-spirit-of-beauty.de\/fr\/produkt\/sensitive-active-serum\/","title":{"rendered":"Sensitive Active Serum"},"content":{"rendered":"<p>La teinte naturelle de notre peau est variable. Elle varie en fonction de notre mode de vie, de notre activit\u00e9 sportive et de notre \u00e9tat d&#8217;esprit. Les formes permanentes de rougeurs, d&#8217;irritations, de d\u00e9mangeaisons et de br\u00fblures constituent souvent un v\u00e9ritable probl\u00e8me cosm\u00e9tique.<\/p>\n<p>S\u00e9rum calmant intensif pour une action continue \u00e0 effet durable. Pour peau sensible et \u00e0 tendance allergique.<br \/>\n<\/p>\n<ul>\n<li>R\u00e9duit rougeurs et pustules<\/li>\n<li>Agit comme antibact\u00e9rien et anti-inflammatoire<\/li>\n<li>Am\u00e9liore la r\u00e9sistance de la peau<\/li>\n<li>Enforce l\u2018\u00e9lasticit\u00e9 des vaisseaux capillaires<\/li>\n<li>Lisse rides et petites cicatrices<\/li>\n<\/ul>\n","protected":false},"excerpt":{"rendered":"<p>S\u00e9rum calmant intensif pour une action continue \u00e0 effet durable. Pour peau sensible et \u00e0 tendance allergique.<br \/>\n&nbsp;<\/p>\n<ul>\n<li>R\u00e9duit rougeurs et pustules<\/li>\n<li>Agit comme antibact\u00e9rien et anti-inflammatoire<\/li>\n<li>Am\u00e9liore la r\u00e9sistance de la peau<\/li>\n<li>Enforce l\u2018\u00e9lasticit\u00e9 des vaisseaux capillaires<\/li>\n<li>Lisse rides et petites cicatrices<\/li>\n<\/ul>\n","protected":false},"featured_media":10993,"comment_status":"open","ping_status":"closed","template":"","meta":{"site-sidebar-layout":"default","site-content-layout":"default","ast-site-content-layout":"default","site-content-style":"default","site-sidebar-style":"default","ast-global-header-display":"","ast-banner-title-visibility":"","ast-main-header-display":"","ast-hfb-above-header-display":"","ast-hfb-below-header-display":"","ast-hfb-mobile-header-display":"","site-post-title":"","ast-breadcrumbs-content":"","ast-featured-img":"","footer-sml-layout":"","theme-transparent-header-meta":"default","adv-header-id-meta":"","stick-header-meta":"","header-above-stick-meta":"","header-main-stick-meta":"","header-below-stick-meta":"","astra-migrate-meta-layouts":"default","ast-page-background-enabled":"default","ast-page-background-meta":{"desktop":{"background-color":"","background-image":"","background-repeat":"repeat","background-position":"center center","background-size":"auto","background-attachment":"scroll","background-type":"","background-media":"","overlay-type":"","overlay-color":"","overlay-opacity":"","overlay-gradient":""},"tablet":{"background-color":"","background-image":"","background-repeat":"repeat","background-position":"center center","background-size":"auto","background-attachment":"scroll","background-type":"","background-media":"","overlay-type":"","overlay-color":"","overlay-opacity":"","overlay-gradient":""},"mobile":{"background-color":"","background-image":"","background-repeat":"repeat","background-position":"center center","background-size":"auto","background-attachment":"scroll","background-type":"","background-media":"","overlay-type":"","overlay-color":"","overlay-opacity":"","overlay-gradient":""}},"ast-content-background-meta":{"desktop":{"background-color":"var(--ast-global-color-5)","background-image":"","background-repeat":"repeat","background-position":"center center","background-size":"auto","background-attachment":"scroll","background-type":"","background-media":"","overlay-type":"","overlay-color":"","overlay-opacity":"","overlay-gradient":""},"tablet":{"background-color":"var(--ast-global-color-5)","background-image":"","background-repeat":"repeat","background-position":"center center","background-size":"auto","background-attachment":"scroll","background-type":"","background-media":"","overlay-type":"","overlay-color":"","overlay-opacity":"","overlay-gradient":""},"mobile":{"background-color":"var(--ast-global-color-5)","background-image":"","background-repeat":"repeat","background-position":"center center","background-size":"auto","background-attachment":"scroll","background-type":"","background-media":"","overlay-type":"","overlay-color":"","overlay-opacity":"","overlay-gradient":""}},"wds_primary_product_brand":0,"wds_primary_product_delivery_times":0,"wds_primary_product_sale_labels":0,"wds_primary_product_cat":0},"product_brand":[],"product_cat":[262,245],"product_tag":[],"class_list":{"0":"post-5880","1":"product","2":"type-product","3":"status-publish","4":"has-post-thumbnail","6":"product_cat-basis-line-fr","7":"product_cat-special-care-fr","8":"pa_eigenschaften-anti-roetungen-fr","9":"pa_eigenschaften-feuchtigkeitsspendend-fr","10":"pa_eigenschaften-festigend-fr","11":"pa_hauttyp-trockene-haut-fr","12":"pa_hauttyp-empfindliche-haut-fr","13":"pa_iinhalt-30-ml-fr","14":"pa_iinhalt-50-ml-fr","15":"pa_zielgruppe-frau-fr","16":"pa_zielgruppe-mann-fr","17":"pa_zielgruppe-unisex-fr","18":"desktop-align-left","19":"tablet-align-left","20":"mobile-align-left","22":"first","23":"instock","24":"taxable","25":"shipping-taxable","26":"purchasable","27":"product-type-variable"},"wpr_featured_image":["https:\/\/medical-spirit-of-beauty.de\/wp-content\/uploads\/2021\/04\/01265_SensitiveActiveSerum_30ml_1221-150x150.png",150,150,true],"_links":{"self":[{"href":"https:\/\/medical-spirit-of-beauty.de\/fr\/wp-json\/wp\/v2\/product\/5880","targetHints":{"allow":["GET"]}}],"collection":[{"href":"https:\/\/medical-spirit-of-beauty.de\/fr\/wp-json\/wp\/v2\/product"}],"about":[{"href":"https:\/\/medical-spirit-of-beauty.de\/fr\/wp-json\/wp\/v2\/types\/product"}],"replies":[{"embeddable":true,"href":"https:\/\/medical-spirit-of-beauty.de\/fr\/wp-json\/wp\/v2\/comments?post=5880"}],"wp:featuredmedia":[{"embeddable":true,"href":"https:\/\/medical-spirit-of-beauty.de\/fr\/wp-json\/wp\/v2\/media\/10993"}],"wp:attachment":[{"href":"https:\/\/medical-spirit-of-beauty.de\/fr\/wp-json\/wp\/v2\/media?parent=5880"}],"wp:term":[{"taxonomy":"product_brand","embeddable":true,"href":"https:\/\/medical-spirit-of-beauty.de\/fr\/wp-json\/wp\/v2\/product_brand?post=5880"},{"taxonomy":"product_cat","embeddable":true,"href":"https:\/\/medical-spirit-of-beauty.de\/fr\/wp-json\/wp\/v2\/product_cat?post=5880"},{"taxonomy":"product_tag","embeddable":true,"href":"https:\/\/medical-spirit-of-beauty.de\/fr\/wp-json\/wp\/v2\/product_tag?post=5880"}],"curies":[{"name":"wp","href":"https:\/\/api.w.org\/{rel}","templated":true}]}}