{"id":5860,"date":"2021-04-01T08:57:28","date_gmt":"2021-04-01T08:57:28","guid":{"rendered":"https:\/\/unruffled-liskov.212-227-213-12.plesk.page\/produkt\/night-day-collagen\/"},"modified":"2023-07-14T11:13:32","modified_gmt":"2023-07-14T09:13:32","slug":"night-day-collagen","status":"publish","type":"product","link":"https:\/\/medical-spirit-of-beauty.de\/fr\/produkt\/night-day-collagen\/","title":{"rendered":"Night &#038; Day Collagen"},"content":{"rendered":"<p>Le collag\u00e8ne est essentiel pour la construction et la fonction de soutien des tissus, il donne \u00e0 la peau un aspect repulp\u00e9 et lisse.<\/p>\n<p>Soins multi-actifs et cr\u00e8me de reconstitution sur base de collag\u00e8ne soluble pour les rides d\u00e9j\u00e0 existantes.<\/p>\n<p>&nbsp;<\/p>\n<ul>\n<li>Am\u00e9liore la capacit\u00e9 de r\u00e9tention de l\u2018humidit\u00e9 de la peau<\/li>\n<li>Att\u00e9nue les rides<\/li>\n<li>Favorise la r\u00e9g\u00e9n\u00e9ration cellulaire<\/li>\n<li>Am\u00e9liore \u00e9lasticit\u00e9 et r\u00e9silience de la peau<\/li>\n<li>D\u00e9tend les traits du visage<\/li>\n<li>Redonne une image d\u2019\u00e9lasticit\u00e9 et de douceur \u00e0 la peau<\/li>\n<\/ul>\n","protected":false},"excerpt":{"rendered":"<p>Soins multi-actifs et cr\u00e8me de reconstitution sur base de collag\u00e8ne soluble pour les rides d\u00e9j\u00e0 existantes.<\/p>\n<p>&nbsp;<\/p>\n<ul>\n<li>Am\u00e9liore la capacit\u00e9 de r\u00e9tention de l\u2018humidit\u00e9 de la peau<\/li>\n<li>Att\u00e9nue les rides<\/li>\n<li>Favorise la r\u00e9g\u00e9n\u00e9ration cellulaire<\/li>\n<li>Am\u00e9liore \u00e9lasticit\u00e9 et r\u00e9silience de la peau<\/li>\n<li>D\u00e9tend les traits du visage<\/li>\n<li>Redonne une image d\u2019\u00e9lasticit\u00e9 et de douceur \u00e0 la peau<\/li>\n<\/ul>\n","protected":false},"featured_media":10971,"comment_status":"open","ping_status":"closed","template":"","meta":{"site-sidebar-layout":"default","site-content-layout":"default","ast-site-content-layout":"default","site-content-style":"default","site-sidebar-style":"default","ast-global-header-display":"","ast-banner-title-visibility":"","ast-main-header-display":"","ast-hfb-above-header-display":"","ast-hfb-below-header-display":"","ast-hfb-mobile-header-display":"","site-post-title":"","ast-breadcrumbs-content":"","ast-featured-img":"","footer-sml-layout":"","theme-transparent-header-meta":"default","adv-header-id-meta":"","stick-header-meta":"","header-above-stick-meta":"","header-main-stick-meta":"","header-below-stick-meta":"","astra-migrate-meta-layouts":"default","ast-page-background-enabled":"default","ast-page-background-meta":{"desktop":{"background-color":"","background-image":"","background-repeat":"repeat","background-position":"center center","background-size":"auto","background-attachment":"scroll","background-type":"","background-media":"","overlay-type":"","overlay-color":"","overlay-opacity":"","overlay-gradient":""},"tablet":{"background-color":"","background-image":"","background-repeat":"repeat","background-position":"center center","background-size":"auto","background-attachment":"scroll","background-type":"","background-media":"","overlay-type":"","overlay-color":"","overlay-opacity":"","overlay-gradient":""},"mobile":{"background-color":"","background-image":"","background-repeat":"repeat","background-position":"center center","background-size":"auto","background-attachment":"scroll","background-type":"","background-media":"","overlay-type":"","overlay-color":"","overlay-opacity":"","overlay-gradient":""}},"ast-content-background-meta":{"desktop":{"background-color":"var(--ast-global-color-5)","background-image":"","background-repeat":"repeat","background-position":"center center","background-size":"auto","background-attachment":"scroll","background-type":"","background-media":"","overlay-type":"","overlay-color":"","overlay-opacity":"","overlay-gradient":""},"tablet":{"background-color":"var(--ast-global-color-5)","background-image":"","background-repeat":"repeat","background-position":"center center","background-size":"auto","background-attachment":"scroll","background-type":"","background-media":"","overlay-type":"","overlay-color":"","overlay-opacity":"","overlay-gradient":""},"mobile":{"background-color":"var(--ast-global-color-5)","background-image":"","background-repeat":"repeat","background-position":"center center","background-size":"auto","background-attachment":"scroll","background-type":"","background-media":"","overlay-type":"","overlay-color":"","overlay-opacity":"","overlay-gradient":""}},"wds_primary_product_brand":0,"wds_primary_product_delivery_times":0,"wds_primary_product_sale_labels":0,"wds_primary_product_cat":0},"product_brand":[],"product_cat":[262,245],"product_tag":[],"class_list":{"0":"post-5860","1":"product","2":"type-product","3":"status-publish","4":"has-post-thumbnail","6":"product_cat-basis-line-fr","7":"product_cat-special-care-fr","8":"pa_eigenschaften-feuchtigkeitsspendend-fr","9":"pa_eigenschaften-glaettend-fr","10":"pa_eigenschaften-festigend-fr","11":"pa_hauttyp-trockene-haut-fr","12":"pa_hauttyp-empfindliche-haut-fr","13":"pa_iinhalt-30-ml-fr","14":"pa_iinhalt-30ml-fr","15":"pa_iinhalt-50-ml-fr","16":"pa_iinhalt-50ml-fr","17":"pa_zielgruppe-frau-fr","18":"pa_zielgruppe-mann-fr","19":"pa_zielgruppe-unisex-fr","20":"desktop-align-left","21":"tablet-align-left","22":"mobile-align-left","24":"first","25":"onbackorder","26":"taxable","27":"shipping-taxable","28":"purchasable","29":"product-type-variable","30":"has-default-attributes"},"wpr_featured_image":["https:\/\/medical-spirit-of-beauty.de\/wp-content\/uploads\/2021\/04\/01256_NightDayCollagen_30ml_1221-150x150.png",150,150,true],"_links":{"self":[{"href":"https:\/\/medical-spirit-of-beauty.de\/fr\/wp-json\/wp\/v2\/product\/5860","targetHints":{"allow":["GET"]}}],"collection":[{"href":"https:\/\/medical-spirit-of-beauty.de\/fr\/wp-json\/wp\/v2\/product"}],"about":[{"href":"https:\/\/medical-spirit-of-beauty.de\/fr\/wp-json\/wp\/v2\/types\/product"}],"replies":[{"embeddable":true,"href":"https:\/\/medical-spirit-of-beauty.de\/fr\/wp-json\/wp\/v2\/comments?post=5860"}],"wp:featuredmedia":[{"embeddable":true,"href":"https:\/\/medical-spirit-of-beauty.de\/fr\/wp-json\/wp\/v2\/media\/10971"}],"wp:attachment":[{"href":"https:\/\/medical-spirit-of-beauty.de\/fr\/wp-json\/wp\/v2\/media?parent=5860"}],"wp:term":[{"taxonomy":"product_brand","embeddable":true,"href":"https:\/\/medical-spirit-of-beauty.de\/fr\/wp-json\/wp\/v2\/product_brand?post=5860"},{"taxonomy":"product_cat","embeddable":true,"href":"https:\/\/medical-spirit-of-beauty.de\/fr\/wp-json\/wp\/v2\/product_cat?post=5860"},{"taxonomy":"product_tag","embeddable":true,"href":"https:\/\/medical-spirit-of-beauty.de\/fr\/wp-json\/wp\/v2\/product_tag?post=5860"}],"curies":[{"name":"wp","href":"https:\/\/api.w.org\/{rel}","templated":true}]}}