{"id":5853,"date":"2021-04-01T08:57:51","date_gmt":"2021-04-01T08:57:51","guid":{"rendered":"https:\/\/unruffled-liskov.212-227-213-12.plesk.page\/produkt\/sensitive-cream\/"},"modified":"2023-07-14T08:52:16","modified_gmt":"2023-07-14T06:52:16","slug":"sensitive-cream","status":"publish","type":"product","link":"https:\/\/medical-spirit-of-beauty.de\/fr\/produkt\/sensitive-cream\/","title":{"rendered":"Sensitive Cream"},"content":{"rendered":"<p>Les peaux sensibles et d\u00e9licates sont particuli\u00e8rement sensibles aux stimuli ext\u00e9rieurs et ont tendance \u00e0 pr\u00e9senter des rougeurs, des irritations et des impuret\u00e9s. Le choix de produits de soins adapt\u00e9s est essentiel et peut aider la peau \u00e0 am\u00e9liorer sa r\u00e9sistance naturelle.<\/p>\n<ul>\n<li>Hydrate et emp\u00eache la perte d\u2018humidit\u00e9<\/li>\n<li>A un effet calmant et relaxant<\/li>\n<li>Apporte des lipides<\/li>\n<li>\u00e9quilibre la peau<\/li>\n<li>Rend la peau plus fra\u00eeche, plus \u00e9clatante et plus lisse<\/li>\n<\/ul>\n","protected":false},"excerpt":{"rendered":"<p>Soin r\u00e9g\u00e9n\u00e9rant et \u00e9quilibrant, harmonise les peaux sensibles et les peaux \u00e0 tendance allergique.<\/p>\n<p>&nbsp;<\/p>\n<ul>\n<li>Hydrate et emp\u00eache la perte d\u2018humidit\u00e9<\/li>\n<li>A un effet calmant et relaxant<\/li>\n<li>Apporte des lipides<\/li>\n<li>\u00e9quilibre la peau<\/li>\n<li>Rend la peau plus fra\u00eeche, plus \u00e9clatante et plus lisse<\/li>\n<\/ul>\n","protected":false},"featured_media":10916,"comment_status":"open","ping_status":"closed","template":"","meta":{"site-sidebar-layout":"default","site-content-layout":"default","ast-site-content-layout":"","site-content-style":"default","site-sidebar-style":"default","ast-global-header-display":"","ast-banner-title-visibility":"","ast-main-header-display":"","ast-hfb-above-header-display":"","ast-hfb-below-header-display":"","ast-hfb-mobile-header-display":"","site-post-title":"","ast-breadcrumbs-content":"","ast-featured-img":"","footer-sml-layout":"","theme-transparent-header-meta":"default","adv-header-id-meta":"","stick-header-meta":"","header-above-stick-meta":"","header-main-stick-meta":"","header-below-stick-meta":"","astra-migrate-meta-layouts":"default","ast-page-background-enabled":"default","ast-page-background-meta":{"desktop":{"background-color":"","background-image":"","background-repeat":"repeat","background-position":"center center","background-size":"auto","background-attachment":"scroll","background-type":"","background-media":"","overlay-type":"","overlay-color":"","overlay-opacity":"","overlay-gradient":""},"tablet":{"background-color":"","background-image":"","background-repeat":"repeat","background-position":"center center","background-size":"auto","background-attachment":"scroll","background-type":"","background-media":"","overlay-type":"","overlay-color":"","overlay-opacity":"","overlay-gradient":""},"mobile":{"background-color":"","background-image":"","background-repeat":"repeat","background-position":"center center","background-size":"auto","background-attachment":"scroll","background-type":"","background-media":"","overlay-type":"","overlay-color":"","overlay-opacity":"","overlay-gradient":""}},"ast-content-background-meta":{"desktop":{"background-color":"var(--ast-global-color-5)","background-image":"","background-repeat":"repeat","background-position":"center center","background-size":"auto","background-attachment":"scroll","background-type":"","background-media":"","overlay-type":"","overlay-color":"","overlay-opacity":"","overlay-gradient":""},"tablet":{"background-color":"var(--ast-global-color-5)","background-image":"","background-repeat":"repeat","background-position":"center center","background-size":"auto","background-attachment":"scroll","background-type":"","background-media":"","overlay-type":"","overlay-color":"","overlay-opacity":"","overlay-gradient":""},"mobile":{"background-color":"var(--ast-global-color-5)","background-image":"","background-repeat":"repeat","background-position":"center center","background-size":"auto","background-attachment":"scroll","background-type":"","background-media":"","overlay-type":"","overlay-color":"","overlay-opacity":"","overlay-gradient":""}},"wds_primary_product_brand":0,"wds_primary_product_delivery_times":0,"wds_primary_product_sale_labels":0,"wds_primary_product_cat":0},"product_brand":[],"product_cat":[262,236],"product_tag":[],"class_list":{"0":"post-5853","1":"product","2":"type-product","3":"status-publish","4":"has-post-thumbnail","6":"product_cat-basis-line-fr","7":"product_cat-final-care-fr","8":"pa_eigenschaften-anti-roetungen-fr","9":"pa_eigenschaften-feuchtigkeitsspendend-fr","10":"pa_eigenschaften-schuetzend-fr","11":"pa_hauttyp-mischhaut-fr","12":"pa_hauttyp-normale-haut-fr","13":"pa_hauttyp-trockene-haut-fr","14":"pa_hauttyp-empfindliche-haut-fr","15":"pa_zielgruppe-teenager-fr","16":"pa_zielgruppe-frau-fr","17":"pa_zielgruppe-mann-fr","18":"pa_zielgruppe-unisex-fr","19":"desktop-align-left","20":"tablet-align-left","21":"mobile-align-left","23":"first","24":"instock","25":"taxable","26":"shipping-taxable","27":"purchasable","28":"product-type-simple"},"wpr_featured_image":["https:\/\/medical-spirit-of-beauty.de\/wp-content\/uploads\/2021\/04\/01287_SensitiveCream_50ml_1221-150x150.png",150,150,true],"_links":{"self":[{"href":"https:\/\/medical-spirit-of-beauty.de\/fr\/wp-json\/wp\/v2\/product\/5853","targetHints":{"allow":["GET"]}}],"collection":[{"href":"https:\/\/medical-spirit-of-beauty.de\/fr\/wp-json\/wp\/v2\/product"}],"about":[{"href":"https:\/\/medical-spirit-of-beauty.de\/fr\/wp-json\/wp\/v2\/types\/product"}],"replies":[{"embeddable":true,"href":"https:\/\/medical-spirit-of-beauty.de\/fr\/wp-json\/wp\/v2\/comments?post=5853"}],"wp:featuredmedia":[{"embeddable":true,"href":"https:\/\/medical-spirit-of-beauty.de\/fr\/wp-json\/wp\/v2\/media\/10916"}],"wp:attachment":[{"href":"https:\/\/medical-spirit-of-beauty.de\/fr\/wp-json\/wp\/v2\/media?parent=5853"}],"wp:term":[{"taxonomy":"product_brand","embeddable":true,"href":"https:\/\/medical-spirit-of-beauty.de\/fr\/wp-json\/wp\/v2\/product_brand?post=5853"},{"taxonomy":"product_cat","embeddable":true,"href":"https:\/\/medical-spirit-of-beauty.de\/fr\/wp-json\/wp\/v2\/product_cat?post=5853"},{"taxonomy":"product_tag","embeddable":true,"href":"https:\/\/medical-spirit-of-beauty.de\/fr\/wp-json\/wp\/v2\/product_tag?post=5853"}],"curies":[{"name":"wp","href":"https:\/\/api.w.org\/{rel}","templated":true}]}}