{"id":5849,"date":"2021-04-01T08:57:51","date_gmt":"2021-04-01T08:57:51","guid":{"rendered":"https:\/\/unruffled-liskov.212-227-213-12.plesk.page\/produkt\/extra-rich-face-cream\/"},"modified":"2023-07-14T09:27:03","modified_gmt":"2023-07-14T07:27:03","slug":"extra-rich-face-cream","status":"publish","type":"product","link":"https:\/\/medical-spirit-of-beauty.de\/fr\/produkt\/extra-rich-face-cream\/","title":{"rendered":"Extra Rich Face Cream"},"content":{"rendered":"<p>Dans la soci\u00e9t\u00e9 actuelle, de nombreuses personnes se sentent nettement plus jeunes que leur \u00e2ge r\u00e9el. Pour conserver le plus longtemps possible une peau d&#8217;apparence jeune, l&#8217;utilisation d&#8217;une cr\u00e8me pour le visage adapt\u00e9e est la pierre angulaire.<\/p>\n<ul>\n<li>Optimise la capacit\u00e9 de r\u00e9tention de l\u2019eau dans la peau<\/li>\n<li>Favorise la r\u00e9g\u00e9n\u00e9ration naturelle des cellules<\/li>\n<li>Am\u00e9liore la structure de surface de la peau<\/li>\n<li>Stimule la synth\u00e8se de collag\u00e8ne<\/li>\n<li>Rend la peau plus fine et plus ferme<\/li>\n<\/ul>\n","protected":false},"excerpt":{"rendered":"<p>Cr\u00e8me de soins riche, douce et velout\u00e9e qui conf\u00e8re imm\u00e9diatement une agr\u00e9able sensation de bien-\u00eatre.<\/p>\n<p>&nbsp;<\/p>\n<ul>\n<li>Optimise la capacit\u00e9 de r\u00e9tention de l\u2019eau dans la peau<\/li>\n<li>Favorise la r\u00e9g\u00e9n\u00e9ration naturelle des cellules<\/li>\n<li>Am\u00e9liore la structure de surface de la peau<\/li>\n<li>Stimule la synth\u00e8se de collag\u00e8ne<\/li>\n<li>Rend la peau plus fine et plus ferme<\/li>\n<\/ul>\n","protected":false},"featured_media":10911,"comment_status":"open","ping_status":"closed","template":"","meta":{"site-sidebar-layout":"default","site-content-layout":"default","ast-site-content-layout":"default","site-content-style":"default","site-sidebar-style":"default","ast-global-header-display":"","ast-banner-title-visibility":"","ast-main-header-display":"","ast-hfb-above-header-display":"","ast-hfb-below-header-display":"","ast-hfb-mobile-header-display":"","site-post-title":"","ast-breadcrumbs-content":"","ast-featured-img":"","footer-sml-layout":"","theme-transparent-header-meta":"default","adv-header-id-meta":"","stick-header-meta":"","header-above-stick-meta":"","header-main-stick-meta":"","header-below-stick-meta":"","astra-migrate-meta-layouts":"default","ast-page-background-enabled":"default","ast-page-background-meta":{"desktop":{"background-color":"","background-image":"","background-repeat":"repeat","background-position":"center center","background-size":"auto","background-attachment":"scroll","background-type":"","background-media":"","overlay-type":"","overlay-color":"","overlay-opacity":"","overlay-gradient":""},"tablet":{"background-color":"","background-image":"","background-repeat":"repeat","background-position":"center center","background-size":"auto","background-attachment":"scroll","background-type":"","background-media":"","overlay-type":"","overlay-color":"","overlay-opacity":"","overlay-gradient":""},"mobile":{"background-color":"","background-image":"","background-repeat":"repeat","background-position":"center center","background-size":"auto","background-attachment":"scroll","background-type":"","background-media":"","overlay-type":"","overlay-color":"","overlay-opacity":"","overlay-gradient":""}},"ast-content-background-meta":{"desktop":{"background-color":"var(--ast-global-color-5)","background-image":"","background-repeat":"repeat","background-position":"center center","background-size":"auto","background-attachment":"scroll","background-type":"","background-media":"","overlay-type":"","overlay-color":"","overlay-opacity":"","overlay-gradient":""},"tablet":{"background-color":"var(--ast-global-color-5)","background-image":"","background-repeat":"repeat","background-position":"center center","background-size":"auto","background-attachment":"scroll","background-type":"","background-media":"","overlay-type":"","overlay-color":"","overlay-opacity":"","overlay-gradient":""},"mobile":{"background-color":"var(--ast-global-color-5)","background-image":"","background-repeat":"repeat","background-position":"center center","background-size":"auto","background-attachment":"scroll","background-type":"","background-media":"","overlay-type":"","overlay-color":"","overlay-opacity":"","overlay-gradient":""}},"wds_primary_product_brand":0,"wds_primary_product_delivery_times":0,"wds_primary_product_sale_labels":0,"wds_primary_product_cat":0},"product_brand":[],"product_cat":[262,236],"product_tag":[],"class_list":{"0":"post-5849","1":"product","2":"type-product","3":"status-publish","4":"has-post-thumbnail","6":"product_cat-basis-line-fr","7":"product_cat-final-care-fr","8":"pa_eigenschaften-feuchtigkeitsspendend-fr","9":"pa_eigenschaften-naehrend-fr","10":"pa_eigenschaften-schuetzend-fr","11":"pa_hauttyp-fettige-haut-fr","12":"pa_hauttyp-unreine-haut-fr","13":"pa_hauttyp-reife-haut-fr","14":"pa_hauttyp-mischhaut-fr","15":"pa_hauttyp-normale-haut-fr","16":"pa_hauttyp-pigmentierte-haut-fr","17":"pa_hauttyp-trockene-haut-fr","18":"pa_hauttyp-empfindliche-haut-fr","19":"pa_zielgruppe-frau-fr","20":"pa_zielgruppe-mann-fr","21":"pa_zielgruppe-unisex-fr","22":"desktop-align-left","23":"tablet-align-left","24":"mobile-align-left","26":"first","27":"instock","28":"taxable","29":"shipping-taxable","30":"purchasable","31":"product-type-simple"},"wpr_featured_image":["https:\/\/medical-spirit-of-beauty.de\/wp-content\/uploads\/2021\/04\/01286_ExtraRichFaceCream_50ml_1221-150x150.png",150,150,true],"_links":{"self":[{"href":"https:\/\/medical-spirit-of-beauty.de\/fr\/wp-json\/wp\/v2\/product\/5849","targetHints":{"allow":["GET"]}}],"collection":[{"href":"https:\/\/medical-spirit-of-beauty.de\/fr\/wp-json\/wp\/v2\/product"}],"about":[{"href":"https:\/\/medical-spirit-of-beauty.de\/fr\/wp-json\/wp\/v2\/types\/product"}],"replies":[{"embeddable":true,"href":"https:\/\/medical-spirit-of-beauty.de\/fr\/wp-json\/wp\/v2\/comments?post=5849"}],"wp:featuredmedia":[{"embeddable":true,"href":"https:\/\/medical-spirit-of-beauty.de\/fr\/wp-json\/wp\/v2\/media\/10911"}],"wp:attachment":[{"href":"https:\/\/medical-spirit-of-beauty.de\/fr\/wp-json\/wp\/v2\/media?parent=5849"}],"wp:term":[{"taxonomy":"product_brand","embeddable":true,"href":"https:\/\/medical-spirit-of-beauty.de\/fr\/wp-json\/wp\/v2\/product_brand?post=5849"},{"taxonomy":"product_cat","embeddable":true,"href":"https:\/\/medical-spirit-of-beauty.de\/fr\/wp-json\/wp\/v2\/product_cat?post=5849"},{"taxonomy":"product_tag","embeddable":true,"href":"https:\/\/medical-spirit-of-beauty.de\/fr\/wp-json\/wp\/v2\/product_tag?post=5849"}],"curies":[{"name":"wp","href":"https:\/\/api.w.org\/{rel}","templated":true}]}}