{"id":5845,"date":"2021-04-01T08:57:51","date_gmt":"2021-04-01T08:57:51","guid":{"rendered":"https:\/\/unruffled-liskov.212-227-213-12.plesk.page\/produkt\/face-cream\/"},"modified":"2023-07-14T09:44:19","modified_gmt":"2023-07-14T07:44:19","slug":"face-cream","status":"publish","type":"product","link":"https:\/\/medical-spirit-of-beauty.de\/fr\/produkt\/face-cream\/","title":{"rendered":"Face Cream"},"content":{"rendered":"<p>L&#8217;objectif d&#8217;une bonne cr\u00e8me pour le visage est de pr\u00e9server et de prot\u00e9ger le bon \u00e9tat de la peau. En effet, une peau sans probl\u00e8me n&#8217;est pas n\u00e9cessairement r\u00e9sistante aux facteurs internes et externes.<\/p>\n<p>Cr\u00e8me de soin velout\u00e9e pour peau normale, lui pr\u00eatant une apparence d\u00e9tendue et lisse.<\/p>\n<p>&nbsp;<\/p>\n<ul>\n<li>A un effet nourrissant, \u00e9quilibrant et relaxant<\/li>\n<li>Rend la peau douce et lisse, a un effet apaisant<\/li>\n<li>Hydrate la peau et prot\u00e8ge contre la perte d\u2018humidit\u00e9<\/li>\n<li>Lisse, resserre et raffermit la peau<\/li>\n<li>Renforce la r\u00e9sistance de la peau<\/li>\n<\/ul>\n","protected":false},"excerpt":{"rendered":"<p>Cr\u00e8me de soin velout\u00e9e pour peau normale, lui pr\u00eatant une apparence d\u00e9tendue et lisse.<\/p>\n<p>&nbsp;<\/p>\n<ul>\n<li>A un effet nourrissant, \u00e9quilibrant et relaxant<\/li>\n<li>Rend la peau douce et lisse, a un effet apaisant<\/li>\n<li>Hydrate la peau et prot\u00e8ge contre la perte d\u2018humidit\u00e9<\/li>\n<li>Lisse, resserre et raffermit la peau<\/li>\n<li>Renforce la r\u00e9sistance de la peau<\/li>\n<\/ul>\n","protected":false},"featured_media":10907,"comment_status":"open","ping_status":"closed","template":"","meta":{"site-sidebar-layout":"default","site-content-layout":"default","ast-site-content-layout":"","site-content-style":"default","site-sidebar-style":"default","ast-global-header-display":"","ast-banner-title-visibility":"","ast-main-header-display":"","ast-hfb-above-header-display":"","ast-hfb-below-header-display":"","ast-hfb-mobile-header-display":"","site-post-title":"","ast-breadcrumbs-content":"","ast-featured-img":"","footer-sml-layout":"","theme-transparent-header-meta":"default","adv-header-id-meta":"","stick-header-meta":"","header-above-stick-meta":"","header-main-stick-meta":"","header-below-stick-meta":"","astra-migrate-meta-layouts":"default","ast-page-background-enabled":"default","ast-page-background-meta":{"desktop":{"background-color":"","background-image":"","background-repeat":"repeat","background-position":"center center","background-size":"auto","background-attachment":"scroll","background-type":"","background-media":"","overlay-type":"","overlay-color":"","overlay-opacity":"","overlay-gradient":""},"tablet":{"background-color":"","background-image":"","background-repeat":"repeat","background-position":"center center","background-size":"auto","background-attachment":"scroll","background-type":"","background-media":"","overlay-type":"","overlay-color":"","overlay-opacity":"","overlay-gradient":""},"mobile":{"background-color":"","background-image":"","background-repeat":"repeat","background-position":"center center","background-size":"auto","background-attachment":"scroll","background-type":"","background-media":"","overlay-type":"","overlay-color":"","overlay-opacity":"","overlay-gradient":""}},"ast-content-background-meta":{"desktop":{"background-color":"var(--ast-global-color-5)","background-image":"","background-repeat":"repeat","background-position":"center center","background-size":"auto","background-attachment":"scroll","background-type":"","background-media":"","overlay-type":"","overlay-color":"","overlay-opacity":"","overlay-gradient":""},"tablet":{"background-color":"var(--ast-global-color-5)","background-image":"","background-repeat":"repeat","background-position":"center center","background-size":"auto","background-attachment":"scroll","background-type":"","background-media":"","overlay-type":"","overlay-color":"","overlay-opacity":"","overlay-gradient":""},"mobile":{"background-color":"var(--ast-global-color-5)","background-image":"","background-repeat":"repeat","background-position":"center center","background-size":"auto","background-attachment":"scroll","background-type":"","background-media":"","overlay-type":"","overlay-color":"","overlay-opacity":"","overlay-gradient":""}},"wds_primary_product_brand":0,"wds_primary_product_delivery_times":0,"wds_primary_product_sale_labels":0,"wds_primary_product_cat":0},"product_brand":[],"product_cat":[262,236],"product_tag":[],"class_list":{"0":"post-5845","1":"product","2":"type-product","3":"status-publish","4":"has-post-thumbnail","6":"product_cat-basis-line-fr","7":"product_cat-final-care-fr","8":"pa_eigenschaften-anti-aging-fr","9":"pa_eigenschaften-feuchtigkeitsspendend-fr","10":"pa_eigenschaften-naehrend-fr","11":"pa_eigenschaften-schuetzend-fr","12":"pa_hauttyp-mischhaut-fr","13":"pa_hauttyp-normale-haut-fr","14":"pa_hauttyp-trockene-haut-fr","15":"pa_zielgruppe-frau-fr","16":"pa_zielgruppe-mann-fr","17":"pa_zielgruppe-unisex-fr","18":"desktop-align-left","19":"tablet-align-left","20":"mobile-align-left","22":"first","23":"instock","24":"taxable","25":"shipping-taxable","26":"purchasable","27":"product-type-simple"},"wpr_featured_image":["https:\/\/medical-spirit-of-beauty.de\/wp-content\/uploads\/2021\/04\/01285_FaceCream_50ml_1221-150x150.png",150,150,true],"_links":{"self":[{"href":"https:\/\/medical-spirit-of-beauty.de\/fr\/wp-json\/wp\/v2\/product\/5845","targetHints":{"allow":["GET"]}}],"collection":[{"href":"https:\/\/medical-spirit-of-beauty.de\/fr\/wp-json\/wp\/v2\/product"}],"about":[{"href":"https:\/\/medical-spirit-of-beauty.de\/fr\/wp-json\/wp\/v2\/types\/product"}],"replies":[{"embeddable":true,"href":"https:\/\/medical-spirit-of-beauty.de\/fr\/wp-json\/wp\/v2\/comments?post=5845"}],"wp:featuredmedia":[{"embeddable":true,"href":"https:\/\/medical-spirit-of-beauty.de\/fr\/wp-json\/wp\/v2\/media\/10907"}],"wp:attachment":[{"href":"https:\/\/medical-spirit-of-beauty.de\/fr\/wp-json\/wp\/v2\/media?parent=5845"}],"wp:term":[{"taxonomy":"product_brand","embeddable":true,"href":"https:\/\/medical-spirit-of-beauty.de\/fr\/wp-json\/wp\/v2\/product_brand?post=5845"},{"taxonomy":"product_cat","embeddable":true,"href":"https:\/\/medical-spirit-of-beauty.de\/fr\/wp-json\/wp\/v2\/product_cat?post=5845"},{"taxonomy":"product_tag","embeddable":true,"href":"https:\/\/medical-spirit-of-beauty.de\/fr\/wp-json\/wp\/v2\/product_tag?post=5845"}],"curies":[{"name":"wp","href":"https:\/\/api.w.org\/{rel}","templated":true}]}}