{"id":5841,"date":"2021-04-01T08:57:51","date_gmt":"2021-04-01T08:57:51","guid":{"rendered":"https:\/\/unruffled-liskov.212-227-213-12.plesk.page\/produkt\/mask-cream\/"},"modified":"2023-07-13T16:42:13","modified_gmt":"2023-07-13T14:42:13","slug":"mask-cream","status":"publish","type":"product","link":"https:\/\/medical-spirit-of-beauty.de\/fr\/produkt\/mask-cream\/","title":{"rendered":"Mask Cream"},"content":{"rendered":"<p>Les masques-cr\u00e8mes sont l&#8217;arme secr\u00e8te contre la peau fatigu\u00e9e et stress\u00e9e. Gr\u00e2ce \u00e0 leurs ingr\u00e9dients concentr\u00e9s, ils p\u00e9n\u00e8trent profond\u00e9ment dans la peau. Ces produits polyvalents peuvent vraiment presque tout faire : hydrater, lisser ou simplement offrir une pause consciente avec une portion de soin suppl\u00e9mentaire.<\/p>\n<p>Les masques optimisent les soins quotidiens: ainsi, plus ils sont fr\u00e9quents, plus ils sont efficaces. Il est conseill\u00e9 de les utiliser 2-3 fois par semaine.<\/p>\n<p>Un masque cr\u00e8me agr\u00e9ablement frais et efficace, compl\u00e9ment utile \u00e0 votre programme de soins quotidiens. Appliqu\u00e9 r\u00e9guli\u00e8rement, le masque donne souplesse et fra\u00eecheur \u00e0 la peau.<\/p>\n<ul>\n<li>Revitalise et rafra\u00eechit la peau fatigu\u00e9e de fa\u00e7on imm\u00e9diate<\/li>\n<li>Renouvelle en profondeur les r\u00e9serves d\u2019humidit\u00e9 de la peau<\/li>\n<li>La peau semble plus fine, plus vitale et plus jeune<\/li>\n<li>Contre le vieillissement de la peau<\/li>\n<\/ul>\n","protected":false},"excerpt":{"rendered":"<p>Un masque cr\u00e8me agr\u00e9ablement frais et efficace, compl\u00e9ment utile \u00e0 votre programme de soins quotidiens. Appliqu\u00e9 r\u00e9guli\u00e8rement, le masque donne souplesse et fra\u00eecheur \u00e0 la peau.<\/p>\n<ul>\n<li>Revitalise et rafra\u00eechit la peau fatigu\u00e9e de fa\u00e7on imm\u00e9diate<\/li>\n<li>Renouvelle en profondeur les r\u00e9serves d\u2019humidit\u00e9 de la peau<\/li>\n<li>La peau semble plus fine, plus vitale et plus jeune<\/li>\n<li>Contre le vieillissement de la peau<\/li>\n<\/ul>\n","protected":false},"featured_media":10902,"comment_status":"open","ping_status":"closed","template":"","meta":{"site-sidebar-layout":"default","site-content-layout":"default","ast-site-content-layout":"default","site-content-style":"default","site-sidebar-style":"default","ast-global-header-display":"","ast-banner-title-visibility":"","ast-main-header-display":"","ast-hfb-above-header-display":"","ast-hfb-below-header-display":"","ast-hfb-mobile-header-display":"","site-post-title":"","ast-breadcrumbs-content":"","ast-featured-img":"","footer-sml-layout":"","theme-transparent-header-meta":"default","adv-header-id-meta":"","stick-header-meta":"","header-above-stick-meta":"","header-main-stick-meta":"","header-below-stick-meta":"","astra-migrate-meta-layouts":"default","ast-page-background-enabled":"default","ast-page-background-meta":{"desktop":{"background-color":"","background-image":"","background-repeat":"repeat","background-position":"center center","background-size":"auto","background-attachment":"scroll","background-type":"","background-media":"","overlay-type":"","overlay-color":"","overlay-opacity":"","overlay-gradient":""},"tablet":{"background-color":"","background-image":"","background-repeat":"repeat","background-position":"center center","background-size":"auto","background-attachment":"scroll","background-type":"","background-media":"","overlay-type":"","overlay-color":"","overlay-opacity":"","overlay-gradient":""},"mobile":{"background-color":"","background-image":"","background-repeat":"repeat","background-position":"center center","background-size":"auto","background-attachment":"scroll","background-type":"","background-media":"","overlay-type":"","overlay-color":"","overlay-opacity":"","overlay-gradient":""}},"ast-content-background-meta":{"desktop":{"background-color":"var(--ast-global-color-5)","background-image":"","background-repeat":"repeat","background-position":"center center","background-size":"auto","background-attachment":"scroll","background-type":"","background-media":"","overlay-type":"","overlay-color":"","overlay-opacity":"","overlay-gradient":""},"tablet":{"background-color":"var(--ast-global-color-5)","background-image":"","background-repeat":"repeat","background-position":"center center","background-size":"auto","background-attachment":"scroll","background-type":"","background-media":"","overlay-type":"","overlay-color":"","overlay-opacity":"","overlay-gradient":""},"mobile":{"background-color":"var(--ast-global-color-5)","background-image":"","background-repeat":"repeat","background-position":"center center","background-size":"auto","background-attachment":"scroll","background-type":"","background-media":"","overlay-type":"","overlay-color":"","overlay-opacity":"","overlay-gradient":""}},"wds_primary_product_brand":0,"wds_primary_product_delivery_times":0,"wds_primary_product_sale_labels":0,"wds_primary_product_cat":0},"product_brand":[],"product_cat":[262,218],"product_tag":[],"class_list":{"0":"post-5841","1":"product","2":"type-product","3":"status-publish","4":"has-post-thumbnail","6":"product_cat-basis-line-fr","7":"product_cat-special-care-extra-fr","8":"pa_eigenschaften-feuchtigkeitsspendend-fr","9":"pa_eigenschaften-reinigend-fr","10":"pa_hauttyp-fettige-haut-fr","11":"pa_hauttyp-unreine-haut-fr","12":"pa_hauttyp-reife-haut-fr","13":"pa_hauttyp-mischhaut-fr","14":"pa_hauttyp-normale-haut-fr","15":"pa_hauttyp-pigmentierte-haut-fr","16":"pa_hauttyp-trockene-haut-fr","17":"pa_hauttyp-empfindliche-haut-fr","18":"pa_zielgruppe-frau-fr","19":"pa_zielgruppe-mann-fr","20":"pa_zielgruppe-unisex-fr","21":"desktop-align-left","22":"tablet-align-left","23":"mobile-align-left","25":"first","26":"instock","27":"taxable","28":"shipping-taxable","29":"purchasable","30":"product-type-simple"},"wpr_featured_image":["https:\/\/medical-spirit-of-beauty.de\/wp-content\/uploads\/2021\/04\/01284_MaskCream_50ml_1221-150x150.png",150,150,true],"_links":{"self":[{"href":"https:\/\/medical-spirit-of-beauty.de\/fr\/wp-json\/wp\/v2\/product\/5841","targetHints":{"allow":["GET"]}}],"collection":[{"href":"https:\/\/medical-spirit-of-beauty.de\/fr\/wp-json\/wp\/v2\/product"}],"about":[{"href":"https:\/\/medical-spirit-of-beauty.de\/fr\/wp-json\/wp\/v2\/types\/product"}],"replies":[{"embeddable":true,"href":"https:\/\/medical-spirit-of-beauty.de\/fr\/wp-json\/wp\/v2\/comments?post=5841"}],"wp:featuredmedia":[{"embeddable":true,"href":"https:\/\/medical-spirit-of-beauty.de\/fr\/wp-json\/wp\/v2\/media\/10902"}],"wp:attachment":[{"href":"https:\/\/medical-spirit-of-beauty.de\/fr\/wp-json\/wp\/v2\/media?parent=5841"}],"wp:term":[{"taxonomy":"product_brand","embeddable":true,"href":"https:\/\/medical-spirit-of-beauty.de\/fr\/wp-json\/wp\/v2\/product_brand?post=5841"},{"taxonomy":"product_cat","embeddable":true,"href":"https:\/\/medical-spirit-of-beauty.de\/fr\/wp-json\/wp\/v2\/product_cat?post=5841"},{"taxonomy":"product_tag","embeddable":true,"href":"https:\/\/medical-spirit-of-beauty.de\/fr\/wp-json\/wp\/v2\/product_tag?post=5841"}],"curies":[{"name":"wp","href":"https:\/\/api.w.org\/{rel}","templated":true}]}}