{"id":5837,"date":"2021-04-01T08:57:51","date_gmt":"2021-04-01T08:57:51","guid":{"rendered":"https:\/\/unruffled-liskov.212-227-213-12.plesk.page\/produkt\/eye-cream\/"},"modified":"2023-07-13T16:39:27","modified_gmt":"2023-07-13T14:39:27","slug":"eye-cream","status":"publish","type":"product","link":"https:\/\/medical-spirit-of-beauty.de\/fr\/produkt\/eye-cream\/","title":{"rendered":"Eye Cream"},"content":{"rendered":"<p>La peau autour des yeux est particuli\u00e8rement fine et n\u00e9cessite des soins sp\u00e9cifiques. Un soin continu des yeux est donc particuli\u00e8rement important.<\/p>\n<p>Les yeux sont toujours au coeur de l&#8217;attention. La peau autour des yeux est quatre fois plus fine que sur le reste du visage, et elle ne contient presque pas de glandes s\u00e9bac\u00e9es ni de tissu adipeux souscutan\u00e9; c&#8217;est pourquoi il est important de lui apporter sans cesse des soins.<\/p>\n<p>Traitement doux et souple particuli\u00e8rement adapt\u00e9 au soin intensif de la zone sensible du contour des yeux.<\/p>\n<p>&nbsp;<\/p>\n<ul>\n<li>Hydrate l\u2018\u00e9piderme<\/li>\n<li>Vitalise et restructure la peau d\u00e9licate<\/li>\n<li>Lisse rides d\u2018expression et ridules<\/li>\n<li>R\u00e9duit cernes et enflures<\/li>\n<li>Rend la r\u00e9gion des yeux plus fra\u00eeche, plus vitale et plus lisse<\/li>\n<\/ul>\n","protected":false},"excerpt":{"rendered":"<p>Traitement doux et souple particuli\u00e8rement adapt\u00e9 au soin intensif de la zone sensible du contour des yeux.<\/p>\n<p>&nbsp;<\/p>\n<ul>\n<li>Hydrate l\u2018\u00e9piderme<\/li>\n<li>Vitalise et restructure la peau d\u00e9licate<\/li>\n<li>Lisse rides d\u2018expression et ridules<\/li>\n<li>R\u00e9duit cernes et enflures<\/li>\n<li>Rend la r\u00e9gion des yeux plus fra\u00eeche, plus vitale et plus lisse<\/li>\n<\/ul>\n","protected":false},"featured_media":10897,"comment_status":"open","ping_status":"closed","template":"","meta":{"site-sidebar-layout":"default","site-content-layout":"default","ast-site-content-layout":"","site-content-style":"default","site-sidebar-style":"default","ast-global-header-display":"","ast-banner-title-visibility":"","ast-main-header-display":"","ast-hfb-above-header-display":"","ast-hfb-below-header-display":"","ast-hfb-mobile-header-display":"","site-post-title":"","ast-breadcrumbs-content":"","ast-featured-img":"","footer-sml-layout":"","theme-transparent-header-meta":"default","adv-header-id-meta":"","stick-header-meta":"","header-above-stick-meta":"","header-main-stick-meta":"","header-below-stick-meta":"","astra-migrate-meta-layouts":"default","ast-page-background-enabled":"default","ast-page-background-meta":{"desktop":{"background-color":"","background-image":"","background-repeat":"repeat","background-position":"center center","background-size":"auto","background-attachment":"scroll","background-type":"","background-media":"","overlay-type":"","overlay-color":"","overlay-opacity":"","overlay-gradient":""},"tablet":{"background-color":"","background-image":"","background-repeat":"repeat","background-position":"center center","background-size":"auto","background-attachment":"scroll","background-type":"","background-media":"","overlay-type":"","overlay-color":"","overlay-opacity":"","overlay-gradient":""},"mobile":{"background-color":"","background-image":"","background-repeat":"repeat","background-position":"center center","background-size":"auto","background-attachment":"scroll","background-type":"","background-media":"","overlay-type":"","overlay-color":"","overlay-opacity":"","overlay-gradient":""}},"ast-content-background-meta":{"desktop":{"background-color":"var(--ast-global-color-5)","background-image":"","background-repeat":"repeat","background-position":"center center","background-size":"auto","background-attachment":"scroll","background-type":"","background-media":"","overlay-type":"","overlay-color":"","overlay-opacity":"","overlay-gradient":""},"tablet":{"background-color":"var(--ast-global-color-5)","background-image":"","background-repeat":"repeat","background-position":"center center","background-size":"auto","background-attachment":"scroll","background-type":"","background-media":"","overlay-type":"","overlay-color":"","overlay-opacity":"","overlay-gradient":""},"mobile":{"background-color":"var(--ast-global-color-5)","background-image":"","background-repeat":"repeat","background-position":"center center","background-size":"auto","background-attachment":"scroll","background-type":"","background-media":"","overlay-type":"","overlay-color":"","overlay-opacity":"","overlay-gradient":""}},"wds_primary_product_brand":0,"wds_primary_product_delivery_times":0,"wds_primary_product_sale_labels":0,"wds_primary_product_cat":0},"product_brand":[],"product_cat":[262,236],"product_tag":[],"class_list":{"0":"post-5837","1":"product","2":"type-product","3":"status-publish","4":"has-post-thumbnail","6":"product_cat-basis-line-fr","7":"product_cat-final-care-fr","8":"pa_eigenschaften-anti-aging-fr","9":"pa_eigenschaften-beruhigend-fr","10":"pa_eigenschaften-feuchtigkeitsspendend-fr","11":"pa_eigenschaften-naehrend-fr","12":"pa_eigenschaften-schuetzend-fr","13":"pa_hauttyp-fettige-haut-fr","14":"pa_hauttyp-unreine-haut-fr","15":"pa_hauttyp-reife-haut-fr","16":"pa_hauttyp-mischhaut-fr","17":"pa_hauttyp-normale-haut-fr","18":"pa_hauttyp-pigmentierte-haut-fr","19":"pa_hauttyp-trockene-haut-fr","20":"pa_hauttyp-empfindliche-haut-fr","21":"pa_hauttyp-augen-fr","22":"pa_zielgruppe-frau-fr","23":"pa_zielgruppe-mann-fr","24":"pa_zielgruppe-unisex-fr","25":"desktop-align-left","26":"tablet-align-left","27":"mobile-align-left","29":"first","30":"instock","31":"taxable","32":"shipping-taxable","33":"purchasable","34":"product-type-simple"},"wpr_featured_image":["https:\/\/medical-spirit-of-beauty.de\/wp-content\/uploads\/2021\/04\/01282_EyeCream_30ml_Frame_1221-150x150.png",150,150,true],"_links":{"self":[{"href":"https:\/\/medical-spirit-of-beauty.de\/fr\/wp-json\/wp\/v2\/product\/5837","targetHints":{"allow":["GET"]}}],"collection":[{"href":"https:\/\/medical-spirit-of-beauty.de\/fr\/wp-json\/wp\/v2\/product"}],"about":[{"href":"https:\/\/medical-spirit-of-beauty.de\/fr\/wp-json\/wp\/v2\/types\/product"}],"replies":[{"embeddable":true,"href":"https:\/\/medical-spirit-of-beauty.de\/fr\/wp-json\/wp\/v2\/comments?post=5837"}],"wp:featuredmedia":[{"embeddable":true,"href":"https:\/\/medical-spirit-of-beauty.de\/fr\/wp-json\/wp\/v2\/media\/10897"}],"wp:attachment":[{"href":"https:\/\/medical-spirit-of-beauty.de\/fr\/wp-json\/wp\/v2\/media?parent=5837"}],"wp:term":[{"taxonomy":"product_brand","embeddable":true,"href":"https:\/\/medical-spirit-of-beauty.de\/fr\/wp-json\/wp\/v2\/product_brand?post=5837"},{"taxonomy":"product_cat","embeddable":true,"href":"https:\/\/medical-spirit-of-beauty.de\/fr\/wp-json\/wp\/v2\/product_cat?post=5837"},{"taxonomy":"product_tag","embeddable":true,"href":"https:\/\/medical-spirit-of-beauty.de\/fr\/wp-json\/wp\/v2\/product_tag?post=5837"}],"curies":[{"name":"wp","href":"https:\/\/api.w.org\/{rel}","templated":true}]}}