{"id":5821,"date":"2021-04-01T08:59:11","date_gmt":"2021-04-01T08:59:11","guid":{"rendered":"https:\/\/unruffled-liskov.212-227-213-12.plesk.page\/produkt\/sun-protection-lotion-spf-30\/"},"modified":"2022-01-21T14:38:01","modified_gmt":"2022-01-21T12:38:01","slug":"sun-protection-lotion-spf-30","status":"publish","type":"product","link":"https:\/\/medical-spirit-of-beauty.de\/fr\/produkt\/sun-protection-lotion-spf-30\/","title":{"rendered":"Sun Protection Lotion SPF 30"},"content":{"rendered":"<p>Lotion de protection solaire riche pour peaux bronz\u00e9es et ensoleill\u00e9es. Prot\u00e8ge, soigne et r\u00e9g\u00e9n\u00e8re de mani\u00e8re fiable pendant les bains de soleil.<\/p>\n<p>Id\u00e9al pour les premiers jours de vacances, au quotidien, pendant les activit\u00e9s sportives et toutes les activit\u00e9s de loisirs \u00e0 l&#8217;ext\u00e9rieur.<\/p>\n","protected":false},"excerpt":{"rendered":"<p>Lotion de protection solaire riche pour peaux bronz\u00e9es et ensoleill\u00e9es. Prot\u00e8ge, soigne et r\u00e9g\u00e9n\u00e8re de mani\u00e8re fiable pendant les bains de soleil.<\/p>\n<p>&nbsp;<\/p>\n<ul>\n<li>Sprot\u00e8ge la peau contre les coups de soleil et le vieillissement cutan\u00e9 de la peau, comme les rides et les taches de pigmentation<\/li>\n<li>Hydrate intens\u00e9ment<\/li>\n<li>Remod\u00e8le le contour du corps<\/li>\n<li>Bronze la peau de fa\u00e7on saine et uniforme<\/li>\n<\/ul>\n","protected":false},"featured_media":10815,"comment_status":"open","ping_status":"closed","template":"","meta":{"site-sidebar-layout":"default","site-content-layout":"default","ast-site-content-layout":"","site-content-style":"default","site-sidebar-style":"default","ast-global-header-display":"","ast-banner-title-visibility":"","ast-main-header-display":"","ast-hfb-above-header-display":"","ast-hfb-below-header-display":"","ast-hfb-mobile-header-display":"","site-post-title":"","ast-breadcrumbs-content":"","ast-featured-img":"","footer-sml-layout":"","theme-transparent-header-meta":"default","adv-header-id-meta":"","stick-header-meta":"","header-above-stick-meta":"","header-main-stick-meta":"","header-below-stick-meta":"","astra-migrate-meta-layouts":"default","ast-page-background-enabled":"default","ast-page-background-meta":{"desktop":{"background-color":"","background-image":"","background-repeat":"repeat","background-position":"center center","background-size":"auto","background-attachment":"scroll","background-type":"","background-media":"","overlay-type":"","overlay-color":"","overlay-opacity":"","overlay-gradient":""},"tablet":{"background-color":"","background-image":"","background-repeat":"repeat","background-position":"center center","background-size":"auto","background-attachment":"scroll","background-type":"","background-media":"","overlay-type":"","overlay-color":"","overlay-opacity":"","overlay-gradient":""},"mobile":{"background-color":"","background-image":"","background-repeat":"repeat","background-position":"center center","background-size":"auto","background-attachment":"scroll","background-type":"","background-media":"","overlay-type":"","overlay-color":"","overlay-opacity":"","overlay-gradient":""}},"ast-content-background-meta":{"desktop":{"background-color":"var(--ast-global-color-5)","background-image":"","background-repeat":"repeat","background-position":"center center","background-size":"auto","background-attachment":"scroll","background-type":"","background-media":"","overlay-type":"","overlay-color":"","overlay-opacity":"","overlay-gradient":""},"tablet":{"background-color":"var(--ast-global-color-5)","background-image":"","background-repeat":"repeat","background-position":"center center","background-size":"auto","background-attachment":"scroll","background-type":"","background-media":"","overlay-type":"","overlay-color":"","overlay-opacity":"","overlay-gradient":""},"mobile":{"background-color":"var(--ast-global-color-5)","background-image":"","background-repeat":"repeat","background-position":"center center","background-size":"auto","background-attachment":"scroll","background-type":"","background-media":"","overlay-type":"","overlay-color":"","overlay-opacity":"","overlay-gradient":""}},"wds_primary_product_brand":0,"wds_primary_product_delivery_times":0,"wds_primary_product_sale_labels":0,"wds_primary_product_cat":0},"product_brand":[],"product_cat":[262,230],"product_tag":[],"class_list":{"0":"post-5821","1":"product","2":"type-product","3":"status-publish","4":"has-post-thumbnail","6":"product_cat-basis-line-fr","7":"product_cat-final-care-sun-fr","8":"pa_eigenschaften-feuchtigkeitsspendend-fr","9":"pa_eigenschaften-schuetzend-fr","10":"pa_eigenschaften-uv-schutz-fr","11":"pa_hauttyp-fettige-haut-fr","12":"pa_hauttyp-unreine-haut-fr","13":"pa_hauttyp-reife-haut-fr","14":"pa_hauttyp-mischhaut-fr","15":"pa_hauttyp-normale-haut-fr","16":"pa_hauttyp-pigmentierte-haut-fr","17":"pa_hauttyp-trockene-haut-fr","18":"pa_hauttyp-empfindliche-haut-fr","19":"pa_zielgruppe-frau-fr","20":"pa_zielgruppe-mann-fr","21":"pa_zielgruppe-unisex-fr","22":"desktop-align-left","23":"tablet-align-left","24":"mobile-align-left","26":"first","27":"instock","28":"taxable","29":"shipping-taxable","30":"purchasable","31":"product-type-simple"},"wpr_featured_image":["https:\/\/medical-spirit-of-beauty.de\/wp-content\/uploads\/2021\/04\/01296_SunProtectionLotionSPF30_200ml_1221-150x150.png",150,150,true],"_links":{"self":[{"href":"https:\/\/medical-spirit-of-beauty.de\/fr\/wp-json\/wp\/v2\/product\/5821","targetHints":{"allow":["GET"]}}],"collection":[{"href":"https:\/\/medical-spirit-of-beauty.de\/fr\/wp-json\/wp\/v2\/product"}],"about":[{"href":"https:\/\/medical-spirit-of-beauty.de\/fr\/wp-json\/wp\/v2\/types\/product"}],"replies":[{"embeddable":true,"href":"https:\/\/medical-spirit-of-beauty.de\/fr\/wp-json\/wp\/v2\/comments?post=5821"}],"wp:featuredmedia":[{"embeddable":true,"href":"https:\/\/medical-spirit-of-beauty.de\/fr\/wp-json\/wp\/v2\/media\/10815"}],"wp:attachment":[{"href":"https:\/\/medical-spirit-of-beauty.de\/fr\/wp-json\/wp\/v2\/media?parent=5821"}],"wp:term":[{"taxonomy":"product_brand","embeddable":true,"href":"https:\/\/medical-spirit-of-beauty.de\/fr\/wp-json\/wp\/v2\/product_brand?post=5821"},{"taxonomy":"product_cat","embeddable":true,"href":"https:\/\/medical-spirit-of-beauty.de\/fr\/wp-json\/wp\/v2\/product_cat?post=5821"},{"taxonomy":"product_tag","embeddable":true,"href":"https:\/\/medical-spirit-of-beauty.de\/fr\/wp-json\/wp\/v2\/product_tag?post=5821"}],"curies":[{"name":"wp","href":"https:\/\/api.w.org\/{rel}","templated":true}]}}