{"id":5801,"date":"2021-04-01T09:00:19","date_gmt":"2021-04-01T09:00:19","guid":{"rendered":"https:\/\/unruffled-liskov.212-227-213-12.plesk.page\/produkt\/algae-eye-patches\/"},"modified":"2023-07-13T15:48:59","modified_gmt":"2023-07-13T13:48:59","slug":"algae-eye-patches","status":"publish","type":"product","link":"https:\/\/medical-spirit-of-beauty.de\/fr\/produkt\/algae-eye-patches\/","title":{"rendered":"Algae Eye Patches"},"content":{"rendered":"<p>Contrairement au reste de la peau, la peau du contour des yeux est beaucoup plus fine et donc particuli\u00e8rement sensible. Un manque de sommeil ou un peu de stress donnent tout de suite l&#8217;impression que la zone a vieillie et qu&#8217;elle est plus fatigu\u00e9e.<\/p>\n<p>Pads pour les yeux au collag\u00e8ne sur base des principes actifs les plus modernes en combinaison avec un pad aux algues de qualit\u00e9 sup\u00e9rieure.<br \/>\nContient: 5 x 1 Paire<\/p>\n<p>&nbsp;<\/p>\n<ul>\n<li>Revitalise la r\u00e9gion des yeux<\/li>\n<li>Comble les rides (effet repulpant)<\/li>\n<li>Apaise et hydrate les peaux fatigu\u00e9es<\/li>\n<li>Soulage l\u2018inflammation et l\u2018irritation de la peau<\/li>\n<\/ul>\n","protected":false},"excerpt":{"rendered":"<p>Pads pour les yeux au collag\u00e8ne sur base des principes actifs les plus modernes en combinaison avec un pad aux algues de qualit\u00e9 sup\u00e9rieure. <br \/>\nContient: 5 x 1 Paire<\/p>\n<p>&nbsp;<\/p>\n<ul>\n<li>Revitalise la r\u00e9gion des yeux<\/li>\n<li>Comble les rides (effet repulpant)<\/li>\n<li>Apaise et hydrate les peaux fatigu\u00e9es<\/li>\n<li>Soulage l\u2018inflammation et l\u2018irritation de la peau<\/li>\n<\/ul>\n","protected":false},"featured_media":10967,"comment_status":"open","ping_status":"closed","template":"","meta":{"site-sidebar-layout":"default","site-content-layout":"default","ast-site-content-layout":"","site-content-style":"default","site-sidebar-style":"default","ast-global-header-display":"","ast-banner-title-visibility":"","ast-main-header-display":"","ast-hfb-above-header-display":"","ast-hfb-below-header-display":"","ast-hfb-mobile-header-display":"","site-post-title":"","ast-breadcrumbs-content":"","ast-featured-img":"","footer-sml-layout":"","theme-transparent-header-meta":"default","adv-header-id-meta":"","stick-header-meta":"","header-above-stick-meta":"","header-main-stick-meta":"","header-below-stick-meta":"","astra-migrate-meta-layouts":"default","ast-page-background-enabled":"default","ast-page-background-meta":{"desktop":{"background-color":"","background-image":"","background-repeat":"repeat","background-position":"center center","background-size":"auto","background-attachment":"scroll","background-type":"","background-media":"","overlay-type":"","overlay-color":"","overlay-opacity":"","overlay-gradient":""},"tablet":{"background-color":"","background-image":"","background-repeat":"repeat","background-position":"center center","background-size":"auto","background-attachment":"scroll","background-type":"","background-media":"","overlay-type":"","overlay-color":"","overlay-opacity":"","overlay-gradient":""},"mobile":{"background-color":"","background-image":"","background-repeat":"repeat","background-position":"center center","background-size":"auto","background-attachment":"scroll","background-type":"","background-media":"","overlay-type":"","overlay-color":"","overlay-opacity":"","overlay-gradient":""}},"ast-content-background-meta":{"desktop":{"background-color":"var(--ast-global-color-5)","background-image":"","background-repeat":"repeat","background-position":"center center","background-size":"auto","background-attachment":"scroll","background-type":"","background-media":"","overlay-type":"","overlay-color":"","overlay-opacity":"","overlay-gradient":""},"tablet":{"background-color":"var(--ast-global-color-5)","background-image":"","background-repeat":"repeat","background-position":"center center","background-size":"auto","background-attachment":"scroll","background-type":"","background-media":"","overlay-type":"","overlay-color":"","overlay-opacity":"","overlay-gradient":""},"mobile":{"background-color":"var(--ast-global-color-5)","background-image":"","background-repeat":"repeat","background-position":"center center","background-size":"auto","background-attachment":"scroll","background-type":"","background-media":"","overlay-type":"","overlay-color":"","overlay-opacity":"","overlay-gradient":""}},"wds_primary_product_brand":0,"wds_primary_product_delivery_times":0,"wds_primary_product_sale_labels":0,"wds_primary_product_cat":0},"product_brand":[],"product_cat":[262,218],"product_tag":[],"class_list":{"0":"post-5801","1":"product","2":"type-product","3":"status-publish","4":"has-post-thumbnail","6":"product_cat-basis-line-fr","7":"product_cat-special-care-extra-fr","8":"pa_eigenschaften-anti-roetungen-fr","9":"pa_eigenschaften-feuchtigkeitsspendend-fr","10":"pa_eigenschaften-glaettend-fr","11":"pa_eigenschaften-straffend-fr","12":"pa_hauttyp-fettige-haut-fr","13":"pa_hauttyp-unreine-haut-fr","14":"pa_hauttyp-reife-haut-fr","15":"pa_hauttyp-mischhaut-fr","16":"pa_hauttyp-normale-haut-fr","17":"pa_hauttyp-pigmentierte-haut-fr","18":"pa_hauttyp-trockene-haut-fr","19":"pa_hauttyp-empfindliche-haut-fr","20":"pa_hauttyp-augen-fr","21":"pa_zielgruppe-frau-fr","22":"pa_zielgruppe-mann-fr","23":"pa_zielgruppe-unisex-fr","24":"desktop-align-left","25":"tablet-align-left","26":"mobile-align-left","28":"first","29":"instock","30":"taxable","31":"shipping-taxable","32":"purchasable","33":"product-type-simple"},"wpr_featured_image":["https:\/\/medical-spirit-of-beauty.de\/wp-content\/uploads\/2021\/04\/01314_AlgaeEyePatches_1221-150x150.png",150,150,true],"_links":{"self":[{"href":"https:\/\/medical-spirit-of-beauty.de\/fr\/wp-json\/wp\/v2\/product\/5801","targetHints":{"allow":["GET"]}}],"collection":[{"href":"https:\/\/medical-spirit-of-beauty.de\/fr\/wp-json\/wp\/v2\/product"}],"about":[{"href":"https:\/\/medical-spirit-of-beauty.de\/fr\/wp-json\/wp\/v2\/types\/product"}],"replies":[{"embeddable":true,"href":"https:\/\/medical-spirit-of-beauty.de\/fr\/wp-json\/wp\/v2\/comments?post=5801"}],"wp:featuredmedia":[{"embeddable":true,"href":"https:\/\/medical-spirit-of-beauty.de\/fr\/wp-json\/wp\/v2\/media\/10967"}],"wp:attachment":[{"href":"https:\/\/medical-spirit-of-beauty.de\/fr\/wp-json\/wp\/v2\/media?parent=5801"}],"wp:term":[{"taxonomy":"product_brand","embeddable":true,"href":"https:\/\/medical-spirit-of-beauty.de\/fr\/wp-json\/wp\/v2\/product_brand?post=5801"},{"taxonomy":"product_cat","embeddable":true,"href":"https:\/\/medical-spirit-of-beauty.de\/fr\/wp-json\/wp\/v2\/product_cat?post=5801"},{"taxonomy":"product_tag","embeddable":true,"href":"https:\/\/medical-spirit-of-beauty.de\/fr\/wp-json\/wp\/v2\/product_tag?post=5801"}],"curies":[{"name":"wp","href":"https:\/\/api.w.org\/{rel}","templated":true}]}}