{"id":5797,"date":"2021-04-01T09:02:15","date_gmt":"2021-04-01T09:02:15","guid":{"rendered":"https:\/\/unruffled-liskov.212-227-213-12.plesk.page\/produkt\/collagen-eye-patches\/"},"modified":"2023-07-13T15:14:39","modified_gmt":"2023-07-13T13:14:39","slug":"collagen-eye-patches","status":"publish","type":"product","link":"https:\/\/medical-spirit-of-beauty.de\/fr\/produkt\/collagen-eye-patches\/","title":{"rendered":"Collagen Eye Patches"},"content":{"rendered":"<p>Le contour des yeux est la zone la plus sensible de tout le visage. De plus, il est d\u00e9pourvu de glandes s\u00e9bac\u00e9es, de fibres d&#8217;\u00e9lastine et de collag\u00e8ne. C&#8217;est pourquoi il est moins hydrat\u00e9, plus sec et rapidement marqu\u00e9 par des rides et des ridules. En bref, le moindre d\u00e9s\u00e9quilibre se voit imm\u00e9diatement.<br \/>\n<br<br \/>\nPads pour les yeux au collag\u00e8ne r\u00e9g\u00e9n\u00e9rant aux ingr\u00e9dients modernes \u00e0 effet multiple. <br \/>\nContient 5 x 1 Paire<\/p>\n<p>&nbsp;<\/p>\n<ul>\n<li>Raffermit la peau et lui rend une densit\u00e9 nouvelle<\/li>\n<li>R\u00e9duit les rides et ridules autour des yeux<\/li>\n<li>Active le processus de renouvellement cellulaire<\/li>\n<li>\u00e9limine cernes et les enflures<\/li>\n<li>Rajeunit visiblement la r\u00e9gion des yeux<\/li>\n<\/ul>\n","protected":false},"excerpt":{"rendered":"<p>Pads pour les yeux au collag\u00e8ne r\u00e9g\u00e9n\u00e9rant aux ingr\u00e9dients modernes \u00e0 effet multiple. <br \/>\nContient 5 x 1 Paire<\/p>\n<p>&nbsp;<\/p>\n<ul>\n<li>Raffermit la peau et lui rend une densit\u00e9 nouvelle<\/li>\n<li>R\u00e9duit les rides et ridules autour des yeux<\/li>\n<li>Active le processus de renouvellement cellulaire<\/li>\n<li>\u00e9limine cernes et les enflures<\/li>\n<li>Rajeunit visiblement la r\u00e9gion des yeux<\/li>\n<\/ul>\n","protected":false},"featured_media":14601,"comment_status":"open","ping_status":"closed","template":"","meta":{"site-sidebar-layout":"default","site-content-layout":"plain-container","ast-site-content-layout":"normal-width-container","site-content-style":"unboxed","site-sidebar-style":"unboxed","ast-global-header-display":"","ast-banner-title-visibility":"","ast-main-header-display":"","ast-hfb-above-header-display":"","ast-hfb-below-header-display":"","ast-hfb-mobile-header-display":"","site-post-title":"","ast-breadcrumbs-content":"","ast-featured-img":"","footer-sml-layout":"","theme-transparent-header-meta":"default","adv-header-id-meta":"","stick-header-meta":"","header-above-stick-meta":"","header-main-stick-meta":"","header-below-stick-meta":"","astra-migrate-meta-layouts":"default","ast-page-background-enabled":"default","ast-page-background-meta":{"desktop":{"background-color":"","background-image":"","background-repeat":"repeat","background-position":"center center","background-size":"auto","background-attachment":"scroll","background-type":"","background-media":"","overlay-type":"","overlay-color":"","overlay-opacity":"","overlay-gradient":""},"tablet":{"background-color":"","background-image":"","background-repeat":"repeat","background-position":"center center","background-size":"auto","background-attachment":"scroll","background-type":"","background-media":"","overlay-type":"","overlay-color":"","overlay-opacity":"","overlay-gradient":""},"mobile":{"background-color":"","background-image":"","background-repeat":"repeat","background-position":"center center","background-size":"auto","background-attachment":"scroll","background-type":"","background-media":"","overlay-type":"","overlay-color":"","overlay-opacity":"","overlay-gradient":""}},"ast-content-background-meta":{"desktop":{"background-color":"var(--ast-global-color-5)","background-image":"","background-repeat":"repeat","background-position":"center center","background-size":"auto","background-attachment":"scroll","background-type":"","background-media":"","overlay-type":"","overlay-color":"","overlay-opacity":"","overlay-gradient":""},"tablet":{"background-color":"var(--ast-global-color-5)","background-image":"","background-repeat":"repeat","background-position":"center center","background-size":"auto","background-attachment":"scroll","background-type":"","background-media":"","overlay-type":"","overlay-color":"","overlay-opacity":"","overlay-gradient":""},"mobile":{"background-color":"var(--ast-global-color-5)","background-image":"","background-repeat":"repeat","background-position":"center center","background-size":"auto","background-attachment":"scroll","background-type":"","background-media":"","overlay-type":"","overlay-color":"","overlay-opacity":"","overlay-gradient":""}},"wds_primary_product_brand":0,"wds_primary_product_delivery_times":0,"wds_primary_product_sale_labels":0,"wds_primary_product_cat":0},"product_brand":[],"product_cat":[262,218],"product_tag":[],"class_list":{"0":"post-5797","1":"product","2":"type-product","3":"status-publish","4":"has-post-thumbnail","6":"product_cat-basis-line-fr","7":"product_cat-special-care-extra-fr","8":"pa_eigenschaften-feuchtigkeitsspendend-fr","9":"pa_hauttyp-fettige-haut-fr","10":"pa_hauttyp-unreine-haut-fr","11":"pa_hauttyp-reife-haut-fr","12":"pa_hauttyp-mischhaut-fr","13":"pa_hauttyp-normale-haut-fr","14":"pa_hauttyp-pigmentierte-haut-fr","15":"pa_hauttyp-trockene-haut-fr","16":"pa_hauttyp-empfindliche-haut-fr","17":"pa_zielgruppe-frau-fr","18":"pa_zielgruppe-mann-fr","19":"pa_zielgruppe-unisex-fr","20":"desktop-align-left","21":"tablet-align-left","22":"mobile-align-left","24":"first","25":"instock","26":"taxable","27":"shipping-taxable","28":"purchasable","29":"product-type-simple"},"wpr_featured_image":["https:\/\/medical-spirit-of-beauty.de\/wp-content\/uploads\/2021\/04\/01315_CollagenEyePatches_0123-150x150.jpg",150,150,true],"_links":{"self":[{"href":"https:\/\/medical-spirit-of-beauty.de\/fr\/wp-json\/wp\/v2\/product\/5797","targetHints":{"allow":["GET"]}}],"collection":[{"href":"https:\/\/medical-spirit-of-beauty.de\/fr\/wp-json\/wp\/v2\/product"}],"about":[{"href":"https:\/\/medical-spirit-of-beauty.de\/fr\/wp-json\/wp\/v2\/types\/product"}],"replies":[{"embeddable":true,"href":"https:\/\/medical-spirit-of-beauty.de\/fr\/wp-json\/wp\/v2\/comments?post=5797"}],"wp:featuredmedia":[{"embeddable":true,"href":"https:\/\/medical-spirit-of-beauty.de\/fr\/wp-json\/wp\/v2\/media\/14601"}],"wp:attachment":[{"href":"https:\/\/medical-spirit-of-beauty.de\/fr\/wp-json\/wp\/v2\/media?parent=5797"}],"wp:term":[{"taxonomy":"product_brand","embeddable":true,"href":"https:\/\/medical-spirit-of-beauty.de\/fr\/wp-json\/wp\/v2\/product_brand?post=5797"},{"taxonomy":"product_cat","embeddable":true,"href":"https:\/\/medical-spirit-of-beauty.de\/fr\/wp-json\/wp\/v2\/product_cat?post=5797"},{"taxonomy":"product_tag","embeddable":true,"href":"https:\/\/medical-spirit-of-beauty.de\/fr\/wp-json\/wp\/v2\/product_tag?post=5797"}],"curies":[{"name":"wp","href":"https:\/\/api.w.org\/{rel}","templated":true}]}}