{"id":5789,"date":"2021-04-01T09:02:15","date_gmt":"2021-04-01T09:02:15","guid":{"rendered":"https:\/\/unruffled-liskov.212-227-213-12.plesk.page\/produkt\/nail-oil\/"},"modified":"2023-07-13T14:40:22","modified_gmt":"2023-07-13T12:40:22","slug":"nail-oil","status":"publish","type":"product","link":"https:\/\/medical-spirit-of-beauty.de\/fr\/produkt\/nail-oil\/","title":{"rendered":"Nail Oil"},"content":{"rendered":"<p>Une bonne huile pour les ongles fait \u00e9galement partie d&#8217;un bon soin des mains. Elle est b\u00e9n\u00e9fique pour les ongles et les cuticules. Les huiles pour ongles contiennent de nombreuses substances actives pr\u00e9cieuses qui nourrissent et hydratent la peau et les ongles. Pour une peau saine et des ongles solides, il faut absolument miser sur une huile pour ongles.<\/p>\n<p>Huile tonifiante pour des ongles sains et soign\u00e9s.<\/p>\n<p>&nbsp;<\/p>\n<ul>\n<li>Nourrit les ongles secs et cassants<\/li>\n<li>Soigne les cuticules s\u00e8ches et fissur\u00e9es<\/li>\n<li>Rend leur \u00e9lasticit\u00e9 aux ongles fragiles (ils se brisent moins facilement)<\/li>\n<\/ul>\n","protected":false},"excerpt":{"rendered":"<p>Huile tonifiante pour des ongles sains et soign\u00e9s.<\/p>\n<p>&nbsp;<\/p>\n<ul>\n<li>Nourrit les ongles secs et cassants<\/li>\n<li>Soigne les cuticules s\u00e8ches et fissur\u00e9es<\/li>\n<li>Rend leur \u00e9lasticit\u00e9 aux ongles fragiles (ils se brisent moins facilement)<\/li>\n<\/ul>\n","protected":false},"featured_media":10752,"comment_status":"open","ping_status":"closed","template":"","meta":{"site-sidebar-layout":"default","site-content-layout":"default","ast-site-content-layout":"","site-content-style":"default","site-sidebar-style":"default","ast-global-header-display":"","ast-banner-title-visibility":"","ast-main-header-display":"","ast-hfb-above-header-display":"","ast-hfb-below-header-display":"","ast-hfb-mobile-header-display":"","site-post-title":"","ast-breadcrumbs-content":"","ast-featured-img":"","footer-sml-layout":"","theme-transparent-header-meta":"default","adv-header-id-meta":"","stick-header-meta":"","header-above-stick-meta":"","header-main-stick-meta":"","header-below-stick-meta":"","astra-migrate-meta-layouts":"default","ast-page-background-enabled":"default","ast-page-background-meta":{"desktop":{"background-color":"","background-image":"","background-repeat":"repeat","background-position":"center center","background-size":"auto","background-attachment":"scroll","background-type":"","background-media":"","overlay-type":"","overlay-color":"","overlay-opacity":"","overlay-gradient":""},"tablet":{"background-color":"","background-image":"","background-repeat":"repeat","background-position":"center center","background-size":"auto","background-attachment":"scroll","background-type":"","background-media":"","overlay-type":"","overlay-color":"","overlay-opacity":"","overlay-gradient":""},"mobile":{"background-color":"","background-image":"","background-repeat":"repeat","background-position":"center center","background-size":"auto","background-attachment":"scroll","background-type":"","background-media":"","overlay-type":"","overlay-color":"","overlay-opacity":"","overlay-gradient":""}},"ast-content-background-meta":{"desktop":{"background-color":"var(--ast-global-color-5)","background-image":"","background-repeat":"repeat","background-position":"center center","background-size":"auto","background-attachment":"scroll","background-type":"","background-media":"","overlay-type":"","overlay-color":"","overlay-opacity":"","overlay-gradient":""},"tablet":{"background-color":"var(--ast-global-color-5)","background-image":"","background-repeat":"repeat","background-position":"center center","background-size":"auto","background-attachment":"scroll","background-type":"","background-media":"","overlay-type":"","overlay-color":"","overlay-opacity":"","overlay-gradient":""},"mobile":{"background-color":"var(--ast-global-color-5)","background-image":"","background-repeat":"repeat","background-position":"center center","background-size":"auto","background-attachment":"scroll","background-type":"","background-media":"","overlay-type":"","overlay-color":"","overlay-opacity":"","overlay-gradient":""}},"wds_primary_product_brand":0,"wds_primary_product_delivery_times":0,"wds_primary_product_sale_labels":0,"wds_primary_product_cat":0},"product_brand":[],"product_cat":[262,218],"product_tag":[],"class_list":{"0":"post-5789","1":"product","2":"type-product","3":"status-publish","4":"has-post-thumbnail","6":"product_cat-basis-line-fr","7":"product_cat-special-care-extra-fr","8":"pa_eigenschaften-feuchtigkeitsspendend-fr","9":"pa_hauttyp-haende-fr","10":"pa_hauttyp-fettige-haut-fr","11":"pa_hauttyp-unreine-haut-fr","12":"pa_hauttyp-reife-haut-fr","13":"pa_hauttyp-normale-haut-fr","14":"pa_hauttyp-pigmentierte-haut-fr","15":"pa_hauttyp-trockene-haut-fr","16":"pa_hauttyp-empfindliche-haut-fr","17":"pa_zielgruppe-frau-fr","18":"pa_zielgruppe-mann-fr","19":"pa_zielgruppe-unisex-fr","20":"desktop-align-left","21":"tablet-align-left","22":"mobile-align-left","24":"first","25":"instock","26":"taxable","27":"shipping-taxable","28":"purchasable","29":"product-type-simple"},"wpr_featured_image":["https:\/\/medical-spirit-of-beauty.de\/wp-content\/uploads\/2021\/04\/01402_NailOil_75ml_1221-150x150.png",150,150,true],"_links":{"self":[{"href":"https:\/\/medical-spirit-of-beauty.de\/fr\/wp-json\/wp\/v2\/product\/5789","targetHints":{"allow":["GET"]}}],"collection":[{"href":"https:\/\/medical-spirit-of-beauty.de\/fr\/wp-json\/wp\/v2\/product"}],"about":[{"href":"https:\/\/medical-spirit-of-beauty.de\/fr\/wp-json\/wp\/v2\/types\/product"}],"replies":[{"embeddable":true,"href":"https:\/\/medical-spirit-of-beauty.de\/fr\/wp-json\/wp\/v2\/comments?post=5789"}],"wp:featuredmedia":[{"embeddable":true,"href":"https:\/\/medical-spirit-of-beauty.de\/fr\/wp-json\/wp\/v2\/media\/10752"}],"wp:attachment":[{"href":"https:\/\/medical-spirit-of-beauty.de\/fr\/wp-json\/wp\/v2\/media?parent=5789"}],"wp:term":[{"taxonomy":"product_brand","embeddable":true,"href":"https:\/\/medical-spirit-of-beauty.de\/fr\/wp-json\/wp\/v2\/product_brand?post=5789"},{"taxonomy":"product_cat","embeddable":true,"href":"https:\/\/medical-spirit-of-beauty.de\/fr\/wp-json\/wp\/v2\/product_cat?post=5789"},{"taxonomy":"product_tag","embeddable":true,"href":"https:\/\/medical-spirit-of-beauty.de\/fr\/wp-json\/wp\/v2\/product_tag?post=5789"}],"curies":[{"name":"wp","href":"https:\/\/api.w.org\/{rel}","templated":true}]}}