{"id":5761,"date":"2021-04-01T09:03:50","date_gmt":"2021-04-01T09:03:50","guid":{"rendered":"https:\/\/unruffled-liskov.212-227-213-12.plesk.page\/produkt\/alpha-trophox112-eye-cream\/"},"modified":"2023-07-12T14:05:09","modified_gmt":"2023-07-12T12:05:09","slug":"alpha-trophox112-eye-cream","status":"publish","type":"product","link":"https:\/\/medical-spirit-of-beauty.de\/fr\/produkt\/alpha-trophox112-eye-cream\/","title":{"rendered":"Alpha-Trophox112<sup>\u00ae<\/sup><br> Eye Cream"},"content":{"rendered":"<p>Cr\u00e8me anti-\u00e2ge ultra-concentr\u00e9e pour le soin intensif de la zone sensible du contour des yeux avec le complexe ALPHA AC3 Repair con\u00e7u par MSB<sup>\u00ae<\/sup> Cosmeceuticals.<\/p>\n<p>Pour tous les types de peau en cas de :<\/p>\n<ul>\n<li>Peau pauvre en nutriments, qui manque d&#8217;hydratation et d&#8217;\u00e9lasticit\u00e9<\/li>\n<li>Peau manquant d&#8217;\u00e9nergie, terne et sans \u00e9clat<\/li>\n<li>Peau marqu\u00e9e par des signes de vieillissement et manquant de tonus<\/li>\n<li>Premi\u00e8res rides et rides plus profondes au niveau du contour des yeux<\/li>\n<\/ul>\n","protected":false},"excerpt":{"rendered":"<p>Cr\u00e8me anti-\u00e2ge ultra-concentr\u00e9e pour le soin intensif de la zone sensible du contour des yeux avec le complexe ALPHA AC3 Repair con\u00e7u par MSB<sup>\u00ae<\/sup> Cosmeceuticals.<\/p>\n<ul>\n<li>Active les m\u00e9canismes de r\u00e9paration de la peau et favorise la formation des tissus<\/li>\n<li>Att\u00e9nue et r\u00e9duit les rides et les ridules<\/li>\n<li>Rafra\u00eechit le contour de l&#8217;\u0153il, le rend plus lisse et lui conf\u00e8re une nouvelle vitalit\u00e9<\/li>\n<li>R\u00e9duit les cernes et les ombres autour des yeux<\/li>\n<\/ul>\n","protected":false},"featured_media":12257,"comment_status":"open","ping_status":"closed","template":"","meta":{"site-sidebar-layout":"default","site-content-layout":"default","ast-site-content-layout":"default","site-content-style":"default","site-sidebar-style":"default","ast-global-header-display":"","ast-banner-title-visibility":"","ast-main-header-display":"","ast-hfb-above-header-display":"","ast-hfb-below-header-display":"","ast-hfb-mobile-header-display":"","site-post-title":"","ast-breadcrumbs-content":"","ast-featured-img":"","footer-sml-layout":"","theme-transparent-header-meta":"default","adv-header-id-meta":"","stick-header-meta":"","header-above-stick-meta":"","header-main-stick-meta":"","header-below-stick-meta":"","astra-migrate-meta-layouts":"default","ast-page-background-enabled":"default","ast-page-background-meta":{"desktop":{"background-color":"","background-image":"","background-repeat":"repeat","background-position":"center center","background-size":"auto","background-attachment":"scroll","background-type":"","background-media":"","overlay-type":"","overlay-color":"","overlay-opacity":"","overlay-gradient":""},"tablet":{"background-color":"","background-image":"","background-repeat":"repeat","background-position":"center center","background-size":"auto","background-attachment":"scroll","background-type":"","background-media":"","overlay-type":"","overlay-color":"","overlay-opacity":"","overlay-gradient":""},"mobile":{"background-color":"","background-image":"","background-repeat":"repeat","background-position":"center center","background-size":"auto","background-attachment":"scroll","background-type":"","background-media":"","overlay-type":"","overlay-color":"","overlay-opacity":"","overlay-gradient":""}},"ast-content-background-meta":{"desktop":{"background-color":"var(--ast-global-color-5)","background-image":"","background-repeat":"repeat","background-position":"center center","background-size":"auto","background-attachment":"scroll","background-type":"","background-media":"","overlay-type":"","overlay-color":"","overlay-opacity":"","overlay-gradient":""},"tablet":{"background-color":"var(--ast-global-color-5)","background-image":"","background-repeat":"repeat","background-position":"center center","background-size":"auto","background-attachment":"scroll","background-type":"","background-media":"","overlay-type":"","overlay-color":"","overlay-opacity":"","overlay-gradient":""},"mobile":{"background-color":"var(--ast-global-color-5)","background-image":"","background-repeat":"repeat","background-position":"center center","background-size":"auto","background-attachment":"scroll","background-type":"","background-media":"","overlay-type":"","overlay-color":"","overlay-opacity":"","overlay-gradient":""}},"wds_primary_product_brand":0,"wds_primary_product_delivery_times":0,"wds_primary_product_sale_labels":0,"wds_primary_product_cat":0},"product_brand":[],"product_cat":[150,149],"product_tag":[],"class_list":{"0":"post-5761","1":"product","2":"type-product","3":"status-publish","4":"has-post-thumbnail","6":"product_cat-alpha-trophox112-fr","7":"product_cat-repair-lift-fr","8":"pa_eigenschaften-anti-aging-fr","9":"pa_eigenschaften-beruhigend-fr","10":"pa_eigenschaften-feuchtigkeitsspendend-fr","11":"pa_eigenschaften-glaettend-fr","12":"pa_eigenschaften-naehrend-fr","13":"pa_eigenschaften-schuetzend-fr","14":"pa_eigenschaften-festigend-fr","15":"pa_hauttyp-fettige-haut-fr","16":"pa_hauttyp-unreine-haut-fr","17":"pa_hauttyp-reife-haut-fr","18":"pa_hauttyp-mischhaut-fr","19":"pa_hauttyp-normale-haut-fr","20":"pa_hauttyp-pigmentierte-haut-fr","21":"pa_hauttyp-trockene-haut-fr","22":"pa_hauttyp-empfindliche-haut-fr","23":"pa_hauttyp-augen-fr","24":"pa_zielgruppe-frau-fr","25":"pa_zielgruppe-mann-fr","26":"pa_zielgruppe-unisex-fr","27":"desktop-align-left","28":"tablet-align-left","29":"mobile-align-left","31":"first","32":"instock","33":"taxable","34":"shipping-taxable","35":"purchasable","36":"product-type-simple"},"wpr_featured_image":["https:\/\/medical-spirit-of-beauty.de\/wp-content\/uploads\/2021\/04\/01507_AlphaTrophoxEyeCream_30ml_1221-150x150.png",150,150,true],"_links":{"self":[{"href":"https:\/\/medical-spirit-of-beauty.de\/fr\/wp-json\/wp\/v2\/product\/5761","targetHints":{"allow":["GET"]}}],"collection":[{"href":"https:\/\/medical-spirit-of-beauty.de\/fr\/wp-json\/wp\/v2\/product"}],"about":[{"href":"https:\/\/medical-spirit-of-beauty.de\/fr\/wp-json\/wp\/v2\/types\/product"}],"replies":[{"embeddable":true,"href":"https:\/\/medical-spirit-of-beauty.de\/fr\/wp-json\/wp\/v2\/comments?post=5761"}],"wp:featuredmedia":[{"embeddable":true,"href":"https:\/\/medical-spirit-of-beauty.de\/fr\/wp-json\/wp\/v2\/media\/12257"}],"wp:attachment":[{"href":"https:\/\/medical-spirit-of-beauty.de\/fr\/wp-json\/wp\/v2\/media?parent=5761"}],"wp:term":[{"taxonomy":"product_brand","embeddable":true,"href":"https:\/\/medical-spirit-of-beauty.de\/fr\/wp-json\/wp\/v2\/product_brand?post=5761"},{"taxonomy":"product_cat","embeddable":true,"href":"https:\/\/medical-spirit-of-beauty.de\/fr\/wp-json\/wp\/v2\/product_cat?post=5761"},{"taxonomy":"product_tag","embeddable":true,"href":"https:\/\/medical-spirit-of-beauty.de\/fr\/wp-json\/wp\/v2\/product_tag?post=5761"}],"curies":[{"name":"wp","href":"https:\/\/api.w.org\/{rel}","templated":true}]}}