{"id":5749,"date":"2021-04-01T09:03:50","date_gmt":"2021-04-01T09:03:50","guid":{"rendered":"https:\/\/unruffled-liskov.212-227-213-12.plesk.page\/produkt\/alpha-trophox112-liquid-mask-set\/"},"modified":"2023-07-12T10:06:15","modified_gmt":"2023-07-12T08:06:15","slug":"alpha-trophox112-liquid-mask-set-3","status":"publish","type":"product","link":"https:\/\/medical-spirit-of-beauty.de\/fr\/produkt\/alpha-trophox112-liquid-mask-set-3\/","title":{"rendered":"Alpha-Trophox112<sup>\u00ae<\/sup><br> Liquid Mask Set"},"content":{"rendered":"<p>Masque en tissu anti-\u00e2ge ultra-concentr\u00e9 pour un teint imm\u00e9diatement revitalis\u00e9 et sans d\u00e9faut avec le complexe ALPHA AC3 Repair con\u00e7u par MSB<sup>\u00ae<\/sup> Cosmeceuticals.<\/p>\n<ul>\n<li>A sur la peau un effet lissant et raffermissant imm\u00e9diat<\/li>\n<li>Il fortifie et raffermit le tissu cellulaire<\/li>\n<li>Aide la peau \u00e0 retrouver son \u00e9quilibre<\/li>\n<li>la peau semble apais\u00e9e, \u00e9quilibr\u00e9e et plus fra\u00eeche<\/li>\n<\/ul>\n<ul>\n<p>Pour tous les types de peau en cas de :<\/p>\n<li>Peau pauvre en nutriments, qui manque d&#8217;hydratation et d&#8217;\u00e9lasticit\u00e9<\/li>\n<li>Peau marqu\u00e9e par des signes de vieillissement et manquant de tonus<\/li>\n<li>Premi\u00e8res rides et rides plus profondes<\/li>\n<li>Peau n\u00e9cessitant des soins particuliers en raison du froid, de la s\u00e9cheresse ou apr\u00e8s une exposition au soleil<\/li>\n<\/ul>\n","protected":false},"excerpt":{"rendered":"<p>Masque en tissu anti-\u00e2ge ultra-concentr\u00e9 pour un teint imm\u00e9diatement revitalis\u00e9 et sans d\u00e9faut avec le complexe ALPHA AC3 Repair con\u00e7u par MSB<sup>\u00ae<\/sup> Cosmeceuticals.<\/p>\n<ul>\n<li>A sur la peau un effet lissant et raffermissant imm\u00e9diat<\/li>\n<li>Il fortifie et raffermit le tissu cellulaire<\/li>\n<li>Aide la peau \u00e0 retrouver son \u00e9quilibre<\/li>\n<li>la peau semble apais\u00e9e, \u00e9quilibr\u00e9e et plus fra\u00eeche<\/li>\n<\/ul>\n","protected":false},"featured_media":12247,"comment_status":"open","ping_status":"closed","template":"","meta":{"site-sidebar-layout":"default","site-content-layout":"default","ast-site-content-layout":"","site-content-style":"default","site-sidebar-style":"default","ast-global-header-display":"","ast-banner-title-visibility":"","ast-main-header-display":"","ast-hfb-above-header-display":"","ast-hfb-below-header-display":"","ast-hfb-mobile-header-display":"","site-post-title":"","ast-breadcrumbs-content":"","ast-featured-img":"","footer-sml-layout":"","theme-transparent-header-meta":"default","adv-header-id-meta":"","stick-header-meta":"","header-above-stick-meta":"","header-main-stick-meta":"","header-below-stick-meta":"","astra-migrate-meta-layouts":"default","ast-page-background-enabled":"default","ast-page-background-meta":{"desktop":{"background-color":"","background-image":"","background-repeat":"repeat","background-position":"center center","background-size":"auto","background-attachment":"scroll","background-type":"","background-media":"","overlay-type":"","overlay-color":"","overlay-opacity":"","overlay-gradient":""},"tablet":{"background-color":"","background-image":"","background-repeat":"repeat","background-position":"center center","background-size":"auto","background-attachment":"scroll","background-type":"","background-media":"","overlay-type":"","overlay-color":"","overlay-opacity":"","overlay-gradient":""},"mobile":{"background-color":"","background-image":"","background-repeat":"repeat","background-position":"center center","background-size":"auto","background-attachment":"scroll","background-type":"","background-media":"","overlay-type":"","overlay-color":"","overlay-opacity":"","overlay-gradient":""}},"ast-content-background-meta":{"desktop":{"background-color":"var(--ast-global-color-5)","background-image":"","background-repeat":"repeat","background-position":"center center","background-size":"auto","background-attachment":"scroll","background-type":"","background-media":"","overlay-type":"","overlay-color":"","overlay-opacity":"","overlay-gradient":""},"tablet":{"background-color":"var(--ast-global-color-5)","background-image":"","background-repeat":"repeat","background-position":"center center","background-size":"auto","background-attachment":"scroll","background-type":"","background-media":"","overlay-type":"","overlay-color":"","overlay-opacity":"","overlay-gradient":""},"mobile":{"background-color":"var(--ast-global-color-5)","background-image":"","background-repeat":"repeat","background-position":"center center","background-size":"auto","background-attachment":"scroll","background-type":"","background-media":"","overlay-type":"","overlay-color":"","overlay-opacity":"","overlay-gradient":""}},"wds_primary_product_brand":0,"wds_primary_product_delivery_times":0,"wds_primary_product_sale_labels":0,"wds_primary_product_cat":0},"product_brand":[],"product_cat":[150,149,310],"product_tag":[],"class_list":{"0":"post-5749","1":"product","2":"type-product","3":"status-publish","4":"has-post-thumbnail","6":"product_cat-alpha-trophox112-fr","7":"product_cat-repair-lift-fr","8":"product_cat-sets-fr-3","9":"pa_eigenschaften-anti-aging-fr","10":"pa_eigenschaften-feuchtigkeitsspendend-fr","11":"pa_eigenschaften-glaettend-fr","12":"pa_hauttyp-fettige-haut-fr","13":"pa_hauttyp-unreine-haut-fr","14":"pa_hauttyp-reife-haut-fr","15":"pa_hauttyp-mischhaut-fr","16":"pa_hauttyp-normale-haut-fr","17":"pa_hauttyp-pigmentierte-haut-fr","18":"pa_hauttyp-trockene-haut-fr","19":"pa_hauttyp-empfindliche-haut-fr","20":"pa_zielgruppe-frau-fr","21":"pa_zielgruppe-mann-fr","22":"pa_zielgruppe-unisex-fr","23":"desktop-align-left","24":"tablet-align-left","25":"mobile-align-left","27":"first","28":"instock","29":"taxable","30":"shipping-taxable","31":"purchasable","32":"product-type-simple"},"wpr_featured_image":["https:\/\/medical-spirit-of-beauty.de\/wp-content\/uploads\/2021\/04\/01508_AlphaTrophoxLiquidMask_1221-150x150.png",150,150,true],"_links":{"self":[{"href":"https:\/\/medical-spirit-of-beauty.de\/fr\/wp-json\/wp\/v2\/product\/5749","targetHints":{"allow":["GET"]}}],"collection":[{"href":"https:\/\/medical-spirit-of-beauty.de\/fr\/wp-json\/wp\/v2\/product"}],"about":[{"href":"https:\/\/medical-spirit-of-beauty.de\/fr\/wp-json\/wp\/v2\/types\/product"}],"replies":[{"embeddable":true,"href":"https:\/\/medical-spirit-of-beauty.de\/fr\/wp-json\/wp\/v2\/comments?post=5749"}],"wp:featuredmedia":[{"embeddable":true,"href":"https:\/\/medical-spirit-of-beauty.de\/fr\/wp-json\/wp\/v2\/media\/12247"}],"wp:attachment":[{"href":"https:\/\/medical-spirit-of-beauty.de\/fr\/wp-json\/wp\/v2\/media?parent=5749"}],"wp:term":[{"taxonomy":"product_brand","embeddable":true,"href":"https:\/\/medical-spirit-of-beauty.de\/fr\/wp-json\/wp\/v2\/product_brand?post=5749"},{"taxonomy":"product_cat","embeddable":true,"href":"https:\/\/medical-spirit-of-beauty.de\/fr\/wp-json\/wp\/v2\/product_cat?post=5749"},{"taxonomy":"product_tag","embeddable":true,"href":"https:\/\/medical-spirit-of-beauty.de\/fr\/wp-json\/wp\/v2\/product_tag?post=5749"}],"curies":[{"name":"wp","href":"https:\/\/api.w.org\/{rel}","templated":true}]}}