{"id":5732,"date":"2021-04-01T09:05:06","date_gmt":"2021-04-01T09:05:06","guid":{"rendered":"https:\/\/unruffled-liskov.212-227-213-12.plesk.page\/produkt\/alpha-trophox112-anti-cellulite\/"},"modified":"2023-07-06T15:31:19","modified_gmt":"2023-07-06T13:31:19","slug":"alpha-trophox112-anti-cellulite","status":"publish","type":"product","link":"https:\/\/medical-spirit-of-beauty.de\/fr\/produkt\/alpha-trophox112-anti-cellulite\/","title":{"rendered":"Alpha-Trophox112<sup>\u00ae<\/sup><br> Anti-Cellulite"},"content":{"rendered":"<p>\u00c9mulsion gel ultra-concentr\u00e9e, raffermissante et lissante pour les zones \u00e0 probl\u00e8mes tenaces sur le haut des bras, le ventre, les fesses et les cuisses avec le complexe ALPHA AC3 Repair con\u00e7u par MSB\u00ae Cosmeceuticals.<\/p>\n","protected":false},"excerpt":{"rendered":"<p>\u00c9mulsion gel ultra-concentr\u00e9e, raffermissante et lissante pour les zones \u00e0 probl\u00e8mes tenaces sur le haut des bras, le ventre, les fesses et les cuisses avec le complexe ALPHA AC3 Repair con\u00e7u par MSB\u00ae Cosmeceuticals.<\/p>\n<ul>\n<li>R\u00e9duit visiblement les sympt\u00f4mes de la cellulite<\/li>\n<li>Active la d\u00e9composition des graisses<\/li>\n<li>Raffermit et retend la peau<\/li>\n<li>Remod\u00e8le les contours du corps, la silhouette semble plus fine<\/li>\n<\/ul>\n","protected":false},"featured_media":12232,"comment_status":"open","ping_status":"closed","template":"","meta":{"site-sidebar-layout":"default","site-content-layout":"default","ast-site-content-layout":"default","site-content-style":"default","site-sidebar-style":"default","ast-global-header-display":"","ast-banner-title-visibility":"","ast-main-header-display":"","ast-hfb-above-header-display":"","ast-hfb-below-header-display":"","ast-hfb-mobile-header-display":"","site-post-title":"","ast-breadcrumbs-content":"","ast-featured-img":"","footer-sml-layout":"","theme-transparent-header-meta":"default","adv-header-id-meta":"","stick-header-meta":"","header-above-stick-meta":"","header-main-stick-meta":"","header-below-stick-meta":"","astra-migrate-meta-layouts":"default","ast-page-background-enabled":"default","ast-page-background-meta":{"desktop":{"background-color":"","background-image":"","background-repeat":"repeat","background-position":"center center","background-size":"auto","background-attachment":"scroll","background-type":"","background-media":"","overlay-type":"","overlay-color":"","overlay-opacity":"","overlay-gradient":""},"tablet":{"background-color":"","background-image":"","background-repeat":"repeat","background-position":"center center","background-size":"auto","background-attachment":"scroll","background-type":"","background-media":"","overlay-type":"","overlay-color":"","overlay-opacity":"","overlay-gradient":""},"mobile":{"background-color":"","background-image":"","background-repeat":"repeat","background-position":"center center","background-size":"auto","background-attachment":"scroll","background-type":"","background-media":"","overlay-type":"","overlay-color":"","overlay-opacity":"","overlay-gradient":""}},"ast-content-background-meta":{"desktop":{"background-color":"var(--ast-global-color-5)","background-image":"","background-repeat":"repeat","background-position":"center center","background-size":"auto","background-attachment":"scroll","background-type":"","background-media":"","overlay-type":"","overlay-color":"","overlay-opacity":"","overlay-gradient":""},"tablet":{"background-color":"var(--ast-global-color-5)","background-image":"","background-repeat":"repeat","background-position":"center center","background-size":"auto","background-attachment":"scroll","background-type":"","background-media":"","overlay-type":"","overlay-color":"","overlay-opacity":"","overlay-gradient":""},"mobile":{"background-color":"var(--ast-global-color-5)","background-image":"","background-repeat":"repeat","background-position":"center center","background-size":"auto","background-attachment":"scroll","background-type":"","background-media":"","overlay-type":"","overlay-color":"","overlay-opacity":"","overlay-gradient":""}},"wds_primary_product_brand":0,"wds_primary_product_delivery_times":0,"wds_primary_product_sale_labels":0,"wds_primary_product_cat":0},"product_brand":[],"product_cat":[150,193],"product_tag":[],"class_list":{"0":"post-5732","1":"product","2":"type-product","3":"status-publish","4":"has-post-thumbnail","6":"product_cat-alpha-trophox112-fr","7":"product_cat-repair-firming-fr","8":"pa_eigenschaften-anti-aging-fr","9":"pa_eigenschaften-feuchtigkeitsspendend-fr","10":"pa_eigenschaften-glaettend-fr","11":"pa_hauttyp-beine-fr","12":"pa_hauttyp-fettige-haut-fr","13":"pa_hauttyp-unreine-haut-fr","14":"pa_hauttyp-reife-haut-fr","15":"pa_hauttyp-mischhaut-fr","16":"pa_hauttyp-normale-haut-fr","17":"pa_hauttyp-pigmentierte-haut-fr","18":"pa_hauttyp-trockene-haut-fr","19":"pa_hauttyp-empfindliche-haut-fr","20":"pa_zielgruppe-frau-fr","21":"pa_zielgruppe-mann-fr","22":"pa_zielgruppe-unisex-fr","23":"desktop-align-left","24":"tablet-align-left","25":"mobile-align-left","27":"first","28":"instock","29":"taxable","30":"shipping-taxable","31":"purchasable","32":"product-type-simple"},"wpr_featured_image":["https:\/\/medical-spirit-of-beauty.de\/wp-content\/uploads\/2021\/04\/01512_AlphaTrophoxAntiCellulite_200ml_1221-150x150.png",150,150,true],"_links":{"self":[{"href":"https:\/\/medical-spirit-of-beauty.de\/fr\/wp-json\/wp\/v2\/product\/5732","targetHints":{"allow":["GET"]}}],"collection":[{"href":"https:\/\/medical-spirit-of-beauty.de\/fr\/wp-json\/wp\/v2\/product"}],"about":[{"href":"https:\/\/medical-spirit-of-beauty.de\/fr\/wp-json\/wp\/v2\/types\/product"}],"replies":[{"embeddable":true,"href":"https:\/\/medical-spirit-of-beauty.de\/fr\/wp-json\/wp\/v2\/comments?post=5732"}],"wp:featuredmedia":[{"embeddable":true,"href":"https:\/\/medical-spirit-of-beauty.de\/fr\/wp-json\/wp\/v2\/media\/12232"}],"wp:attachment":[{"href":"https:\/\/medical-spirit-of-beauty.de\/fr\/wp-json\/wp\/v2\/media?parent=5732"}],"wp:term":[{"taxonomy":"product_brand","embeddable":true,"href":"https:\/\/medical-spirit-of-beauty.de\/fr\/wp-json\/wp\/v2\/product_brand?post=5732"},{"taxonomy":"product_cat","embeddable":true,"href":"https:\/\/medical-spirit-of-beauty.de\/fr\/wp-json\/wp\/v2\/product_cat?post=5732"},{"taxonomy":"product_tag","embeddable":true,"href":"https:\/\/medical-spirit-of-beauty.de\/fr\/wp-json\/wp\/v2\/product_tag?post=5732"}],"curies":[{"name":"wp","href":"https:\/\/api.w.org\/{rel}","templated":true}]}}