{"id":5728,"date":"2021-04-01T09:05:06","date_gmt":"2021-04-01T09:05:06","guid":{"rendered":"https:\/\/unruffled-liskov.212-227-213-12.plesk.page\/produkt\/alpha-trophox112-foot-cream\/"},"modified":"2023-07-13T11:45:15","modified_gmt":"2023-07-13T09:45:15","slug":"alpha-trophox112-foot-cream","status":"publish","type":"product","link":"https:\/\/medical-spirit-of-beauty.de\/fr\/produkt\/alpha-trophox112-foot-cream\/","title":{"rendered":"Alpha-Trophox112<sup>\u00ae<\/sup><br> Foot Cream"},"content":{"rendered":"<p>Active le processus de r\u00e9g\u00e9n\u00e9ration naturel A un effet r\u00e9g\u00e9n\u00e9rateur, hydrate et calme la peau Rend la peau plus douce et souple Les pieds ab\u00eem\u00e9s sont agr\u00e9ablement d\u00e9tendus<\/p>\n<p>Cr\u00e8me pour les pieds ultra-concentr\u00e9e, bienfaisante et apaisante avec le complexe ALPHA AC3 Repair con\u00e7u par MSB<sup>\u00ae<\/sup> Cosmeceuticals.<\/p>\n<ul>\n<li>Active le processus de r\u00e9g\u00e9n\u00e9ration naturel<\/li>\n<li>A un effet r\u00e9g\u00e9n\u00e9rateur, hydrate et calme la peau<\/li>\n<li>Rend la peau plus douce et souple<\/li>\n<li>Les pieds ab\u00eem\u00e9s sont agr\u00e9ablement d\u00e9tendus<\/li>\n<\/ul>\n","protected":false},"excerpt":{"rendered":"<p>Cr\u00e8me pour les pieds ultra-concentr\u00e9e, bienfaisante et apaisante avec le complexe ALPHA AC3 Repair con\u00e7u par MSB<sup>\u00ae<\/sup> Cosmeceuticals.<\/p>\n<ul>\n<li>Active le processus de r\u00e9g\u00e9n\u00e9ration naturel<\/li>\n<li>A un effet r\u00e9g\u00e9n\u00e9rateur, hydrate et calme la peau<\/li>\n<li>Rend la peau plus douce et souple<\/li>\n<li>Les pieds ab\u00eem\u00e9s sont agr\u00e9ablement d\u00e9tendus<\/li>\n<\/ul>\n","protected":false},"featured_media":12242,"comment_status":"open","ping_status":"closed","template":"","meta":{"site-sidebar-layout":"default","site-content-layout":"default","ast-site-content-layout":"","site-content-style":"default","site-sidebar-style":"default","ast-global-header-display":"","ast-banner-title-visibility":"","ast-main-header-display":"","ast-hfb-above-header-display":"","ast-hfb-below-header-display":"","ast-hfb-mobile-header-display":"","site-post-title":"","ast-breadcrumbs-content":"","ast-featured-img":"","footer-sml-layout":"","theme-transparent-header-meta":"default","adv-header-id-meta":"","stick-header-meta":"","header-above-stick-meta":"","header-main-stick-meta":"","header-below-stick-meta":"","astra-migrate-meta-layouts":"default","ast-page-background-enabled":"default","ast-page-background-meta":{"desktop":{"background-color":"","background-image":"","background-repeat":"repeat","background-position":"center center","background-size":"auto","background-attachment":"scroll","background-type":"","background-media":"","overlay-type":"","overlay-color":"","overlay-opacity":"","overlay-gradient":""},"tablet":{"background-color":"","background-image":"","background-repeat":"repeat","background-position":"center center","background-size":"auto","background-attachment":"scroll","background-type":"","background-media":"","overlay-type":"","overlay-color":"","overlay-opacity":"","overlay-gradient":""},"mobile":{"background-color":"","background-image":"","background-repeat":"repeat","background-position":"center center","background-size":"auto","background-attachment":"scroll","background-type":"","background-media":"","overlay-type":"","overlay-color":"","overlay-opacity":"","overlay-gradient":""}},"ast-content-background-meta":{"desktop":{"background-color":"var(--ast-global-color-5)","background-image":"","background-repeat":"repeat","background-position":"center center","background-size":"auto","background-attachment":"scroll","background-type":"","background-media":"","overlay-type":"","overlay-color":"","overlay-opacity":"","overlay-gradient":""},"tablet":{"background-color":"var(--ast-global-color-5)","background-image":"","background-repeat":"repeat","background-position":"center center","background-size":"auto","background-attachment":"scroll","background-type":"","background-media":"","overlay-type":"","overlay-color":"","overlay-opacity":"","overlay-gradient":""},"mobile":{"background-color":"var(--ast-global-color-5)","background-image":"","background-repeat":"repeat","background-position":"center center","background-size":"auto","background-attachment":"scroll","background-type":"","background-media":"","overlay-type":"","overlay-color":"","overlay-opacity":"","overlay-gradient":""}},"wds_primary_product_brand":0,"wds_primary_product_delivery_times":0,"wds_primary_product_sale_labels":0,"wds_primary_product_cat":0},"product_brand":[],"product_cat":[150,199],"product_tag":[],"class_list":{"0":"post-5728","1":"product","2":"type-product","3":"status-publish","4":"has-post-thumbnail","6":"product_cat-alpha-trophox112-fr","7":"product_cat-repair-care-fr","8":"pa_eigenschaften-anti-aging-fr","9":"pa_eigenschaften-feuchtigkeitsspendend-fr","10":"pa_eigenschaften-glaettend-fr","11":"pa_hauttyp-fettige-haut-fr","12":"pa_hauttyp-unreine-haut-fr","13":"pa_hauttyp-reife-haut-fr","14":"pa_hauttyp-mischhaut-fr","15":"pa_hauttyp-normale-haut-fr","16":"pa_hauttyp-pigmentierte-haut-fr","17":"pa_hauttyp-trockene-haut-fr","18":"pa_hauttyp-empfindliche-haut-fr","19":"pa_hauttyp-fuesse-fr","20":"pa_zielgruppe-frau-fr","21":"pa_zielgruppe-mann-fr","22":"pa_zielgruppe-unisex-fr","23":"desktop-align-left","24":"tablet-align-left","25":"mobile-align-left","27":"first","28":"instock","29":"taxable","30":"shipping-taxable","31":"purchasable","32":"product-type-simple"},"wpr_featured_image":["https:\/\/medical-spirit-of-beauty.de\/wp-content\/uploads\/2021\/04\/01514_AlphaTrophoxFootCream_100ml_1221-150x150.png",150,150,true],"_links":{"self":[{"href":"https:\/\/medical-spirit-of-beauty.de\/fr\/wp-json\/wp\/v2\/product\/5728","targetHints":{"allow":["GET"]}}],"collection":[{"href":"https:\/\/medical-spirit-of-beauty.de\/fr\/wp-json\/wp\/v2\/product"}],"about":[{"href":"https:\/\/medical-spirit-of-beauty.de\/fr\/wp-json\/wp\/v2\/types\/product"}],"replies":[{"embeddable":true,"href":"https:\/\/medical-spirit-of-beauty.de\/fr\/wp-json\/wp\/v2\/comments?post=5728"}],"wp:featuredmedia":[{"embeddable":true,"href":"https:\/\/medical-spirit-of-beauty.de\/fr\/wp-json\/wp\/v2\/media\/12242"}],"wp:attachment":[{"href":"https:\/\/medical-spirit-of-beauty.de\/fr\/wp-json\/wp\/v2\/media?parent=5728"}],"wp:term":[{"taxonomy":"product_brand","embeddable":true,"href":"https:\/\/medical-spirit-of-beauty.de\/fr\/wp-json\/wp\/v2\/product_brand?post=5728"},{"taxonomy":"product_cat","embeddable":true,"href":"https:\/\/medical-spirit-of-beauty.de\/fr\/wp-json\/wp\/v2\/product_cat?post=5728"},{"taxonomy":"product_tag","embeddable":true,"href":"https:\/\/medical-spirit-of-beauty.de\/fr\/wp-json\/wp\/v2\/product_tag?post=5728"}],"curies":[{"name":"wp","href":"https:\/\/api.w.org\/{rel}","templated":true}]}}