{"id":14547,"date":"2022-11-14T10:18:05","date_gmt":"2022-11-14T08:18:08","guid":{"rendered":"https:\/\/unruffled-liskov.212-227-213-12.plesk.page\/?post_type=product&#038;p=14547"},"modified":"2023-07-11T16:55:08","modified_gmt":"2023-07-11T14:55:08","slug":"alpha-trophox112cleansing-foam","status":"publish","type":"product","link":"https:\/\/medical-spirit-of-beauty.de\/fr\/produkt\/alpha-trophox112cleansing-foam\/","title":{"rendered":"Alpha-Trophox112<sup>\u00ae<\/sup><br>Cleansing Foam"},"content":{"rendered":"<p><strong>Alpha-Trophox112<sup>\u00ae<\/sup> Cleansing Foam | Mousse nettoyante douce<\/strong><\/p>\n<p>Ce nettoyant pour le visage est la base indispensable pour une peau saine et \u00e9clatante.<br \/>\nIl d\u00e9barrasse la peau du maquillage, du s\u00e9bum et des d\u00e9p\u00f4ts accumul\u00e9s pendant la journ\u00e9e. Une peau nettoy\u00e9e peut \u00ab respirer \u00bb et vaquer pleinement \u00e0 ses fonctions naturelles. Utilis\u00e9 matin et soir, il permet aux produits de soin suivants de d\u00e9ployer tous leurs effets.<\/p>\n<p>Avec la mousse nettoyante Alpha-Trophox112<sup>\u00ae<\/sup> Cleansing Foam, la peau est d\u00e9barrass\u00e9e du maquillage, du s\u00e9bum et des impuret\u00e9s et parfaitement pr\u00e9par\u00e9e pour l&#8217;\u00e9tape de soin suivante.<\/p>\n<p><strong>Effet :<\/strong><\/p>\n<ul>\n<li>Nettoie les pores en profondeur<\/li>\n<li>Hydrate <\/li>\n<li>Rafra\u00eechit et apaise la peau <\/li>\n<li>Am\u00e9liore l&#8217;absorption des substances actives des soins suivants<\/li>\n<li>Renforce la barri\u00e8re cutan\u00e9e<\/li>\n<\/ul>\n<p><strong>Groupe cible :<\/strong><\/p>\n<p>Pour les peaux normales \u00e0 mixtes :<\/p>\n<\/ul>\n<p>Lors de l&#8217;utilisation du produit, les r\u00e9sultats peuvent varier en fonction du type de peau. Des \u00e9carts de r\u00e9sultat peuvent donc exister ou les r\u00e9sultats peuvent varier d&#8217;une personne \u00e0 l&#8217;autre.<\/p>\n","protected":false},"excerpt":{"rendered":"<p>Une mousse nettoyante velout\u00e9e qui d\u00e9barrasse efficacement la peau du maquillage et de la salet\u00e9. <\/p>\n<ul>\n<li>Nettoie les pores en profondeur<\/li>\n<li>Hydrate <\/li>\n<li>Rafra\u00eechit et apaise la peau <\/li>\n<li>Am\u00e9liore l&#8217;absorption des substances actives des soins suivants<\/li>\n<li>Renforce la barri\u00e8re cutan\u00e9e<\/li>\n<\/ul>\n","protected":false},"featured_media":14773,"comment_status":"open","ping_status":"closed","template":"","meta":{"site-sidebar-layout":"default","site-content-layout":"default","ast-site-content-layout":"","site-content-style":"default","site-sidebar-style":"default","ast-global-header-display":"","ast-banner-title-visibility":"","ast-main-header-display":"","ast-hfb-above-header-display":"","ast-hfb-below-header-display":"","ast-hfb-mobile-header-display":"","site-post-title":"","ast-breadcrumbs-content":"","ast-featured-img":"","footer-sml-layout":"","theme-transparent-header-meta":"default","adv-header-id-meta":"","stick-header-meta":"","header-above-stick-meta":"","header-main-stick-meta":"","header-below-stick-meta":"","astra-migrate-meta-layouts":"default","ast-page-background-enabled":"default","ast-page-background-meta":{"desktop":{"background-color":"","background-image":"","background-repeat":"repeat","background-position":"center center","background-size":"auto","background-attachment":"scroll","background-type":"","background-media":"","overlay-type":"","overlay-color":"","overlay-opacity":"","overlay-gradient":""},"tablet":{"background-color":"","background-image":"","background-repeat":"repeat","background-position":"center center","background-size":"auto","background-attachment":"scroll","background-type":"","background-media":"","overlay-type":"","overlay-color":"","overlay-opacity":"","overlay-gradient":""},"mobile":{"background-color":"","background-image":"","background-repeat":"repeat","background-position":"center center","background-size":"auto","background-attachment":"scroll","background-type":"","background-media":"","overlay-type":"","overlay-color":"","overlay-opacity":"","overlay-gradient":""}},"ast-content-background-meta":{"desktop":{"background-color":"var(--ast-global-color-5)","background-image":"","background-repeat":"repeat","background-position":"center center","background-size":"auto","background-attachment":"scroll","background-type":"","background-media":"","overlay-type":"","overlay-color":"","overlay-opacity":"","overlay-gradient":""},"tablet":{"background-color":"var(--ast-global-color-5)","background-image":"","background-repeat":"repeat","background-position":"center center","background-size":"auto","background-attachment":"scroll","background-type":"","background-media":"","overlay-type":"","overlay-color":"","overlay-opacity":"","overlay-gradient":""},"mobile":{"background-color":"var(--ast-global-color-5)","background-image":"","background-repeat":"repeat","background-position":"center center","background-size":"auto","background-attachment":"scroll","background-type":"","background-media":"","overlay-type":"","overlay-color":"","overlay-opacity":"","overlay-gradient":""}},"wds_primary_product_brand":0,"wds_primary_product_delivery_times":0,"wds_primary_product_sale_labels":0,"wds_primary_product_cat":0},"product_brand":[],"product_cat":[150,149],"product_tag":[],"class_list":{"0":"post-14547","1":"product","2":"type-product","3":"status-publish","4":"has-post-thumbnail","6":"product_cat-alpha-trophox112-fr","7":"product_cat-repair-lift-fr","8":"pa_eigenschaften-anti-aging-fr","9":"pa_eigenschaften-feuchtigkeitsspendend-fr","10":"pa_eigenschaften-glaettend-fr","11":"pa_eigenschaften-naehrend-fr","12":"pa_eigenschaften-schuetzend-fr","13":"pa_eigenschaften-festigend-fr","14":"pa_hauttyp-fettige-haut-fr","15":"pa_hauttyp-unreine-haut-fr","16":"pa_hauttyp-reife-haut-fr","17":"pa_hauttyp-mischhaut-fr","18":"pa_hauttyp-normale-haut-fr","19":"pa_hauttyp-pigmentierte-haut-fr","20":"pa_hauttyp-trockene-haut-fr","21":"pa_hauttyp-empfindliche-haut-fr","22":"pa_zielgruppe-frau-fr","23":"pa_zielgruppe-mann-fr","24":"pa_zielgruppe-unisex-fr","25":"desktop-align-left","26":"tablet-align-left","27":"mobile-align-left","29":"first","30":"instock","31":"taxable","32":"shipping-taxable","33":"purchasable","34":"product-type-simple"},"wpr_featured_image":["https:\/\/medical-spirit-of-beauty.de\/wp-content\/uploads\/2022\/11\/01500_Alpha-Trophox_CleansingFoam_FL_1122-150x150.jpg",150,150,true],"_links":{"self":[{"href":"https:\/\/medical-spirit-of-beauty.de\/fr\/wp-json\/wp\/v2\/product\/14547","targetHints":{"allow":["GET"]}}],"collection":[{"href":"https:\/\/medical-spirit-of-beauty.de\/fr\/wp-json\/wp\/v2\/product"}],"about":[{"href":"https:\/\/medical-spirit-of-beauty.de\/fr\/wp-json\/wp\/v2\/types\/product"}],"replies":[{"embeddable":true,"href":"https:\/\/medical-spirit-of-beauty.de\/fr\/wp-json\/wp\/v2\/comments?post=14547"}],"wp:featuredmedia":[{"embeddable":true,"href":"https:\/\/medical-spirit-of-beauty.de\/fr\/wp-json\/wp\/v2\/media\/14773"}],"wp:attachment":[{"href":"https:\/\/medical-spirit-of-beauty.de\/fr\/wp-json\/wp\/v2\/media?parent=14547"}],"wp:term":[{"taxonomy":"product_brand","embeddable":true,"href":"https:\/\/medical-spirit-of-beauty.de\/fr\/wp-json\/wp\/v2\/product_brand?post=14547"},{"taxonomy":"product_cat","embeddable":true,"href":"https:\/\/medical-spirit-of-beauty.de\/fr\/wp-json\/wp\/v2\/product_cat?post=14547"},{"taxonomy":"product_tag","embeddable":true,"href":"https:\/\/medical-spirit-of-beauty.de\/fr\/wp-json\/wp\/v2\/product_tag?post=14547"}],"curies":[{"name":"wp","href":"https:\/\/api.w.org\/{rel}","templated":true}]}}