{"id":11492,"date":"2022-01-10T09:56:00","date_gmt":"2022-01-10T07:56:00","guid":{"rendered":"https:\/\/unruffled-liskov.212-227-213-12.plesk.page\/produkt\/basic-line-set-iii\/"},"modified":"2022-05-06T14:46:43","modified_gmt":"2022-05-06T12:46:43","slug":"basic-line-set-iii","status":"publish","type":"product","link":"https:\/\/medical-spirit-of-beauty.de\/fr\/produkt\/basic-line-set-iii\/","title":{"rendered":"Basic Line Set III"},"content":{"rendered":"<p>Le BASIC LINE SET III a \u00e9t\u00e9 sp\u00e9cialement compos\u00e9 pour les peaux matures et n\u00e9cessitant des soins et leur apporte une nutrition et une hydratation intensives. Les trois produits de soin parfaitement adapt\u00e9s les uns aux autres garantissent une exp\u00e9rience de soin compl\u00e8te et un grain de peau frais et \u00e9clatant avec une profondeur de rides visiblement r\u00e9duite.  <\/p>\n<p><strong>Glyco Peel med<\/strong>, le gel aux acides de fruits tr\u00e8s pur et bien tol\u00e9r\u00e9 par la peau nettoie en profondeur. La peau s&#8217;ouvre et est pr\u00eate \u00e0 recevoir les produits de soin suivants. En m\u00eame temps, l&#8217;effet de ces derniers est encore renforc\u00e9. <\/p>\n<p>Le s\u00e9rum Collagen Extreme hautement actif lisse et raffermit les contours du visage, am\u00e9liore la tonicit\u00e9 et l&#8217;\u00e9lasticit\u00e9 de la peau et stimule la production cutan\u00e9e d&#8217;hyaluron. <\/p>\n<p>La Face Cream velout\u00e9e et intens\u00e9ment nourrissante permet de terminer le rituel de soin tout en renfor\u00e7ant la r\u00e9sistance de la peau. <\/p>\n<p>Lors de l&#8217;utilisation du produit, les r\u00e9sultats peuvent varier en fonction du type de peau. Les r\u00e9sultats peuvent donc varier d&#8217;une personne \u00e0 l&#8217;autre.<\/p>\n","protected":false},"excerpt":{"rendered":"<p>Le BASIC LINE SET III a \u00e9t\u00e9 sp\u00e9cialement compos\u00e9 pour les peaux matures et n\u00e9cessitant des soins et leur apporte une nutrition et une hydratation intensives. Les trois produits de soin parfaitement adapt\u00e9s les uns aux autres garantissent une exp\u00e9rience de soin compl\u00e8te et un grain de peau frais et \u00e9clatant avec une profondeur de rides visiblement r\u00e9duite.<\/p>\n","protected":false},"featured_media":9467,"comment_status":"open","ping_status":"closed","template":"","meta":{"site-sidebar-layout":"default","site-content-layout":"default","ast-site-content-layout":"default","site-content-style":"default","site-sidebar-style":"default","ast-global-header-display":"","ast-banner-title-visibility":"","ast-main-header-display":"","ast-hfb-above-header-display":"","ast-hfb-below-header-display":"","ast-hfb-mobile-header-display":"","site-post-title":"","ast-breadcrumbs-content":"","ast-featured-img":"","footer-sml-layout":"","theme-transparent-header-meta":"default","adv-header-id-meta":"","stick-header-meta":"","header-above-stick-meta":"","header-main-stick-meta":"","header-below-stick-meta":"","astra-migrate-meta-layouts":"default","ast-page-background-enabled":"default","ast-page-background-meta":{"desktop":{"background-color":"","background-image":"","background-repeat":"repeat","background-position":"center center","background-size":"auto","background-attachment":"scroll","background-type":"","background-media":"","overlay-type":"","overlay-color":"","overlay-opacity":"","overlay-gradient":""},"tablet":{"background-color":"","background-image":"","background-repeat":"repeat","background-position":"center center","background-size":"auto","background-attachment":"scroll","background-type":"","background-media":"","overlay-type":"","overlay-color":"","overlay-opacity":"","overlay-gradient":""},"mobile":{"background-color":"","background-image":"","background-repeat":"repeat","background-position":"center center","background-size":"auto","background-attachment":"scroll","background-type":"","background-media":"","overlay-type":"","overlay-color":"","overlay-opacity":"","overlay-gradient":""}},"ast-content-background-meta":{"desktop":{"background-color":"var(--ast-global-color-5)","background-image":"","background-repeat":"repeat","background-position":"center center","background-size":"auto","background-attachment":"scroll","background-type":"","background-media":"","overlay-type":"","overlay-color":"","overlay-opacity":"","overlay-gradient":""},"tablet":{"background-color":"var(--ast-global-color-5)","background-image":"","background-repeat":"repeat","background-position":"center center","background-size":"auto","background-attachment":"scroll","background-type":"","background-media":"","overlay-type":"","overlay-color":"","overlay-opacity":"","overlay-gradient":""},"mobile":{"background-color":"var(--ast-global-color-5)","background-image":"","background-repeat":"repeat","background-position":"center center","background-size":"auto","background-attachment":"scroll","background-type":"","background-media":"","overlay-type":"","overlay-color":"","overlay-opacity":"","overlay-gradient":""}},"wds_primary_product_brand":0,"wds_primary_product_delivery_times":0,"wds_primary_product_sale_labels":0,"wds_primary_product_cat":0},"product_brand":[],"product_cat":[252,262,236,230,311,245,218],"product_tag":[],"class_list":{"0":"post-11492","1":"product","2":"type-product","3":"status-publish","4":"has-post-thumbnail","6":"product_cat-basic-care-fr","7":"product_cat-basis-line-fr","8":"product_cat-final-care-fr","9":"product_cat-final-care-sun-fr","10":"product_cat-sets-fr-4","11":"product_cat-special-care-fr","12":"product_cat-special-care-extra-fr","13":"pa_eigenschaften-feuchtigkeitsspendend-fr","14":"pa_hauttyp-fettige-haut-fr","15":"pa_hauttyp-unreine-haut-fr","16":"pa_hauttyp-reife-haut-fr","17":"pa_hauttyp-mischhaut-fr","18":"pa_hauttyp-normale-haut-fr","19":"pa_hauttyp-pigmentierte-haut-fr","20":"pa_hauttyp-trockene-haut-fr","21":"pa_hauttyp-empfindliche-haut-fr","22":"pa_zielgruppe-teenager-fr","23":"pa_zielgruppe-frau-fr","24":"pa_zielgruppe-mann-fr","25":"pa_zielgruppe-unisex-fr","26":"desktop-align-left","27":"tablet-align-left","28":"mobile-align-left","30":"first","31":"instock","32":"taxable","33":"shipping-taxable","34":"purchasable","35":"product-type-simple"},"wpr_featured_image":["https:\/\/medical-spirit-of-beauty.de\/wp-content\/uploads\/2022\/01\/01210_BasicLine-Set-III_0122-150x150.jpg",150,150,true],"_links":{"self":[{"href":"https:\/\/medical-spirit-of-beauty.de\/fr\/wp-json\/wp\/v2\/product\/11492","targetHints":{"allow":["GET"]}}],"collection":[{"href":"https:\/\/medical-spirit-of-beauty.de\/fr\/wp-json\/wp\/v2\/product"}],"about":[{"href":"https:\/\/medical-spirit-of-beauty.de\/fr\/wp-json\/wp\/v2\/types\/product"}],"replies":[{"embeddable":true,"href":"https:\/\/medical-spirit-of-beauty.de\/fr\/wp-json\/wp\/v2\/comments?post=11492"}],"wp:featuredmedia":[{"embeddable":true,"href":"https:\/\/medical-spirit-of-beauty.de\/fr\/wp-json\/wp\/v2\/media\/9467"}],"wp:attachment":[{"href":"https:\/\/medical-spirit-of-beauty.de\/fr\/wp-json\/wp\/v2\/media?parent=11492"}],"wp:term":[{"taxonomy":"product_brand","embeddable":true,"href":"https:\/\/medical-spirit-of-beauty.de\/fr\/wp-json\/wp\/v2\/product_brand?post=11492"},{"taxonomy":"product_cat","embeddable":true,"href":"https:\/\/medical-spirit-of-beauty.de\/fr\/wp-json\/wp\/v2\/product_cat?post=11492"},{"taxonomy":"product_tag","embeddable":true,"href":"https:\/\/medical-spirit-of-beauty.de\/fr\/wp-json\/wp\/v2\/product_tag?post=11492"}],"curies":[{"name":"wp","href":"https:\/\/api.w.org\/{rel}","templated":true}]}}