{"id":11491,"date":"2022-01-26T15:51:02","date_gmt":"2022-01-26T13:51:02","guid":{"rendered":"https:\/\/unruffled-liskov.212-227-213-12.plesk.page\/produkt\/alpha-trophox112-set\/"},"modified":"2023-07-12T16:54:57","modified_gmt":"2023-07-12T14:54:57","slug":"alpha-trophox112-set","status":"publish","type":"product","link":"https:\/\/medical-spirit-of-beauty.de\/fr\/produkt\/alpha-trophox112-set\/","title":{"rendered":"Alpha-Trophox112<sup>\u00ae<\/sup> Set"},"content":{"rendered":"<p>Le kit anti-\u00e2ge Alpha-Trophox112<sup>\u00ae<\/sup> avec l&#8217;effet Botox pour une peau soign\u00e9e et lisse. Il contient trois produits de soin qui agissent avec succ\u00e8s contre les signes visibles du vieillissement de la peau : <\/p>\n<ul>\n<li>Natural Peel med<\/li>\n<li>Alpha-Trophox112<sup>\u00ae <\/sup> Serum<\/li>\n<li>Alpha-Trophox112<sup>\u00ae <\/sup> Face Cream<\/li>\n<\/ul>\n<p>Natural Peel med, la combinaison d&#8217;acides de fruits naturels, ouvre et nettoie la peau, l&#8217;hydrate et la pr\u00e9pare aux produits de soin du visage suivants.\n<\/p>\n<p>\nLe s\u00e9rum Alpha-Trophox112<sup>\u00ae<\/sup> hautement concentr\u00e9 favorise la r\u00e9g\u00e9n\u00e9ration des tissus et stimule l&#8217;activit\u00e9 cellulaire.\n<\/p>\n<p>\nLa CR\u00c8ME POUR LE VISAGE Alpha-Trophox112<sup>\u00ae<\/sup> favorise la r\u00e9g\u00e9n\u00e9ration naturelle des cellules et r\u00e9duit les rides et ridules. Pour une peau velout\u00e9e, douce et ferme.\n<\/p>\n<p>Lors de l&#8217;utilisation du produit, les r\u00e9sultats peuvent varier en fonction du type de peau. Des \u00e9carts de r\u00e9sultat peuvent donc exister ou les r\u00e9sultats peuvent varier d&#8217;une personne \u00e0 l&#8217;autre.<\/p>\n","protected":false},"excerpt":{"rendered":"<p>L&#8217;anti-\u00e2ge \u00e0 la perfection. Kit de soins hautement efficace pour activer le renouvellement cellulaire et r\u00e9duire la profondeur des rides.<\/p>\n<ul>\n<li>Natural Peel med<\/li>\n<li>Alpha-Trophox112<sup>\u00ae <\/sup> Serum <\/li>\n<li>Alpha-Trophox112<sup>\u00ae <\/sup> Face Cream<\/li>\n<\/ul>\n","protected":false},"featured_media":11243,"comment_status":"open","ping_status":"closed","template":"","meta":{"site-sidebar-layout":"default","site-content-layout":"default","ast-site-content-layout":"default","site-content-style":"default","site-sidebar-style":"default","ast-global-header-display":"","ast-banner-title-visibility":"","ast-main-header-display":"","ast-hfb-above-header-display":"","ast-hfb-below-header-display":"","ast-hfb-mobile-header-display":"","site-post-title":"","ast-breadcrumbs-content":"","ast-featured-img":"","footer-sml-layout":"","theme-transparent-header-meta":"default","adv-header-id-meta":"","stick-header-meta":"","header-above-stick-meta":"","header-main-stick-meta":"","header-below-stick-meta":"","astra-migrate-meta-layouts":"default","ast-page-background-enabled":"default","ast-page-background-meta":{"desktop":{"background-color":"","background-image":"","background-repeat":"repeat","background-position":"center center","background-size":"auto","background-attachment":"scroll","background-type":"","background-media":"","overlay-type":"","overlay-color":"","overlay-opacity":"","overlay-gradient":""},"tablet":{"background-color":"","background-image":"","background-repeat":"repeat","background-position":"center center","background-size":"auto","background-attachment":"scroll","background-type":"","background-media":"","overlay-type":"","overlay-color":"","overlay-opacity":"","overlay-gradient":""},"mobile":{"background-color":"","background-image":"","background-repeat":"repeat","background-position":"center center","background-size":"auto","background-attachment":"scroll","background-type":"","background-media":"","overlay-type":"","overlay-color":"","overlay-opacity":"","overlay-gradient":""}},"ast-content-background-meta":{"desktop":{"background-color":"var(--ast-global-color-5)","background-image":"","background-repeat":"repeat","background-position":"center center","background-size":"auto","background-attachment":"scroll","background-type":"","background-media":"","overlay-type":"","overlay-color":"","overlay-opacity":"","overlay-gradient":""},"tablet":{"background-color":"var(--ast-global-color-5)","background-image":"","background-repeat":"repeat","background-position":"center center","background-size":"auto","background-attachment":"scroll","background-type":"","background-media":"","overlay-type":"","overlay-color":"","overlay-opacity":"","overlay-gradient":""},"mobile":{"background-color":"var(--ast-global-color-5)","background-image":"","background-repeat":"repeat","background-position":"center center","background-size":"auto","background-attachment":"scroll","background-type":"","background-media":"","overlay-type":"","overlay-color":"","overlay-opacity":"","overlay-gradient":""}},"wds_primary_product_brand":0,"wds_primary_product_delivery_times":0,"wds_primary_product_sale_labels":0,"wds_primary_product_cat":0},"product_brand":[],"product_cat":[150,149,310],"product_tag":[],"class_list":{"0":"post-11491","1":"product","2":"type-product","3":"status-publish","4":"has-post-thumbnail","6":"product_cat-alpha-trophox112-fr","7":"product_cat-repair-lift-fr","8":"product_cat-sets-fr-3","9":"pa_eigenschaften-anti-aging-fr","10":"pa_hauttyp-mischhaut-fr","11":"pa_hauttyp-normale-haut-fr","12":"pa_hauttyp-trockene-haut-fr","13":"pa_zielgruppe-frau-fr","14":"pa_zielgruppe-mann-fr","15":"pa_zielgruppe-unisex-fr","16":"desktop-align-left","17":"tablet-align-left","18":"mobile-align-left","20":"first","21":"instock","22":"taxable","23":"shipping-taxable","24":"purchasable","25":"product-type-simple"},"wpr_featured_image":["https:\/\/medical-spirit-of-beauty.de\/wp-content\/uploads\/2022\/01\/01213_Alpha-Trophox112-Set_0122-150x150.png",150,150,true],"_links":{"self":[{"href":"https:\/\/medical-spirit-of-beauty.de\/fr\/wp-json\/wp\/v2\/product\/11491","targetHints":{"allow":["GET"]}}],"collection":[{"href":"https:\/\/medical-spirit-of-beauty.de\/fr\/wp-json\/wp\/v2\/product"}],"about":[{"href":"https:\/\/medical-spirit-of-beauty.de\/fr\/wp-json\/wp\/v2\/types\/product"}],"replies":[{"embeddable":true,"href":"https:\/\/medical-spirit-of-beauty.de\/fr\/wp-json\/wp\/v2\/comments?post=11491"}],"wp:featuredmedia":[{"embeddable":true,"href":"https:\/\/medical-spirit-of-beauty.de\/fr\/wp-json\/wp\/v2\/media\/11243"}],"wp:attachment":[{"href":"https:\/\/medical-spirit-of-beauty.de\/fr\/wp-json\/wp\/v2\/media?parent=11491"}],"wp:term":[{"taxonomy":"product_brand","embeddable":true,"href":"https:\/\/medical-spirit-of-beauty.de\/fr\/wp-json\/wp\/v2\/product_brand?post=11491"},{"taxonomy":"product_cat","embeddable":true,"href":"https:\/\/medical-spirit-of-beauty.de\/fr\/wp-json\/wp\/v2\/product_cat?post=11491"},{"taxonomy":"product_tag","embeddable":true,"href":"https:\/\/medical-spirit-of-beauty.de\/fr\/wp-json\/wp\/v2\/product_tag?post=11491"}],"curies":[{"name":"wp","href":"https:\/\/api.w.org\/{rel}","templated":true}]}}