{"id":176,"date":"2021-03-03T13:32:31","date_gmt":"2021-03-03T13:32:31","guid":{"rendered":"https:\/\/msb.speer-rogal.de\/impressum\/"},"modified":"2022-11-10T13:48:29","modified_gmt":"2022-11-10T11:48:29","slug":"impressum","status":"publish","type":"page","link":"https:\/\/medical-spirit-of-beauty.de\/en\/impressum\/","title":{"rendered":"Impressum"},"content":{"rendered":"\t\t<div data-elementor-type=\"wp-page\" data-elementor-id=\"176\" class=\"elementor elementor-176 elementor-51\" data-elementor-post-type=\"page\">\n\t\t\t\t\t\t<section class=\"elementor-section elementor-top-section elementor-element elementor-element-060f2cf elementor-section-full_width elementor-section-height-default elementor-section-height-default\" data-id=\"060f2cf\" data-element_type=\"section\" data-e-type=\"section\">\n\t\t\t\t\t\t<div class=\"elementor-container elementor-column-gap-default\">\n\t\t\t\t\t<div class=\"elementor-column elementor-col-100 elementor-top-column elementor-element elementor-element-01756af\" data-id=\"01756af\" data-element_type=\"column\" data-e-type=\"column\">\n\t\t\t<div class=\"elementor-widget-wrap elementor-element-populated\">\n\t\t\t\t\t\t\t<\/div>\n\t\t<\/div>\n\t\t\t\t\t<\/div>\n\t\t<\/section>\n\t\t\t\t<section class=\"elementor-section elementor-top-section elementor-element elementor-element-dbed262 elementor-section-boxed elementor-section-height-default elementor-section-height-default\" data-id=\"dbed262\" data-element_type=\"section\" data-e-type=\"section\">\n\t\t\t\t\t\t<div class=\"elementor-container elementor-column-gap-default\">\n\t\t\t\t\t<div class=\"elementor-column elementor-col-100 elementor-top-column elementor-element elementor-element-30ee724\" data-id=\"30ee724\" data-element_type=\"column\" data-e-type=\"column\">\n\t\t\t<div class=\"elementor-widget-wrap elementor-element-populated\">\n\t\t\t\t\t\t<div class=\"elementor-element elementor-element-132661f elementor-widget elementor-widget-heading\" data-id=\"132661f\" data-element_type=\"widget\" data-e-type=\"widget\" data-widget_type=\"heading.default\">\n\t\t\t\t<div class=\"elementor-widget-container\">\n\t\t\t\t\t<h2 class=\"elementor-heading-title elementor-size-default\">Imprint<\/h2>\t\t\t\t<\/div>\n\t\t\t\t<\/div>\n\t\t\t\t<div class=\"elementor-element elementor-element-d6a30fe elementor-widget elementor-widget-text-editor\" data-id=\"d6a30fe\" data-element_type=\"widget\" data-e-type=\"widget\" data-widget_type=\"text-editor.default\">\n\t\t\t\t<div class=\"elementor-widget-container\">\n\t\t\t\t\t\t\t\t\t<p>Skin Care Manufaktur GmbH<br \/>Edelhofweg 8-9<br \/>08301 Aue-Bad Schlema<br \/>Deutschland<\/p>\n\t\t\t\t\t\t\t\t<\/div>\n\t\t\t\t<\/div>\n\t\t\t\t<div class=\"elementor-element elementor-element-77cd8d1 elementor-tablet-align-start elementor-hidden-tablet elementor-icon-list--layout-traditional elementor-list-item-link-full_width elementor-widget elementor-widget-icon-list\" data-id=\"77cd8d1\" data-element_type=\"widget\" data-e-type=\"widget\" data-widget_type=\"icon-list.default\">\n\t\t\t\t<div class=\"elementor-widget-container\">\n\t\t\t\t\t\t\t<ul class=\"elementor-icon-list-items\">\n\t\t\t\t\t\t\t<li class=\"elementor-icon-list-item\">\n\t\t\t\t\t\t\t\t\t\t\t<span class=\"elementor-icon-list-icon\">\n\t\t\t\t\t\t\t<i aria-hidden=\"true\" class=\"fas fa-map-marker-alt\"><\/i>\t\t\t\t\t\t<\/span>\n\t\t\t\t\t\t\t\t\t\t<span class=\"elementor-icon-list-text\">Edelhofweg 8-9<br>  08301Aue-Bad Schlema<\/span>\n\t\t\t\t\t\t\t\t\t<\/li>\n\t\t\t\t\t\t\t\t<li class=\"elementor-icon-list-item\">\n\t\t\t\t\t\t\t\t\t\t\t<span class=\"elementor-icon-list-icon\">\n\t\t\t\t\t\t\t<i aria-hidden=\"true\" class=\"fas fa-phone\"><\/i>\t\t\t\t\t\t<\/span>\n\t\t\t\t\t\t\t\t\t\t<span class=\"elementor-icon-list-text\">Give us a call.<br \/><a href=\"tel:+49 (0)3772 381 235-0\" style=\"color:#414141\"> +49 (0)3772 381 235-0<\/a><\/span>\n\t\t\t\t\t\t\t\t\t<\/li>\n\t\t\t\t\t\t\t\t<li class=\"elementor-icon-list-item\">\n\t\t\t\t\t\t\t\t\t\t\t<span class=\"elementor-icon-list-icon\">\n\t\t\t\t\t\t\t<i aria-hidden=\"true\" class=\"fas fa-envelope\"><\/i>\t\t\t\t\t\t<\/span>\n\t\t\t\t\t\t\t\t\t\t<span class=\"elementor-icon-list-text\">Give us a call.<br><a href=\"mailto:info@skincare-manufaktur.de\" style=\"color: #414141\">info@skincare-manufaktur.de<\/a><\/span>\n\t\t\t\t\t\t\t\t\t<\/li>\n\t\t\t\t\t\t<\/ul>\n\t\t\t\t\t\t<\/div>\n\t\t\t\t<\/div>\n\t\t\t\t<div class=\"elementor-element elementor-element-ae79851 elementor-widget elementor-widget-text-editor\" data-id=\"ae79851\" data-element_type=\"widget\" data-e-type=\"widget\" data-widget_type=\"text-editor.default\">\n\t\t\t\t<div class=\"elementor-widget-container\">\n\t\t\t\t\t\t\t\t\t<p><strong>Registergericht<\/strong>: Amtsgericht Chemnitz<br \/><strong>Registernummer<\/strong>: HRB 27984<br \/><strong>Gesch\u00e4ftsf\u00fchrer<\/strong>: Willi Hermann Watkowiak<br \/><strong>Umsatzsteuer-Identifikationsnummer:<\/strong> gem\u00e4\u00df \u00a7 27 a Umsatzsteuergesetz: DE279416725<\/p>\n\t\t\t\t\t\t\t\t<\/div>\n\t\t\t\t<\/div>\n\t\t\t\t<div class=\"elementor-element elementor-element-ad492af elementor-widget elementor-widget-text-editor\" data-id=\"ad492af\" data-element_type=\"widget\" data-e-type=\"widget\" data-widget_type=\"text-editor.default\">\n\t\t\t\t<div class=\"elementor-widget-container\">\n\t\t\t\t\t\t\t\t\t<p>Plattform der EU-Kommission zur Online-Streitbeilegung: <a href=\"https:\/\/ec.europa.eu\/odr\" target=\"_blank\"><strong>https:\/\/ec.europa.eu\/odr<\/strong><\/a><\/p>\n\t\t\t\t\t\t\t\t<\/div>\n\t\t\t\t<\/div>\n\t\t\t\t<div class=\"elementor-element elementor-element-15cccc2 elementor-widget elementor-widget-text-editor\" data-id=\"15cccc2\" data-element_type=\"widget\" data-e-type=\"widget\" data-widget_type=\"text-editor.default\">\n\t\t\t\t<div class=\"elementor-widget-container\">\n\t\t\t\t\t\t\t\t\t<p>Wir sind zur Teilnahme an einem Streitbeilegungsverfahren vor einer Verbraucherschlichtungsstelle weder verpflichtet noch bereit.<\/p>\n\t\t\t\t\t\t\t\t<\/div>\n\t\t\t\t<\/div>\n\t\t\t\t<div class=\"elementor-element elementor-element-5e366ab elementor-widget elementor-widget-heading\" data-id=\"5e366ab\" data-element_type=\"widget\" data-e-type=\"widget\" data-widget_type=\"heading.default\">\n\t\t\t\t<div class=\"elementor-widget-container\">\n\t\t\t\t\t<h4 class=\"elementor-heading-title elementor-size-medium\">Technische Entwicklung &amp; Realisierung:<\/h4>\t\t\t\t<\/div>\n\t\t\t\t<\/div>\n\t\t\t\t<div class=\"elementor-element elementor-element-8b1c87f elementor-widget elementor-widget-text-editor\" data-id=\"8b1c87f\" data-element_type=\"widget\" data-e-type=\"widget\" data-widget_type=\"text-editor.default\">\n\t\t\t\t<div class=\"elementor-widget-container\">\n\t\t\t\t\t\t\t\t\t<div class=\"vc_row wpb_row vc_row-fluid\">\n<div class=\"wpb_column vc_column_container vc_col-sm-12\">\n<div class=\"vc_column-inner\">\n<div class=\"wpb_wrapper\">\n<div class=\"wpb_text_column wpb_content_element vc_custom_1620722185681\">\n<div class=\"wpb_wrapper\">\n<h4><img decoding=\"async\" class=\"alignnone wp-image-7486 lazyloaded\" style=\"font-size: 16px; font-style: inherit; font-weight: inherit;\" src=\"https:\/\/smsh-731113-juc1ugur1qwqqqo4.stackpathdns.com\/2305842\/wp-content\/uploads\/2021\/05\/logo_text_sm2.png?lossy=1&amp;strip=1&amp;webp=1\" sizes=\"(max-width: 280px) 100vw, 280px\" srcset=\"https:\/\/smsh-731113-juc1ugur1qwqqqo4.stackpathdns.com\/2305842\/wp-content\/uploads\/2021\/05\/logo_text_sm2.png?size=220x60&amp;lossy=1&amp;strip=1&amp;webp=1 220w, https:\/\/smsh-731113-juc1ugur1qwqqqo4.stackpathdns.com\/2305842\/wp-content\/uploads\/2021\/05\/logo_text_sm2.png?lossy=1&amp;strip=1&amp;webp=1 280w\" alt=\"\" width=\"192\" height=\"52\" data-srcset=\"https:\/\/smsh-731113-juc1ugur1qwqqqo4.stackpathdns.com\/2305842\/wp-content\/uploads\/2021\/05\/logo_text_sm2.png?size=220x60&amp;lossy=1&amp;strip=1&amp;webp=1 220w, https:\/\/smsh-731113-juc1ugur1qwqqqo4.stackpathdns.com\/2305842\/wp-content\/uploads\/2021\/05\/logo_text_sm2.png?lossy=1&amp;strip=1&amp;webp=1 280w\" data-src=\"https:\/\/smsh-731113-juc1ugur1qwqqqo4.stackpathdns.com\/2305842\/wp-content\/uploads\/2021\/05\/logo_text_sm2.png?lossy=1&amp;strip=1&amp;webp=1\" data-sizes=\"(max-width: 280px) 100vw, 280px\" \/><\/h4>\n<\/div>\n<\/div>\n<\/div>\n<\/div>\n<\/div>\n<\/div>\n<div class=\"vc_row wpb_row vc_row-fluid\">\n<div class=\"wpb_column vc_column_container vc_col-sm-12\">\n<div class=\"vc_column-inner\">\n<div class=\"wpb_wrapper\">\n<div class=\"wpb_text_column wpb_content_element \">\n<div class=\"wpb_wrapper\">\n<p><a href=\"https:\/\/www.devbite.de\/\" target=\"_blank\" rel=\"noopener\">devbite Onlineshops, Websites &amp; Apps aus Dresden<\/a><\/p>\n<\/div>\n<\/div>\n<\/div>\n<\/div>\n<\/div>\n<\/div>\n\t\t\t\t\t\t\t\t<\/div>\n\t\t\t\t<\/div>\n\t\t\t\t\t<\/div>\n\t\t<\/div>\n\t\t\t\t\t<\/div>\n\t\t<\/section>\n\t\t\t\t<\/div>\n\t\t","protected":false},"excerpt":{"rendered":"<p>Imprint Skin Care Manufaktur GmbHEdelhofweg 8-908301 Aue-Bad SchlemaDeutschland Edelhofweg 8-9 08301Aue-Bad Schlema Give us a call. +49 (0)3772 381 235-0 Give us a call.info@skincare-manufaktur.de Registergericht: Amtsgericht ChemnitzRegisternummer: HRB 27984Gesch\u00e4ftsf\u00fchrer: Willi Hermann WatkowiakUmsatzsteuer-Identifikationsnummer: gem\u00e4\u00df \u00a7 27 a Umsatzsteuergesetz: DE279416725 Plattform der EU-Kommission zur Online-Streitbeilegung: https:\/\/ec.europa.eu\/odr Wir sind zur Teilnahme an einem Streitbeilegungsverfahren vor einer Verbraucherschlichtungsstelle weder [&hellip;]<\/p>\n","protected":false},"author":4,"featured_media":0,"parent":0,"menu_order":0,"comment_status":"closed","ping_status":"closed","template":"elementor_header_footer","meta":{"site-sidebar-layout":"no-sidebar","site-content-layout":"page-builder","ast-site-content-layout":"","site-content-style":"default","site-sidebar-style":"default","ast-global-header-display":"","ast-banner-title-visibility":"","ast-main-header-display":"","ast-hfb-above-header-display":"","ast-hfb-below-header-display":"","ast-hfb-mobile-header-display":"","site-post-title":"disabled","ast-breadcrumbs-content":"","ast-featured-img":"disabled","footer-sml-layout":"","theme-transparent-header-meta":"default","adv-header-id-meta":"","stick-header-meta":"","header-above-stick-meta":"","header-main-stick-meta":"","header-below-stick-meta":"","astra-migrate-meta-layouts":"default","ast-page-background-enabled":"default","ast-page-background-meta":{"desktop":{"background-color":"","background-image":"","background-repeat":"repeat","background-position":"center center","background-size":"auto","background-attachment":"scroll","background-type":"","background-media":"","overlay-type":"","overlay-color":"","overlay-opacity":"","overlay-gradient":""},"tablet":{"background-color":"","background-image":"","background-repeat":"repeat","background-position":"center center","background-size":"auto","background-attachment":"scroll","background-type":"","background-media":"","overlay-type":"","overlay-color":"","overlay-opacity":"","overlay-gradient":""},"mobile":{"background-color":"","background-image":"","background-repeat":"repeat","background-position":"center center","background-size":"auto","background-attachment":"scroll","background-type":"","background-media":"","overlay-type":"","overlay-color":"","overlay-opacity":"","overlay-gradient":""}},"ast-content-background-meta":{"desktop":{"background-color":"var(--ast-global-color-5)","background-image":"","background-repeat":"repeat","background-position":"center center","background-size":"auto","background-attachment":"scroll","background-type":"","background-media":"","overlay-type":"","overlay-color":"","overlay-opacity":"","overlay-gradient":""},"tablet":{"background-color":"var(--ast-global-color-5)","background-image":"","background-repeat":"repeat","background-position":"center center","background-size":"auto","background-attachment":"scroll","background-type":"","background-media":"","overlay-type":"","overlay-color":"","overlay-opacity":"","overlay-gradient":""},"mobile":{"background-color":"var(--ast-global-color-5)","background-image":"","background-repeat":"repeat","background-position":"center center","background-size":"auto","background-attachment":"scroll","background-type":"","background-media":"","overlay-type":"","overlay-color":"","overlay-opacity":"","overlay-gradient":""}},"footnotes":""},"class_list":["post-176","page","type-page","status-publish","hentry"],"_links":{"self":[{"href":"https:\/\/medical-spirit-of-beauty.de\/en\/wp-json\/wp\/v2\/pages\/176","targetHints":{"allow":["GET"]}}],"collection":[{"href":"https:\/\/medical-spirit-of-beauty.de\/en\/wp-json\/wp\/v2\/pages"}],"about":[{"href":"https:\/\/medical-spirit-of-beauty.de\/en\/wp-json\/wp\/v2\/types\/page"}],"author":[{"embeddable":true,"href":"https:\/\/medical-spirit-of-beauty.de\/en\/wp-json\/wp\/v2\/users\/4"}],"replies":[{"embeddable":true,"href":"https:\/\/medical-spirit-of-beauty.de\/en\/wp-json\/wp\/v2\/comments?post=176"}],"version-history":[{"count":101,"href":"https:\/\/medical-spirit-of-beauty.de\/en\/wp-json\/wp\/v2\/pages\/176\/revisions"}],"predecessor-version":[{"id":14463,"href":"https:\/\/medical-spirit-of-beauty.de\/en\/wp-json\/wp\/v2\/pages\/176\/revisions\/14463"}],"wp:attachment":[{"href":"https:\/\/medical-spirit-of-beauty.de\/en\/wp-json\/wp\/v2\/media?parent=176"}],"curies":[{"name":"wp","href":"https:\/\/api.w.org\/{rel}","templated":true}]}}